{"id":1133,"date":"2017-08-23T18:10:15","date_gmt":"2017-08-23T18:10:15","guid":{"rendered":"https:\/\/www.borbolycsaba.ro\/en\/?page_id=1133"},"modified":"2018-04-17T07:41:52","modified_gmt":"2018-04-17T07:41:52","slug":"promoting-coexistence-with-conflict-species-within-the-framework-of-the-eu-nature-directives","status":"publish","type":"page","link":"https:\/\/www.borbolycsaba.ro\/en\/promoting-coexistence-with-conflict-species-within-the-framework-of-the-eu-nature-directives\/","title":{"rendered":"Promoting coexistence with conflict species within the framework of the EU Nature Directives"},"content":{"rendered":"<p lang=\"zxx\"><strong><span style=\"font-family: Calibri, sans-serif;\"><span style=\"font-size: medium;\">The opinion of the Committee of the Regions will be elaborated in Harghita county<\/span><\/span><\/strong><\/p>\n<p lang=\"zxx\" align=\"justify\"><b><span style=\"color: #000000;\"><span style=\"font-family: Calibri, sans-serif;\"><span style=\"font-size: medium;\"><a href=\"https:\/\/www.borbolycsaba.ro\/en\/wp-content\/uploads\/2017\/08\/19665611_1319165094804363_5353898870987798543_n.jpg\"><img loading=\"lazy\" decoding=\"async\" class=\"alignnone wp-image-1137 size-full\" src=\"https:\/\/www.borbolycsaba.ro\/en\/wp-content\/uploads\/2017\/08\/19665611_1319165094804363_5353898870987798543_n.jpg\" alt=\"19665611_1319165094804363_5353898870987798543_n\" width=\"960\" height=\"960\" srcset=\"https:\/\/www.borbolycsaba.ro\/en\/wp-content\/uploads\/2017\/08\/19665611_1319165094804363_5353898870987798543_n.jpg 960w, https:\/\/www.borbolycsaba.ro\/en\/wp-content\/uploads\/2017\/08\/19665611_1319165094804363_5353898870987798543_n-150x150.jpg 150w, https:\/\/www.borbolycsaba.ro\/en\/wp-content\/uploads\/2017\/08\/19665611_1319165094804363_5353898870987798543_n-300x300.jpg 300w, https:\/\/www.borbolycsaba.ro\/en\/wp-content\/uploads\/2017\/08\/19665611_1319165094804363_5353898870987798543_n-768x768.jpg 768w\" sizes=\"(max-width: 960px) 100vw, 960px\" \/><\/a><\/span><\/span><\/span><\/b><\/p>\n<p lang=\"zxx\" align=\"justify\"><b><span style=\"color: #000000;\"><span style=\"font-family: Calibri, sans-serif;\"><span style=\"font-size: medium;\">The opinion of the Committee of the Regions on promoting coexistence with conflict species will be prepared by Borboly Csaba\u00a0(CIM)<br \/>\n<\/span><\/span><\/span><\/b><\/p>\n<p lang=\"zxx\" align=\"justify\"><span style=\"color: #000000;\"><span style=\"font-family: Calibri, sans-serif;\"><span style=\"font-size: medium;\">Borboly Csaba has proposed the elaboration of an opinion on promoting coexistence with conflict species (e.g. brown bear), which will analyze human-wildlife conflicts within the framework of EU Nature Directives. The\u00a0<\/span><\/span><\/span><span style=\"color: #000000;\"><span style=\"font-family: Calibri, sans-serif;\"><span style=\"font-size: medium;\">proposal\u00a0<\/span><\/span><\/span><span style=\"color: #000000;\"><span style=\"font-family: Calibri, sans-serif;\"><span style=\"font-size: medium;\">was\u00a0<\/span><\/span><\/span><span style=\"color: #000000;\"><span style=\"font-family: Calibri, sans-serif;\"><span style=\"font-size: medium;\">accepted by\u00a0<\/span><\/span><\/span><span style=\"color: #000000;\"><span style=\"font-family: Calibri, sans-serif;\"><span style=\"font-size: medium;\">unanimous vot<\/span><\/span><\/span><span style=\"color: #000000;\"><span style=\"font-family: Calibri, sans-serif;\"><span style=\"font-size: medium;\">e<\/span><\/span><\/span><span style=\"color: #000000;\"><span style=\"font-family: Calibri, sans-serif;\"><span style=\"font-size: medium;\">\u00a0by the Commission for the Environment, Climate Change and Energy (ENVE) of the Committee in Talin at 4th of July.<\/span><\/span><\/span><\/p>\n<p lang=\"zxx\" align=\"justify\"><span style=\"color: #000000;\"><span style=\"font-family: Calibri, sans-serif;\"><span style=\"font-size: medium;\">Regarding the EU's Action Plan for Nature, People and the Economy one of the actions under the \"political ownership and compliance\" priority area touches upon the challenges arising from the conservation of species and habitats and socio-economic activities, including in particular human-wildlife conflicts. The CoR's opinin will give a special focus to the human-wildlife conflict management at local and regional level that ensures the conservation of endangered species and their habitats and the protection of human life and economic activities.<\/span><\/span><\/span><\/p>\n<p lang=\"zxx\" align=\"justify\"><span style=\"color: #000000;\"><span style=\"font-family: Calibri, sans-serif;\"><span style=\"font-size: medium;\">For more information about this topic, see the European Commission's website (<a class=\"m_8957157288835522760moz-txt-link-freetext\" href=\"http:\/\/ec.europa.eu\/environment\/nature\/legislation\/habitatsdirective\/index_en.htm\" target=\"_blank\" data-saferedirecturl=\"https:\/\/www.google.com\/url?hl=hu&amp;q=http:\/\/ec.europa.eu\/environment\/nature\/legislation\/habitatsdirective\/index_en.htm&amp;source=gmail&amp;ust=1503595349393000&amp;usg=AFQjCNFPli2K81QuYw2Ie4QG_BSGTPqaiA\">http:\/\/ec.europa.eu\/<wbr \/>environment\/nature\/<wbr \/>legislation\/habitatsdirective\/<wbr \/>index_en.htm<\/a>).<\/span><\/span><\/span><\/p>\n<p lang=\"zxx\" align=\"justify\"><strong><span style=\"color: #000000;\"><span style=\"font-family: Calibri, sans-serif;\"><span style=\"font-size: medium;\">Documents related to the topic:<\/span><\/span><\/span><\/strong><\/p>\n<p><a href=\"https:\/\/www.borbolycsaba.ro\/en\/wp-content\/uploads\/2017\/09\/CoR-18-9-2017-Commission-statement.doc\">Statement of the\u00a0<span class=\"il\">European<\/span>\u00a0<span class=\"il\">Commission<\/span>\u00a0DG Environment on the opinion on\u00a0<i>\"Promoting coexistence with conflict species within the framework of the EU Nature Directives\"<\/i><\/a><\/p>\n<p lang=\"zxx\" align=\"justify\"><span style=\"font-family: Calibri, sans-serif;\"><span style=\"font-size: medium;\"><a href=\"https:\/\/www.borbolycsaba.ro\/wp-content\/uploads\/2017\/09\/Final-report-CoR-EIR-study-20.09.20.pdf\">Milieu's report (2016).\u00a0<i>Effective multi-level environmental governance for a better implementation of EU environment legislation<\/i><\/a><\/span><\/span><\/p>\n<p><a href=\"https:\/\/www.borbolycsaba.ro\/en\/wp-content\/uploads\/2017\/08\/Csaba-BORBOLY_Proposal-for-an-own-initiative-opinion-2.pdf\"><span style=\"color: #660000;\"><span style=\"font-family: Calibri, sans-serif;\"><span style=\"font-size: medium;\">Promoting coexistence with conflict species within the framework of the EU Nature Directives<\/span><\/span><\/span><\/a><\/p>\n<p lang=\"zxx\" align=\"justify\"><span style=\"color: #000000;\"><span style=\"font-family: Calibri, sans-serif;\"><span style=\"font-size: medium;\"><a href=\"https:\/\/www.borbolycsaba.ro\/en\/wp-content\/uploads\/2017\/08\/EU-Action-Plan-for-nature-people-and-the-economics_EN-1.pdf\">The Communication of the Commission on the EU's Action Plan for Nature, People and the Economy<\/a>\u00a0<\/span><\/span><\/span><\/p>\n<p lang=\"zxx\" align=\"justify\"><span style=\"color: #000000;\"><span style=\"font-family: Calibri, sans-serif;\"><span style=\"font-size: medium;\"><a href=\"https:\/\/www.borbolycsaba.ro\/en\/wp-content\/uploads\/2017\/08\/HABITATS.pdf\">Council Directive 92\/43\/EEC of 21 May 1992 on the conservation of natural habitats and of wild fauna and flora<\/a>\u00a0<\/span><\/span><\/span><\/p>\n<p lang=\"zxx\" align=\"justify\"><a href=\"https:\/\/www.borbolycsaba.ro\/en\/wp-content\/uploads\/2017\/08\/anzf52-243-Game-management-1.pdf\"><span style=\"color: #000000;\"><span style=\"font-family: Calibri, sans-serif;\"><span style=\"font-size: medium;\">J\u00f3zsef Lanszki - Anita Kurys - Mikl\u00f3s Heltai - S\u00e1ndor Cs\u00e1nyi - Korn\u00e9l \u00c1cs 2015.\u00a0<\/span><\/span><\/span><span style=\"color: #000000;\"><span style=\"font-family: Calibri, sans-serif;\"><span style=\"font-size: medium;\"><i>Diet composition of the golden jackal in an area of<\/i><\/span><\/span><\/span><span style=\"color: #000000;\"><span style=\"font-family: Calibri, sans-serif;\"><span style=\"font-size: medium;\"><i>intensive big game management,\u00a0<\/i><\/span><\/span><\/span><span style=\"color: #000000;\"><span style=\"font-family: Calibri, sans-serif;\"><span style=\"font-size: medium;\">\u2014\u00a0<\/span><\/span><\/span><span style=\"color: #000000;\"><span style=\"font-family: Calibri, sans-serif;\"><span style=\"font-size: medium;\"><i>Ann. Zool. Fennici\u00a0<\/i><\/span><\/span><\/span><span style=\"color: #000000;\"><span style=\"font-family: Calibri, sans-serif;\"><span style=\"font-size: medium;\">52: 243\u2013255.<\/span><\/span><\/span><\/a><\/p>\n<p lang=\"zxx\" align=\"justify\"><b><span style=\"color: #000000;\"><span style=\"font-family: Calibri, sans-serif;\"><span style=\"font-size: medium;\">Agenda<\/span><\/span><\/span><\/b><span style=\"color: #000000;\"><span style=\"font-family: Calibri, sans-serif;\"><span style=\"font-size: medium;\">- elaboration process:<\/span><\/span><\/span><b><span style=\"color: #000000;\"><span style=\"font-family: Calibri, sans-serif;\"><span style=\"font-size: medium;\"><br \/>\n<\/span><\/span><\/span><\/b><\/p>\n<p lang=\"zxx\" align=\"justify\"><span style=\"color: #000000;\"><span style=\"font-family: Calibri, sans-serif;\"><span style=\"font-size: medium;\"><i>1. Consultation with local stakeholders<\/i><\/span><\/span><\/span><\/p>\n<p lang=\"zxx\" align=\"justify\"><span style=\"color: #000000;\"><span style=\"font-family: Calibri, sans-serif;\"><span style=\"font-size: medium;\">- 14th of July 2017: Consultation with hunting organisations, game management authorities and representatives of local authorities, Miercurea Ciuc<\/span><\/span><\/span><\/p>\n<p lang=\"zxx\" align=\"justify\"><span style=\"color: #000000;\"><span style=\"font-family: Calibri, sans-serif;\"><span style=\"font-size: medium;\">- 11th of\u00a0 August 2017: Consultation with environmental organisations, Miercurea Ciuc<\/span><\/span><\/span><\/p>\n<p lang=\"zxx\" align=\"justify\"><span style=\"color: #000000;\"><span style=\"font-family: Calibri, sans-serif;\"><span style=\"font-size: medium;\"><i>2. Consultations with the European Commission<br \/>\n<\/i><\/span><\/span><\/span><\/p>\n<p lang=\"zxx\" align=\"justify\"><span style=\"color: #000000;\"><span style=\"font-family: Calibri, sans-serif;\"><span style=\"font-size: medium;\">- September 2017: Consultation with the representatives of the EC's Environment Directorate General<i><br \/>\n<\/i><\/span><\/span><\/span><\/p>\n<p lang=\"zxx\" align=\"justify\">3. First discussion of the working document in ENVE Commission: 18th of September 2017<br \/>\nWorking document: <a href=\"https:\/\/www.borbolycsaba.ro\/en\/wp-content\/uploads\/2017\/08\/BCS_COR-2017-03545-00-01-DT-TRA-EN-working-doc.pdf\">Promoting coexistence with conflict species within the framework of the EU Nature Directives<\/a><\/p>\n<p>4. Discussion and adoption in ENVE Commission: 19th of November 2015<br \/>\nThe draft opinion: <a href=\"https:\/\/www.borbolycsaba.ro\/en\/wp-content\/uploads\/2017\/12\/COR-2017-03545-00-00-PAC-TRA-EN.docx\">Promoting coexistence with conflict species within the framework of the EU Nature Directives<\/a><br \/>\nAmendments of the ENVE commission members<br \/>\nRapporteur\u2019s standpoint of the amendments<br \/>\nRapporteur\u2019s amendments<br \/>\nSummary of decisions from the ENVE commission meeting<\/p>\n<p><a href=\"https:\/\/www.borbolycsaba.ro\/en\/wp-content\/uploads\/2018\/04\/ENVE_COR-2017-03545-00-00-AC-TRA-EN-2.docx\"><span style=\"color: #0000ff;\"><b>OPINION: Promoting coexistence with conflict species within the framework of the EU\u00a0Nature Directives<\/b><\/span><\/a><\/p>\n<p><strong>Documents:<\/strong><\/p>\n<p><span lang=\"EN-GB\"><a href=\"https:\/\/www.borbolycsaba.ro\/en\/wp-content\/uploads\/2017\/08\/Felony-or-act-of-justice-Illegal-killing-of-large-carnivores-as-defiance-of-authorities.pdf\">Pohja-Mykr\u00e4 M. (2016)\u00a0<i>Felony or act of justice? - Illegal killing of large carnivores as defiance of authorities<\/i>, Journal of Rural Studies, Vol 44: 46-54, doi:10.1016\/j.jrurstud.2016.<wbr \/>01.003.<\/a><br \/>\n<\/span><br \/>\n<a href=\"https:\/\/www.borbolycsaba.ro\/en\/wp-content\/uploads\/2017\/08\/Strong-community-support-for-illegal-killing-challenges-wolf-management.pdf\"><span lang=\"EN-GB\"><span lang=\"EN-GB\">Pohja-Mykr\u00e4 M. - Kurki S. (2014)\u00a0<i>Strong Community Support for Illegal Killings Challenges Wolf Management<\/i>. European Journal for Wildlife Research, 60(5): 759-770. doi: 10.1007\/s10344-014-0845-9<br \/>\n<\/span><\/span><\/a><br \/>\n<span lang=\"EN-GB\"><span lang=\"EN-GB\"><a href=\"https:\/\/www.borbolycsaba.ro\/en\/wp-content\/uploads\/2017\/08\/Community-power-over-conservation-regimes.pdf\"><span lang=\"EN-GB\">Pohja-Mykr\u00e4 M. (2017)\u00a0<i>Community power over conservation regimes: Techniques of neutralizing illegal killing of large carnivores in Finland<\/i>, Crime Law and Social Change,\u00a0<\/span><span lang=\"EN-US\">67: 439\u2013460, DOI 10.1007\/s10611-016-9666-y<\/span><\/a><span lang=\"EN-GB\">.<br \/>\n<\/span><\/span><\/span><br \/>\n<a href=\"https:\/\/www.borbolycsaba.ro\/en\/wp-content\/uploads\/2017\/08\/Evaluation-of-the-Finnish-national-policy-on-large-carnivores.pdf\"><span lang=\"EN-GB\"><span lang=\"EN-GB\"><span lang=\"EN-GB\"><span lang=\"EN-US\">Pohja-Mykr\u00e4 M. - Kurki S. (2014.)\u00a0<i>Evaluation of the Finnish national policy on large carnivores<\/i>, Reports 135. Ruralia Institute, University of Helsinki.<br \/>\n<\/span><\/span><\/span><\/span><\/a><br \/>\n<a href=\"https:\/\/www.borbolycsaba.ro\/en\/wp-content\/uploads\/2017\/08\/I-feel-it-is-mine.pdf\"><span lang=\"EN-GB\"><span lang=\"EN-GB\"><span lang=\"EN-GB\"><span lang=\"EN-US\"><span lang=\"EN-GB\">Matilainen A. - Pohja-Mykr\u00e4 M. - L\u00e4hdesm\u00e4ki M. - Kurki S. (2017)\u00a0<i>I feel it is mine! - Psychological ownership in relation to natural resources<\/i>, Journal of Environmental Psychology, 51:31-45,<\/span><\/span><\/span><\/span><\/span><\/a><\/p>\n","protected":false},"excerpt":{"rendered":"<p>The opinion of the Committee of the Regions will be elaborated in Harghita county The opinion of the Committee of the Regions on promoting coexistence with conflict species will be prepared by Borboly Csaba\u00a0(CIM) Borboly Csaba has proposed the elaboration of an opinion on promoting coexistence with conflict species (e.g. brown bear), which will analyze human-wildlife conflicts within the framework of EU Nature Directives. The\u00a0proposal\u00a0was\u00a0accepted by\u00a0unanimous vote\u00a0by the Commission for the Environment, Climate Change and Energy (ENVE) of the Committee in Talin at 4th of July. Regarding the EU&#8217;s Action Plan for Nature, People and the Economy one of the actions under the &#8220;political ownership and compliance&#8221; priority area touches [&hellip;]<\/p>\n","protected":false},"author":3,"featured_media":0,"parent":0,"menu_order":0,"comment_status":"closed","ping_status":"closed","template":"","meta":{"_bbp_topic_count":0,"_bbp_reply_count":0,"_bbp_total_topic_count":0,"_bbp_total_reply_count":0,"_bbp_voice_count":0,"_bbp_anonymous_reply_count":0,"_bbp_topic_count_hidden":0,"_bbp_reply_count_hidden":0,"_bbp_forum_subforum_count":0,"footnotes":""},"_links":{"self":[{"href":"https:\/\/www.borbolycsaba.ro\/en\/wp-json\/wp\/v2\/pages\/1133"}],"collection":[{"href":"https:\/\/www.borbolycsaba.ro\/en\/wp-json\/wp\/v2\/pages"}],"about":[{"href":"https:\/\/www.borbolycsaba.ro\/en\/wp-json\/wp\/v2\/types\/page"}],"author":[{"embeddable":true,"href":"https:\/\/www.borbolycsaba.ro\/en\/wp-json\/wp\/v2\/users\/3"}],"replies":[{"embeddable":true,"href":"https:\/\/www.borbolycsaba.ro\/en\/wp-json\/wp\/v2\/comments?post=1133"}],"version-history":[{"count":22,"href":"https:\/\/www.borbolycsaba.ro\/en\/wp-json\/wp\/v2\/pages\/1133\/revisions"}],"predecessor-version":[{"id":1234,"href":"https:\/\/www.borbolycsaba.ro\/en\/wp-json\/wp\/v2\/pages\/1133\/revisions\/1234"}],"wp:attachment":[{"href":"https:\/\/www.borbolycsaba.ro\/en\/wp-json\/wp\/v2\/media?parent=1133"}],"curies":[{"name":"wp","href":"https:\/\/api.w.org\/{rel}","templated":true}]}}