{"id":26,"date":"2013-04-25T11:58:50","date_gmt":"2013-04-25T11:58:50","guid":{"rendered":"http:\/\/www.borbolycsaba.ro\/en\/?page_id=26"},"modified":"2015-06-18T08:49:12","modified_gmt":"2015-06-18T08:49:12","slug":"home","status":"publish","type":"page","link":"https:\/\/www.borbolycsaba.ro\/en\/","title":{"rendered":"Home"},"content":{"rendered":"<p style=\"text-align: justify;\">Dear All,<\/p>\n<p style=\"text-align: justify;\">I am pleased to welcome you on my website. My name is Csaba Borboly, I am the president of the Harghita County Council in Romania. My current mandate started in 2012 and will last until 2016.<\/p>\n<p style=\"text-align: justify;\"><strong>Studies<\/strong>:<\/p>\n<p style=\"text-align: justify;\">I was born on the 8th of August in 1974, in Gyergy\u00f3teker\u0151patak (Valea Str\u00e2mb\u0103). After spending my childhood in Gyergy\u00f3csomafalva (Ciumani), I graduated from the IT class of M\u00e1rton \u00c1ron High School, Cs\u00edkszereda (Miercurea Ciuc) in 1992. Afterwards I joined the Sz\u00e1zadv\u00e9g Political School in Budapest, Hungary, attending political management classes in 1992-1993, before starting my studies at the E\u00f6tv\u00f6s Lor\u00e1nd University between 1993-1999 attending political science at the Faculty of Law. In 2001 I nationalized my degree in Romania, in the specialty of\u00a0public administration.<\/p>\n<p style=\"text-align: justify;\"><strong>Work experience<\/strong>:<\/p>\n<p style=\"text-align: justify;\">Since 2001, I\u2019m member of the Hungarian Political Science Association. Between 2002-2003 I won a scholarship in a joint program of the Regional Research Center funded by the Hungarian Academy of Sciences and the \u201c\u00daj K\u00e9zfog\u00e1s\u201d Foundation. Between 1997-2000 I was the president of the Research for Youth and Training Foundation, and between 2001-2004 I was the managing director of the AGRAS Insurance and Reinsurance Company, member of the Wiener Stadtische Group.<\/p>\n<p style=\"text-align: justify;\"><strong>Political activity<\/strong>:<\/p>\n<p style=\"text-align: justify;\">Since my graduation from high school I have been actively working within several non-governmental and youth organizations.<\/p>\n<p style=\"text-align: justify;\">I joined the Democratic Alliance of Hungarians in Romania (DAHR) department of Cs\u00edk region in 1994. I was the president of the Youth Council of Cs\u00edk Region from 1999 to 2004, and vice president between 2004-2008.<\/p>\n<p style=\"text-align: justify;\">I'm also an active member of \u00a0Harghita County Council\u00a0from the year 2000, where i served as a county councillor from 2000 to 2004. I became vice president in 2004 and held that position until 2008, when i became president.<\/p>\n<p style=\"text-align: justify;\">\u00a0At the same time I am also\u00a0the president of the National Council of Self-Governments of DAHR.<\/p>\n<p style=\"text-align: justify;\"><strong>Personal life<\/strong>:<\/p>\n<p style=\"text-align: justify;\">I currently live in Cs\u00edkszereda. I have been married since 1998. My wife is Melinda, she is a lawyer and we have two wonderful daughters, Eszter and Anna, born in 2008 and 2010.<\/p>\n<p style=\"text-align: justify;\">I like spending my free time with my family, walking in the countryside, cooking, reading, skiing, cycling or horse riding.<\/p>\n","protected":false},"excerpt":{"rendered":"<p>Dear All, I am pleased to welcome you on my website. My name is Csaba Borboly, I am the president of the Harghita County Council in Romania. My current mandate started in 2012 and will last until 2016. Studies: I was born on the 8th of August in 1974, in Gyergy\u00f3teker\u0151patak (Valea Str\u00e2mb\u0103). After spending my childhood in Gyergy\u00f3csomafalva (Ciumani), I graduated from the IT class of M\u00e1rton \u00c1ron High School, Cs\u00edkszereda (Miercurea Ciuc) in 1992. Afterwards I joined the Sz\u00e1zadv\u00e9g Political School in Budapest, Hungary, attending political management classes in 1992-1993, before starting my studies at the E\u00f6tv\u00f6s Lor\u00e1nd University between 1993-1999 attending political science at the Faculty of [&hellip;]<\/p>\n","protected":false},"author":6,"featured_media":0,"parent":0,"menu_order":0,"comment_status":"open","ping_status":"closed","template":"","meta":{"_bbp_topic_count":0,"_bbp_reply_count":0,"_bbp_total_topic_count":0,"_bbp_total_reply_count":0,"_bbp_voice_count":0,"_bbp_anonymous_reply_count":0,"_bbp_topic_count_hidden":0,"_bbp_reply_count_hidden":0,"_bbp_forum_subforum_count":0,"footnotes":""},"_links":{"self":[{"href":"https:\/\/www.borbolycsaba.ro\/en\/wp-json\/wp\/v2\/pages\/26"}],"collection":[{"href":"https:\/\/www.borbolycsaba.ro\/en\/wp-json\/wp\/v2\/pages"}],"about":[{"href":"https:\/\/www.borbolycsaba.ro\/en\/wp-json\/wp\/v2\/types\/page"}],"author":[{"embeddable":true,"href":"https:\/\/www.borbolycsaba.ro\/en\/wp-json\/wp\/v2\/users\/6"}],"replies":[{"embeddable":true,"href":"https:\/\/www.borbolycsaba.ro\/en\/wp-json\/wp\/v2\/comments?post=26"}],"version-history":[{"count":14,"href":"https:\/\/www.borbolycsaba.ro\/en\/wp-json\/wp\/v2\/pages\/26\/revisions"}],"predecessor-version":[{"id":904,"href":"https:\/\/www.borbolycsaba.ro\/en\/wp-json\/wp\/v2\/pages\/26\/revisions\/904"}],"wp:attachment":[{"href":"https:\/\/www.borbolycsaba.ro\/en\/wp-json\/wp\/v2\/media?parent=26"}],"curies":[{"name":"wp","href":"https:\/\/api.w.org\/{rel}","templated":true}]}}