{"id":606,"date":"2014-06-03T14:22:39","date_gmt":"2014-06-03T14:22:39","guid":{"rendered":"http:\/\/www.borbolycsaba.ro\/en\/?page_id=606"},"modified":"2016-12-08T07:01:24","modified_gmt":"2016-12-08T07:01:24","slug":"amentments-accepted-partially","status":"publish","type":"page","link":"https:\/\/www.borbolycsaba.ro\/en\/amentments-accepted-partially\/","title":{"rendered":"Amendments accepted partially"},"content":{"rendered":"<p style=\"text-align: justify;\">\u2666 <strong>The 11th ENVE commission meeting, 1 december 2016:<\/strong> Regarding the<a href=\"http:\/\/www.borbolycsaba.ro\/wp-content\/uploads\/2016\/12\/EN_Mid-term-evaluation-of-the-LIFE-programme_draft-opinion.pdf\"><u> Mid-term evaluation of the LIFE programme<\/u><\/a> <a href=\"http:\/\/www.borbolycsaba.ro\/wp-content\/uploads\/2016\/12\/EN_Mid-term-evaluation-of-the-LIFE-programme_amendments.pdf\"><u>amendment <\/u><\/a>nr. 12. and 14. was accepted, nr. 10. accepted partially, nr. 13. and 17. rejected.<br \/>\n<strong>\u2666 The 4th ENVE commission meeting, 30th June 2015<\/strong>: Regarding the <a href=\"http:\/\/www.borbolycsaba.ro\/en\/wp-content\/uploads\/2014\/06\/EN_Energy-Union-Package_draft-opinion1.pdf\" target=\"_blank\">Energy Union Package<\/a> draft opinion, <a href=\"http:\/\/www.borbolycsaba.ro\/en\/wp-content\/uploads\/2014\/06\/EN_Energy-Union-Package_amendments_Borboly-Csaba.pdf\" target=\"_blank\">amendment<\/a> nr. 56 was accepted, nr. 22 accepted partially.<br \/>\n\u2666 <strong>The 4th SEDEC commission meeting, 25th June 2015<\/strong>: Regarding the <a href=\"http:\/\/www.borbolycsaba.ro\/en\/wp-content\/uploads\/2014\/06\/EN_Standards-of-remuneration-in-employment-in-the-EU_draft-opinion1.pdf\" target=\"_blank\">Standards of remuneration in employment in the EU<\/a> draft opinion, <a href=\"http:\/\/www.borbolycsaba.ro\/en\/wp-content\/uploads\/2014\/06\/EN_Standards-of-remuneration-in-employment-in-the-EU_amendments_Borboly-Csaba.pdf\" target=\"_blank\">amendment<\/a> nr. 58 was accepted, nr. 23 and 56 rejected.<br \/>\n<strong>\u2666 112nd plenary session, June 2015<\/strong>: Regarding the <a href=\"http:\/\/www.borbolycsaba.ro\/en\/wp-content\/uploads\/2014\/06\/EN_draft-opinion_Guidelines-for-the-Employment-Policies-of-the-Member-States.pdf\" target=\"_blank\">Guidelines for the Employment Policies of the Member States<\/a> draft opinion, <a href=\"http:\/\/www.borbolycsaba.ro\/en\/wp-content\/uploads\/2014\/06\/EN_Employment-Policy-Guidelines_sajat-javaslatok.pdf\" target=\"_blank\">amendment <\/a>nr. 29 was accepted, nr. 32 rejected. The amendments were supported by: \u00c1RGYEL\u00c1N J\u00e1nos, DR\u0102GHICI Emil, DUD\u00c1S R\u00f3bert, KOV\u00c1CS Raymund, MAGYAR Anna, MAJTH\u00c9NYI L\u00e1szl\u00f3, MORARU Victor, NICA Alin Adrian, OPREA Emilian, RIB\u00c1NYI J\u00f3zsef, SZAB\u00d3 R\u00f3bert, VARGA Zolt\u00e1n<br \/>\n\u2666 <strong>22nd ENVE Commission meeting, 12 February 2014:<\/strong> <a href=\"http:\/\/www.borbolycsaba.ro\/en\/wp-content\/uploads\/2013\/04\/EN_22_ENVE-V-041_NEW-GUIDELINES-FOR-STATE-AID-FOR-ENERGY_am_Borboly-Csaba.pdf\" target=\"_blank\">New guidelines for state aid for energy: <\/a>Amendment nr. 27 and 28 were accepted, nr. 25 no, even though highlights that instead of imposing environmental taxes on companies, it would be more effective to encourage them to engage in activities directly helping to protect the environment and conserve nature, for example becoming involved in afforestation or park development, which would contribute to the sustainable development of the region.<br \/>\n\u2666 <strong>22nd ENVE Commission meeting, 12 February 2014: <\/strong><a href=\"http:\/\/www.borbolycsaba.ro\/en\/wp-content\/uploads\/2013\/04\/EN_22_ENVE-V-042_AFFORDABLE-ENERGY-FOR-ALL_am_Borboly-Csaba.pdf\" target=\"_blank\">Affordable energy for all<\/a>: Amendment nr. 7 and 25 were accepted, but nr 23 and 33 no, despite the fact that both of them are very important in the means of improving energy efficiency.<br \/>\n<strong>\u2666 105th Plenary session, 30-31 January 2014:<\/strong> A new EU Forest Strategy: for forests and the forest-based sector: nr. 14 no, but nr. 19 was adopted<br \/>\n\u2666 <strong>20<sup>th<\/sup> EDUC Commission meeting, 13 November 2013:<\/strong> <a href=\"http:\/\/www.borbolycsaba.ro\/en\/wp-content\/uploads\/2013\/04\/EN_EDUC-V-039_Opening-up-education_am_Borboly-Csaba.pdf\" target=\"_blank\">Opening up education<\/a><br \/>\n\u2666 <strong>103<sup>rd<\/sup> Plenary session, 7-9 October 2013:<\/strong> <a href=\"http:\/\/www.borbolycsaba.ro\/en\/wp-content\/uploads\/2013\/04\/EN_ECOS-v-044_COMMISSION-GREEN-PAPER-ON-THE-LONG-TERM-FINANCING-OF-THE-EUROPEAN-ECONOMY-_am_Borboly-Csaba.pdf\" target=\"_blank\">Commission green paper on the long-term financing of the European economy<\/a><br \/>\n\u2666<strong> 103<sup>rd<\/sup> Plenary session, 7-9 October 2013: <\/strong><a href=\"http:\/\/www.borbolycsaba.ro\/en\/wp-content\/uploads\/2013\/04\/EN_ECOS-V-043_ENTREPRENEURSHIP-2020-ACTION-PLAN-_am_Borboly-Csaba.pdf\" target=\"_blank\">Entrepreneurship 2020 action plan<\/a><br \/>\n\u2666 <strong>103<sup>rd<\/sup> Plenary session, 7-9 October 2013:<\/strong> <a href=\"http:\/\/www.borbolycsaba.ro\/en\/wp-content\/uploads\/2013\/04\/EN_ECOS-V-038_CARS-2020-ACTION-PLAN-FOR-A-COMPETITIVE-AND-SUSTAINABLE-AUTOMOTIVE-INDUSTRY-IN-EUROPE_am_Borboly-Csaba.pdf\" target=\"_blank\">Cars 2020: action plan for a competitive and sustainable automotive industry in Europe<\/a><br \/>\n\u2666 <strong>19<sup>th<\/sup> EDUC Commission meeting, 16 September 2013:<\/strong> <a href=\"http:\/\/www.borbolycsaba.ro\/en\/wp-content\/uploads\/2013\/04\/EN_EDUC-V-035_DISABILITY-SPORT-AND-LEISURE_am_Borboly-Csaba.pdf\" target=\"_blank\">Disability, sport and leisure<\/a><br \/>\n\u2666<strong> 18<sup>th<\/sup> EDUC Commission meeting, 25 April 2013:<\/strong> <a href=\"http:\/\/www.borbolycsaba.ro\/en\/wp-content\/uploads\/2013\/04\/EN_EDUC-V-031_CLOSING-THE-INNOVATION-DIVIDE-_am_Borboly-Csaba.pdf\" target=\"_blank\">Closing the innovation divide<\/a><\/p>\n","protected":false},"excerpt":{"rendered":"<p>\u2666 The 11th ENVE commission meeting, 1 december 2016: Regarding the Mid-term evaluation of the LIFE programme amendment nr. 12. and 14. was accepted, nr. 10. accepted partially, nr. 13. and 17. rejected. \u2666 The 4th ENVE commission meeting, 30th June 2015: Regarding the Energy Union Package draft opinion, amendment nr. 56 was accepted, nr. 22 accepted partially. \u2666 The 4th SEDEC commission meeting, 25th June 2015: Regarding the Standards of remuneration in employment in the EU draft opinion, amendment nr. 58 was accepted, nr. 23 and 56 rejected. \u2666 112nd plenary session, June 2015: Regarding the Guidelines for the Employment Policies of the Member States draft opinion, amendment nr. [&hellip;]<\/p>\n","protected":false},"author":4,"featured_media":0,"parent":0,"menu_order":0,"comment_status":"open","ping_status":"closed","template":"","meta":{"_bbp_topic_count":0,"_bbp_reply_count":0,"_bbp_total_topic_count":0,"_bbp_total_reply_count":0,"_bbp_voice_count":0,"_bbp_anonymous_reply_count":0,"_bbp_topic_count_hidden":0,"_bbp_reply_count_hidden":0,"_bbp_forum_subforum_count":0,"footnotes":""},"_links":{"self":[{"href":"https:\/\/www.borbolycsaba.ro\/en\/wp-json\/wp\/v2\/pages\/606"}],"collection":[{"href":"https:\/\/www.borbolycsaba.ro\/en\/wp-json\/wp\/v2\/pages"}],"about":[{"href":"https:\/\/www.borbolycsaba.ro\/en\/wp-json\/wp\/v2\/types\/page"}],"author":[{"embeddable":true,"href":"https:\/\/www.borbolycsaba.ro\/en\/wp-json\/wp\/v2\/users\/4"}],"replies":[{"embeddable":true,"href":"https:\/\/www.borbolycsaba.ro\/en\/wp-json\/wp\/v2\/comments?post=606"}],"version-history":[{"count":15,"href":"https:\/\/www.borbolycsaba.ro\/en\/wp-json\/wp\/v2\/pages\/606\/revisions"}],"predecessor-version":[{"id":1117,"href":"https:\/\/www.borbolycsaba.ro\/en\/wp-json\/wp\/v2\/pages\/606\/revisions\/1117"}],"wp:attachment":[{"href":"https:\/\/www.borbolycsaba.ro\/en\/wp-json\/wp\/v2\/media?parent=606"}],"curies":[{"name":"wp","href":"https:\/\/api.w.org\/{rel}","templated":true}]}}