{"id":963,"date":"2015-09-30T12:18:14","date_gmt":"2015-09-30T12:18:14","guid":{"rendered":"http:\/\/www.borbolycsaba.ro\/en\/?page_id=963"},"modified":"2016-06-23T09:57:26","modified_gmt":"2016-06-23T09:57:26","slug":"european-cooperation-in-the-youth-field-2010-2018","status":"publish","type":"page","link":"https:\/\/www.borbolycsaba.ro\/en\/european-cooperation-in-the-youth-field-2010-2018\/","title":{"rendered":"European cooperation in the youth field (2010-2018)"},"content":{"rendered":"<p><a href=\"http:\/\/www.borbolycsaba.ro\/en\/wp-content\/uploads\/2015\/09\/youtheubcs.jpg\"><img loading=\"lazy\" decoding=\"async\" class=\"aligncenter size-full wp-image-1013\" src=\"http:\/\/www.borbolycsaba.ro\/en\/wp-content\/uploads\/2015\/09\/youtheubcs.jpg\" alt=\"youtheubcs\" width=\"800\" height=\"491\" srcset=\"https:\/\/www.borbolycsaba.ro\/en\/wp-content\/uploads\/2015\/09\/youtheubcs.jpg 800w, https:\/\/www.borbolycsaba.ro\/en\/wp-content\/uploads\/2015\/09\/youtheubcs-300x184.jpg 300w, https:\/\/www.borbolycsaba.ro\/en\/wp-content\/uploads\/2015\/09\/youtheubcs-80x50.jpg 80w\" sizes=\"(max-width: 800px) 100vw, 800px\" \/><\/a><\/p>\n<p>Borboly Csaba was elected rapporteur on the subject of Implementation of the renewed framework for European cooperation in the youth field (2010-2018) in the Committe of the Regions during the Social Policy, Education, Employment, Research and Culture Commission\u2019s (SEDEC) meeting in Brusseles on 22<sup>nd<\/sup> September 2015. The president of Harghita County Council is an active member 2012.<\/p>\n<p><a href=\"https:\/\/www.facebook.com\/yfactorconference\/photos\/a.1513707352243858.1073741828.1507161679565092\/1740909136190344\/?type=3&amp;theater\"><img loading=\"lazy\" decoding=\"async\" class=\"aligncenter size-full wp-image-1079\" src=\"http:\/\/www.borbolycsaba.ro\/en\/wp-content\/uploads\/2015\/09\/corbcs.jpg\" alt=\"corbcs\" width=\"960\" height=\"480\" srcset=\"https:\/\/www.borbolycsaba.ro\/en\/wp-content\/uploads\/2015\/09\/corbcs.jpg 960w, https:\/\/www.borbolycsaba.ro\/en\/wp-content\/uploads\/2015\/09\/corbcs-300x150.jpg 300w, https:\/\/www.borbolycsaba.ro\/en\/wp-content\/uploads\/2015\/09\/corbcs-768x384.jpg 768w\" sizes=\"(max-width: 960px) 100vw, 960px\" \/><\/a><\/p>\n<p><strong>News:<\/strong><\/p>\n<ul>\n<li><em><a href=\"http:\/\/www.borbolycsaba.ro\/en\/borboly-csaba-was-elected-rapporteur-for-the-implementation-of-the-renewed-framework-for-european-cooperation-in-the-youth-field-2010-2018\/\">\u2666 Borboly Csaba was elected rapporteur for the Implementation of the renewed framework for European cooperation in the youth field (2010-2018)<\/a><\/em><\/li>\n<li><em><a href=\"http:\/\/cor.europa.eu\/en\/news\/Pages\/SEDEC-labour-mobility-debate.aspx\/\">\u2666 EU Labour mobility: SEDEC members urge European Commission to ensure \"fair mobility\" and proper enforcement of mobile workers' rights<\/a><\/em><\/li>\n<li><em><a href=\"http:\/\/www.borbolycsaba.ro\/en\/helping-young-people-to-return-with-a-home-creation-program\/\">\u2666 Helping young people to return with a home-creation program<\/a><\/em><\/li>\n<li><em><a href=\"http:\/\/www.borbolycsaba.ro\/en\/helping-young-people-to-return-with-a-home-creation-program\/\">\u2666<\/a><a href=\"http:\/\/www.borbolycsaba.ro\/en\/european-youth-basic-package-should-be-set-up-to-support-young-people\/\" target=\"_blank\"> European youth basic package should be set up to support young people<\/a><\/em><\/li>\n<li><em><a href=\"http:\/\/www.borbolycsaba.ro\/en\/borboly-csaba-presented-the-draft-opinon-at-the-european-youth-froum\/\" target=\"_blank\">\u2666 Borboly Csaba presented the draft opinon at the European Youth Froum<\/a><\/em><\/li>\n<li><a href=\"http:\/\/web.cor.europa.eu\/epp\/News\/Pages\/19-November-2015.aspx\" target=\"_blank\"><em>\u2666 Young people must be heard by EU<\/em> <\/a><\/li>\n<li><a href=\"http:\/\/web.cor.europa.eu\/epp\/News\/Pages\/16-01-12_Navracsics_Borboly_youth.aspx\" target=\"_blank\"><em>\u2666 Investing in youth is wise for regions and cities <\/em><\/a><\/li>\n<li><a href=\"http:\/\/web.cor.europa.eu\/epp\/News\/Pages\/16-01-12_Navracsics_Borboly_youth.aspx\" target=\"_blank\"><em>\u2666 <\/em><\/a><a href=\"http:\/\/cor.europa.eu\/en\/news\/Pages\/europe-regions-call-for-investments-not-cuts-in-education.aspx\" target=\"_blank\"><em>Europe's regions call for investments \u2013 not cuts \u2013 in education<\/em> <\/a><\/li>\n<\/ul>\n<p>&nbsp;<\/p>\n<p><strong>Activity plan for the rapporteur:<\/strong><\/p>\n<p>1. Consultations with local experts: 5th October 2015, 11:30, Miercurea Ciuc<\/p>\n<p>2. International debate: 13th October 2015, Bruxelles, meeting with Philippe Ternes, expert in youth policy, Luxemburg presidency<\/p>\n<p>3. International debate: 22nd October 2015, Bruxelles, stakeholder consultation<\/p>\n<p>4. International debate: 29th October 2015, Bruxelles, prezentaion at the forum entitled <em>Shadow Report on Youth Policy \u2013 A Youth Perspective<\/em><\/p>\n<p>5. Consultations with local experts: 7th November 2015: Cluj Napoca, with reprezentatives of youth organizations<\/p>\n<p>6. First discussion and adoption in SEDEC Commission: 19th November 2015<br \/>\nThe draft opinion: <a href=\"http:\/\/www.borbolycsaba.ro\/wp-content\/uploads\/2015\/11\/EN_draft-opinion_European-cooperation-in-the-youth-field-2010-2018_BCS.pdf\" target=\"_blank\">European cooperation in the youth field (2010-2018)<\/a><br \/>\n<a href=\"http:\/\/www.borbolycsaba.ro\/wp-content\/uploads\/2015\/09\/EN_amendments_European-cooperation-in-the-youth-field-2010-2018_BCS.pdf\" target=\"_blank\">Amendments<\/a> of the SEDEC commission members<br \/>\n<a href=\"http:\/\/www.borbolycsaba.ro\/wp-content\/uploads\/2015\/11\/EN_amendments_European-cooperation-in-the-youth-field-2010-2018_BCS_pos-of-the-rapp.pdf\" target=\"_blank\">Rapporteur\u2019s standpoint<\/a> of the amendments<br \/>\n<a href=\"http:\/\/www.borbolycsaba.ro\/en\/wp-content\/uploads\/2015\/11\/EN_rapporteur-amendments_European-cooperation-in-the-youth-field-2010-2018_BCS.pdf\">Rapporteur<span lang=\"EN-US\">\u2019s amendments<\/span><\/a><br \/>\n<a href=\"http:\/\/www.borbolycsaba.ro\/wp-content\/uploads\/2015\/09\/SEDEC_nov19_meeting-kivonat.pdf\" target=\"_blank\">Summary of decisions<\/a> from the SEDEC commission meeting<\/p>\n<p>7. International consultation: 12th January 2016. Meeting with BOCSKOR Andrea, member of the European Parliament, the rapporteur responsible for the opinion of the EP<\/p>\n<p>8. International consultation: 14th January 2016. Meeting with commissioner NAVRACSICS Tibor, responsible for education, culture, youth policy and sport of the European Commission.<\/p>\n<p>9. Adoption at plenary session: 10-11th February 2016<br \/>\nThe draft opinion: <a href=\"http:\/\/www.borbolycsaba.ro\/wp-content\/uploads\/2015\/09\/Plenary_before_EN_European-cooperation-in-the-youth-field-2010-2018_draft-opinion.pdf\">European cooperation in the youth field (2010-2018)<\/a><br \/>\nAgenda of the plenary session: <a href=\"http:\/\/www.borbolycsaba.ro\/wp-content\/uploads\/2016\/01\/EN_draft-agenda-116-plenary.pdf\" target=\"_blank\">116th Plenary session<\/a><br \/>\n<a href=\"http:\/\/www.borbolycsaba.ro\/wp-content\/uploads\/2015\/09\/EN_European-cooperation-in-the-youth-field-2010-2018_amendments.pdf\" target=\"_blank\">Amendments<\/a> of the CoR members<br \/>\nRapporteur\u2019s <a href=\"http:\/\/www.borbolycsaba.ro\/wp-content\/uploads\/2015\/09\/EN_European-cooperation-in-the-youth-field-2010-2018_rapporteur-amendments.pdf\" target=\"_blank\">amendments<\/a><br \/>\n<a href=\"http:\/\/www.borbolycsaba.ro\/beszedek\/a-navracsics-tibor-unios-biztos-felszolalasara-adott-valaszom\/\" target=\"_blank\">Intervention<\/a> in the name of the EPP group in the presence of Navracsics Tibor european commissoner<\/p>\n<h6><strong><a href=\"http:\/\/www.borbolycsaba.ro\/wp-content\/uploads\/2015\/09\/EN_FINAL-OPINION_European-cooperation-in-the-youth-field-2010-2018.pdf\" target=\"_blank\">Final opinion<\/a>:<\/strong><strong> The implementation of the Renewed framework for European cooperation in the youth field (2010-2018), rapporteur Csaba Borboly (RO\/EPP)<\/strong><\/h6>\n<p><strong>During its 116th Plenary Session, the CoR will welcome the following speakers:<\/strong><br \/>\n\u2022\u00a0\u00a0 \u00a0\u00a0\u00a0\u00a0 Donald Tusk, President of the European Council<br \/>\n\u2022\u00a0\u00a0\u00a0\u00a0\u00a0\u00a0\u00a0 Ronald Plasterk, Dutch Minister of the Interior and Kingdom Relations, Representative of the Dutch Presidency<br \/>\n\u2022\u00a0\u00a0\u00a0\u00a0\u00a0\u00a0\u00a0 Tibor Navracsics, Commissioner on Education, Culture, Youth and Sport<\/p>\n<p><strong>The members will also examine and adopt 6 opinions and 1 resolution:<\/strong><br \/>\n\u2022 \u00a0\u00a0 Innovation and modernisation of the rural economy, rapporteur Randel L\u00e4nts (EE\/PES)<br \/>\n\u2022 \u00a0\u00a0 Age-friendly tourism, rapporteur Annemiek Jetten (NL\/PES)<br \/>\n\u2022 \u00a0 The integration of the long-term unemployed into the labour market, rapporteur Enrico Rossi (IT\/PES)<br \/>\n<strong>\u2022 \u00a0\u00a0 The implementation of the Renewed framework for European cooperation in the youth field (2010-2018), rapporteur Csaba Borboly (RO\/EPP)<\/strong><br \/>\n\u2022 \u00a0\u00a0 Establishment of a Community Union framework for the collection, management and use of data in the fisheries sector and support for scientific advice regarding the Common Fisheries Policy, rapporteur Olgierd Geblewicz (PL\/EPP)<br \/>\n\u2022 \u00a0\u00a0 Indicators for territorial development \u2013 GDP and beyond, rapporteur Catiuscia Marini (IT\/PES)<br \/>\n\u2022 \u00a0\u00a0 Resolution on the Annual Growth Survey 2016<\/p>\n<p><strong>After-life of the rapporteurship:<\/strong><br \/>\n1. 14th March 2016, Bruxelles: speaker at the conference entitled <em>YOUTH CARE PLATFORM ACCELERATE TO INDEPENDENCE: 'AFTER CARE GUARANTEE' IN YOUTH CARE. The <a href=\"http:\/\/www.borbolycsaba.ro\/wp-content\/uploads\/2015\/09\/N74x-16-14b-Programme_14Mar16-V2.pdf\">program<\/a> and the <a href=\"http:\/\/www.borbolycsaba.ro\/wp-content\/uploads\/2015\/09\/Youth-aftercare-regional-perspective_utolsoo.pptx\">slides prezented<\/a><u>.<\/u><\/em><\/p>\n<p><strong>Expert: <\/strong>appointment by the Committee of the Regions dr. Cs\u00e1k L\u00e1szl\u00f3 will be the expert of the rapporteur, who previously helped Borboly Csaba.<br \/>\nIn addition to the expert, the colleagues of the President\u2019s Cabinet and the Analysis group will help to compose the report: B\u00e1lint-Mikl\u00f3ssy Enik\u0151, Dobos Erika and G\u00e1l T\u00fcnde.<\/p>\n<p><strong>Possibility of making remarks:<\/strong><\/p>\n<p>Please write your suggestions and opinions below or send it to <strong><a href=\"mailto:info@borbolycsaba.ro\">info@borbolycsaba.ro<\/a>.<\/strong><\/p>\n<p><strong>Useful documents:<\/strong><\/p>\n<ul>\n<li><strong><a href=\"http:\/\/www.borbolycsaba.ro\/wp-content\/uploads\/2015\/10\/Analysis-Youth_Report.pdf\">Policy analysis memo for the opinion (SEDEC Commission)<\/a><u><\/u><u><\/u><\/strong><\/li>\n<li><strong><u><\/u><a href=\"http:\/\/www.borbolycsaba.ro\/wp-content\/uploads\/2015\/10\/Key-messages-of-youth-related-CoR-opinions.pdf\">Key messages of previous opinions on youth in the Committe of the Regions<\/a><\/strong><\/li>\n<\/ul>\n<p>More information <strong>European cooperation in the youth field (2010-2018) <\/strong>can be found on <strong><a href=\"http:\/\/ec.europa.eu\/youth\/policy\/youth_strategy\/index_en.htm\"><u>European Commission<\/u><u>\u2019s<\/u><\/a><\/strong> web page.<br \/>\n<strong><a href=\"http:\/\/mts.ro\/wp-content\/uploads\/2015\/01\/Strategia-tineret-ianuarie-2015.pdf\">Strategia Nationala in domeniul politicii de tineret<\/a><\/strong><br \/>\n<strong><a href=\"http:\/\/ec.europa.eu\/youth\/policy\/youth_strategy\/index_en.htm\">EU Youth strategy<\/a><\/strong><br \/>\n<a href=\"http:\/\/eur-lex.europa.eu\/legal-content\/EN\/TXT\/?uri=COM:2015:429:FIN\"><strong>COMMUNICATION<\/strong><\/a>\u00a0 FROM THE COMMISSION TO THE EUROPEAN PARLIAMENT, THE COUNCIL, THE EUROPEAN ECONOMIC AND SOCIAL COMMITTEE AND THE COMMITTEE OF THE REGIONS Draft 2015 Joint Report of the Council and the Commission on the implementation of the renewed framework for European cooperation in the youth field (2010-2018)<br \/>\n<strong><a href=\"http:\/\/ec.europa.eu\/youth\/policy\/implementation\/coop_member_en.htm\">Policy implementation<\/a><\/strong><br \/>\n<strong><a href=\"http:\/\/ec.europa.eu\/youth\/policy\/implementation\/index_en.htm\">Implementing the youth strategy<\/a><\/strong><br \/>\n<strong><a href=\"http:\/\/ec.europa.eu\/youth\/index_en.htm\">EU youth webpage<\/a><\/strong><br \/>\n<strong><a href=\"http:\/\/www.garantiipentrutineri.ro\/\" target=\"_blank\">Youth Guarantee in Romania<\/a><\/strong><br \/>\n<strong>Youth and Education:<\/strong><br \/>\n<a href=\"http:\/\/www.borbolycsaba.ro\/wp-content\/uploads\/2015\/09\/Outcome_ECYS_Council_23_November.pdf\" target=\"_blank\">Outcome of the Council Meeting<\/a><br \/>\n<a href=\"http:\/\/www.borbolycsaba.ro\/wp-content\/uploads\/2015\/09\/Report_Council_23_11.pdf\" target=\"_blank\">Draft Report<\/a><br \/>\n<a href=\"http:\/\/www.borbolycsaba.ro\/wp-content\/uploads\/2015\/09\/Work_plan_youth_23_November.pdf\" target=\"_blank\">EU Work Plan<\/a><\/p>\n","protected":false},"excerpt":{"rendered":"<p>Borboly Csaba was elected rapporteur on the subject of Implementation of the renewed framework for European cooperation in the youth field (2010-2018) in the Committe of the Regions during the Social Policy, Education, Employment, Research and Culture Commission\u2019s (SEDEC) meeting in Brusseles on 22nd September 2015. The president of Harghita County Council is an active member 2012. News: \u2666 Borboly Csaba was elected rapporteur for the Implementation of the renewed framework for European cooperation in the youth field (2010-2018) \u2666 EU Labour mobility: SEDEC members urge European Commission to ensure &#8220;fair mobility&#8221; and proper enforcement of mobile workers&#8217; rights \u2666 Helping young people to return with a home-creation program \u2666 [&hellip;]<\/p>\n","protected":false},"author":4,"featured_media":0,"parent":0,"menu_order":0,"comment_status":"closed","ping_status":"closed","template":"","meta":{"_bbp_topic_count":0,"_bbp_reply_count":0,"_bbp_total_topic_count":0,"_bbp_total_reply_count":0,"_bbp_voice_count":0,"_bbp_anonymous_reply_count":0,"_bbp_topic_count_hidden":0,"_bbp_reply_count_hidden":0,"_bbp_forum_subforum_count":0,"footnotes":""},"_links":{"self":[{"href":"https:\/\/www.borbolycsaba.ro\/en\/wp-json\/wp\/v2\/pages\/963"}],"collection":[{"href":"https:\/\/www.borbolycsaba.ro\/en\/wp-json\/wp\/v2\/pages"}],"about":[{"href":"https:\/\/www.borbolycsaba.ro\/en\/wp-json\/wp\/v2\/types\/page"}],"author":[{"embeddable":true,"href":"https:\/\/www.borbolycsaba.ro\/en\/wp-json\/wp\/v2\/users\/4"}],"replies":[{"embeddable":true,"href":"https:\/\/www.borbolycsaba.ro\/en\/wp-json\/wp\/v2\/comments?post=963"}],"version-history":[{"count":44,"href":"https:\/\/www.borbolycsaba.ro\/en\/wp-json\/wp\/v2\/pages\/963\/revisions"}],"predecessor-version":[{"id":1080,"href":"https:\/\/www.borbolycsaba.ro\/en\/wp-json\/wp\/v2\/pages\/963\/revisions\/1080"}],"wp:attachment":[{"href":"https:\/\/www.borbolycsaba.ro\/en\/wp-json\/wp\/v2\/media?parent=963"}],"curies":[{"name":"wp","href":"https:\/\/api.w.org\/{rel}","templated":true}]}}