{"id":1006,"date":"2014-06-03T15:44:58","date_gmt":"2014-06-03T12:44:58","guid":{"rendered":"http:\/\/www.borbolycsaba.ro\/ro\/?page_id=1006"},"modified":"2015-02-19T13:35:09","modified_gmt":"2015-02-19T11:35:09","slug":"comitetul-regiunilor-informatii-generale","status":"publish","type":"page","link":"https:\/\/www.borbolycsaba.ro\/ro\/comitetul-regiunilor-informatii-generale\/","title":{"rendered":"Comitetul Regiunilor &#8211; Informa\u021bii generale"},"content":{"rendered":"<p style=\"text-align: justify;\"><b>Comitetul Regiunilor: <\/b>a fost creat \u00een anul 1994 pentru a da autorit\u0103\u0163ilor locale \u015fi regionale posibilitatea de a se implica \u00een elaborarea legisla\u0163iei Uniunii Europene. Comitetul Regiunilor este menit s\u0103 creeze un loc de \u00eent\u00e2lnire \u00een care reprezentan\u0163ii regiunilor \u015fi ai ora\u015felor s\u0103 \u00ee\u015fi poat\u0103 \u00eemp\u0103rt\u0103\u015fi experien\u0163a \u015fi s\u0103 poat\u0103 dialoga cu institu\u0163iile europene. Scopul este s\u0103 aduc\u0103 Europa mai aproape de cet\u0103\u0163enii s\u0103i \u015fi pentru a \u00eencuraja aplicarea principiului subsidiarit\u0103\u0163ii. \u00cen ceea ce prive\u015fte Consiliul Jude\u0163ean Harghita, s-au f\u0103cut demersuri \u015fi p\u00e2n\u0103 acum pentru dezvoltarea rela\u0163iilor interna\u0163ionale a regiunii, at\u00e2t din punct de vedere economic, c\u00e2t \u015fi cultural, iar reprezentan\u0163a \u00een Comitetul Regiunilor ofer\u0103 noi posibilit\u0103\u0163i \u00een activitatea interna\u0163ional\u0103.<\/p>\n<p style=\"text-align: justify;\"><b>Comitetul Regiunilor se bazeaz\u0103 pe trei principii fundamentale: subsidiaritate, proximitate \u015fi parteneriat. <\/b>Deciziile Uniunii Europene trebuie luate c\u00e2t mai aproape de cet\u0103\u0163eni, nu este permis\u0103 luarea deciziilor la nivelul Uniunii, dac\u0103 acestea pot fi abordate mai eficient la nivel na\u021bional, regional sau local, prin acest proces devin mai transparente procesele democratice.<\/p>\n<p style=\"text-align: justify;\"><b>Func\u0163ionare: <\/b>sunt organizate \u015fase sesiuni plenare pe an, unde trebuie s\u0103 participe to\u0163i membrii comitetului pentru a defini strategia general\u0103 \u015fi pentru a aproba opiniile \u015fi propunerile membrilor. Comitetul Regiunii este format din \u015fase comisii tematice \u015fi o comisie pentru buget \u015fi administra\u0163ie. Consultarea comitetului este obligatorie \u00een urm\u0103toarele domenii politice: coeziune economic\u0103, social\u0103 \u015fi teritorial\u0103, educa\u0163ie \u015fi tineret, cultur\u0103, s\u0103n\u0103tate public\u0103, re\u0163ele transeuropene, transporturi, sport, ocupare for\u0163ei de munc\u0103, politica social\u0103, mediu, formare profesional\u0103, energie \u015fi schimb\u0103ri climatice.<\/p>\n<p style=\"text-align: justify;\"><b>Membrii: <\/b>\u00een momentul de fa\u0163\u0103 comitetul are 353 membri \u015fi acela\u015fi num\u0103r de membri de rezerv\u0103 fiind ale\u0219i din 28 na\u0163iuni delegate \u015fi care fac parte din patru grupuri politice: Partidul Popular European (PPE), Partidul Sociali\u015ftilor Europeni (PSE), Alian\u0163a Liberalilor \u015fi Democra\u0163ilor pentru Europa (ALDE) \u015fi Alian\u0163a European\u0103 (AE). Rom\u00e2nia are 15 membri \u00een comitet, iar dintre ace\u0219tia face parte \u015fi Csaba Borboly, pre\u015fedintele Consiliului Jude\u0163ean Harghita.<\/p>\n<p style=\"text-align: justify;\">Calendarul de evenimente pentru anul 2015 se poate desc\u0103rca <a href=\"http:\/\/www.borbolycsaba.ro\/ro\/wp-content\/uploads\/2014\/06\/calendar-2015.pdf\" target=\"_blank\">aici<\/a>.<\/p>\n<p style=\"text-align: justify;\"><a href=\"http:\/\/www.borbolycsaba.ro\/ro\/wp-content\/uploads\/2013\/02\/CoR-os-foto-honlap1.jpg\"><img loading=\"lazy\" decoding=\"async\" class=\"aligncenter\" alt=\"\" src=\"http:\/\/www.borbolycsaba.ro\/ro\/wp-content\/uploads\/2013\/02\/CoR-os-foto-honlap1-1024x682.jpg\" width=\"691\" height=\"460\" \/><\/a><\/p>\n<p style=\"text-align: justify;\"><b>Activitatea lui Csaba Borboly: <\/b>este membru permanent din octombrie 2012 al Comitetului Regiunilor \u015fi \u00een cadrul acestuia este ales \u00een Comisia de protec\u0163ie a mediului, schimb\u0103ri climatice \u015fi politic\u0103 energetic\u0103 (ENVE) \u015fi Educa\u0163ie, tineret \u015fi cercetare (EDUC), iar la \u015fedin\u0163e particip\u0103 \u00een calitate de membru al Partidului Popular European.<\/p>\n<ul style=\"text-align: justify;\">\n<li>\u2192<em>Borboly Csaba a fost ales membru al Comitetului Regiunilor, <a href=\"http:\/\/www.judetulharghita.ro\/stiri\/stiri-generale\/borboly-csaba-a-fost-ales-membru-al-comitetului-regiunilor.html\" target=\"_blank\"><strong>pagina de web al Consiliului Jude\u021bean Harghita<\/strong><\/a><\/em><\/li>\n<\/ul>\n<div class=\"pvc_clear\"><\/div>\n<p id=\"pvc_stats_1006\" class=\"pvc_stats all  \" data-element-id=\"1006\" style=\"\"><i class=\"pvc-stats-icon medium\" aria-hidden=\"true\"><svg aria-hidden=\"true\" focusable=\"false\" data-prefix=\"far\" data-icon=\"chart-bar\" role=\"img\" xmlns=\"http:\/\/www.w3.org\/2000\/svg\" viewBox=\"0 0 512 512\" class=\"svg-inline--fa fa-chart-bar fa-w-16 fa-2x\"><path fill=\"currentColor\" d=\"M396.8 352h22.4c6.4 0 12.8-6.4 12.8-12.8V108.8c0-6.4-6.4-12.8-12.8-12.8h-22.4c-6.4 0-12.8 6.4-12.8 12.8v230.4c0 6.4 6.4 12.8 12.8 12.8zm-192 0h22.4c6.4 0 12.8-6.4 12.8-12.8V140.8c0-6.4-6.4-12.8-12.8-12.8h-22.4c-6.4 0-12.8 6.4-12.8 12.8v198.4c0 6.4 6.4 12.8 12.8 12.8zm96 0h22.4c6.4 0 12.8-6.4 12.8-12.8V204.8c0-6.4-6.4-12.8-12.8-12.8h-22.4c-6.4 0-12.8 6.4-12.8 12.8v134.4c0 6.4 6.4 12.8 12.8 12.8zM496 400H48V80c0-8.84-7.16-16-16-16H16C7.16 64 0 71.16 0 80v336c0 17.67 14.33 32 32 32h464c8.84 0 16-7.16 16-16v-16c0-8.84-7.16-16-16-16zm-387.2-48h22.4c6.4 0 12.8-6.4 12.8-12.8v-70.4c0-6.4-6.4-12.8-12.8-12.8h-22.4c-6.4 0-12.8 6.4-12.8 12.8v70.4c0 6.4 6.4 12.8 12.8 12.8z\" class=\"\"><\/path><\/svg><\/i> <img loading=\"lazy\" decoding=\"async\" width=\"16\" height=\"16\" alt=\"Loading\" src=\"https:\/\/www.borbolycsaba.ro\/ro\/wp-content\/plugins\/page-views-count\/ajax-loader-2x.gif\" border=0 \/><\/p>\n<div class=\"pvc_clear\"><\/div>\n<!-- AddThis Advanced Settings generic via filter on the_content -->","protected":false},"excerpt":{"rendered":"<p>Comitetul Regiunilor: a fost creat \u00een anul 1994 pentru a da autorit\u0103\u0163ilor locale \u015fi regionale posibilitatea de a se implica \u00een elaborarea legisla\u0163iei Uniunii Europene. Comitetul Regiunilor este menit s\u0103 creeze un loc de \u00eent\u00e2lnire \u00een care reprezentan\u0163ii regiunilor \u015fi ai ora\u015felor s\u0103 \u00ee\u015fi poat\u0103 \u00eemp\u0103rt\u0103\u015fi experien\u0163a \u015fi s\u0103 poat\u0103 dialoga cu institu\u0163iile europene. Scopul [&hellip;]<!-- AddThis Advanced Settings generic via filter on wp_trim_excerpt --><\/p>\n<div class=\"pvc_clear\"><\/div>\n<p id=\"pvc_stats_1006\" class=\"pvc_stats all  \" data-element-id=\"1006\" style=\"\"><i class=\"pvc-stats-icon medium\" aria-hidden=\"true\"><svg aria-hidden=\"true\" focusable=\"false\" data-prefix=\"far\" data-icon=\"chart-bar\" role=\"img\" xmlns=\"http:\/\/www.w3.org\/2000\/svg\" viewBox=\"0 0 512 512\" class=\"svg-inline--fa fa-chart-bar fa-w-16 fa-2x\"><path fill=\"currentColor\" d=\"M396.8 352h22.4c6.4 0 12.8-6.4 12.8-12.8V108.8c0-6.4-6.4-12.8-12.8-12.8h-22.4c-6.4 0-12.8 6.4-12.8 12.8v230.4c0 6.4 6.4 12.8 12.8 12.8zm-192 0h22.4c6.4 0 12.8-6.4 12.8-12.8V140.8c0-6.4-6.4-12.8-12.8-12.8h-22.4c-6.4 0-12.8 6.4-12.8 12.8v198.4c0 6.4 6.4 12.8 12.8 12.8zm96 0h22.4c6.4 0 12.8-6.4 12.8-12.8V204.8c0-6.4-6.4-12.8-12.8-12.8h-22.4c-6.4 0-12.8 6.4-12.8 12.8v134.4c0 6.4 6.4 12.8 12.8 12.8zM496 400H48V80c0-8.84-7.16-16-16-16H16C7.16 64 0 71.16 0 80v336c0 17.67 14.33 32 32 32h464c8.84 0 16-7.16 16-16v-16c0-8.84-7.16-16-16-16zm-387.2-48h22.4c6.4 0 12.8-6.4 12.8-12.8v-70.4c0-6.4-6.4-12.8-12.8-12.8h-22.4c-6.4 0-12.8 6.4-12.8 12.8v70.4c0 6.4 6.4 12.8 12.8 12.8z\" class=\"\"><\/path><\/svg><\/i> <img loading=\"lazy\" decoding=\"async\" width=\"16\" height=\"16\" alt=\"Loading\" src=\"https:\/\/www.borbolycsaba.ro\/ro\/wp-content\/plugins\/page-views-count\/ajax-loader-2x.gif\" border=0 \/><\/p>\n<div class=\"pvc_clear\"><\/div>\n","protected":false},"author":5,"featured_media":0,"parent":0,"menu_order":0,"comment_status":"open","ping_status":"closed","template":"","meta":{"footnotes":""},"a3_pvc":{"activated":true,"total_views":2782,"today_views":1},"_links":{"self":[{"href":"https:\/\/www.borbolycsaba.ro\/ro\/wp-json\/wp\/v2\/pages\/1006"}],"collection":[{"href":"https:\/\/www.borbolycsaba.ro\/ro\/wp-json\/wp\/v2\/pages"}],"about":[{"href":"https:\/\/www.borbolycsaba.ro\/ro\/wp-json\/wp\/v2\/types\/page"}],"author":[{"embeddable":true,"href":"https:\/\/www.borbolycsaba.ro\/ro\/wp-json\/wp\/v2\/users\/5"}],"replies":[{"embeddable":true,"href":"https:\/\/www.borbolycsaba.ro\/ro\/wp-json\/wp\/v2\/comments?post=1006"}],"version-history":[{"count":7,"href":"https:\/\/www.borbolycsaba.ro\/ro\/wp-json\/wp\/v2\/pages\/1006\/revisions"}],"predecessor-version":[{"id":1324,"href":"https:\/\/www.borbolycsaba.ro\/ro\/wp-json\/wp\/v2\/pages\/1006\/revisions\/1324"}],"wp:attachment":[{"href":"https:\/\/www.borbolycsaba.ro\/ro\/wp-json\/wp\/v2\/media?parent=1006"}],"curies":[{"name":"wp","href":"https:\/\/api.w.org\/{rel}","templated":true}]}}