{"id":1011,"date":"2014-06-03T16:07:56","date_gmt":"2014-06-03T13:07:56","guid":{"rendered":"http:\/\/www.borbolycsaba.ro\/ro\/?page_id=1011"},"modified":"2017-02-07T10:04:25","modified_gmt":"2017-02-07T08:04:25","slug":"propunerile-de-modificare-acceptate","status":"publish","type":"page","link":"https:\/\/www.borbolycsaba.ro\/ro\/propunerile-de-modificare-acceptate\/","title":{"rendered":"Propunerile de modificare acceptate"},"content":{"rendered":"<p style=\"text-align: justify;\"><strong>\u2666 A 12-a \u0219edin\u021b\u0103 a Comisiei SEDEC, 31 ianuarie 2017:<\/strong> Privind proiectul de aviz <a href=\"http:\/\/www.borbolycsaba.ro\/ro\/wp-content\/uploads\/2014\/06\/Strategiile-de-specializare-inteligent\u0103_RIS3_proiect-de-aviz.pdf\"><u>Strategiile de specializare inteligent\u0103 (RIS3): impactul asupra regiunilor \u0219i cooper\u0103rii interregionale<\/u><\/a>\u00a0 <a href=\"http:\/\/www.borbolycsaba.ro\/ro\/wp-content\/uploads\/2014\/06\/Strategiile-de-specializare-inteligent\u0103_RIS3_amendamente.pdf\"><u>amendamentul<\/u><\/a> depus a fost acceptat.<br \/>\n\u2666 A 120-a sesiune plenar\u0103, 7 \u0219i 8 decembrie 2016:<\/strong> Privind proiectul de aviz <a href=\"http:\/\/www.borbolycsaba.ro\/wp-content\/uploads\/2016\/12\/RO_Migratia-legala_proiect-de-aviz.pdf\"><u>Migra\u021bia legal\u0103\u00a0<\/u><\/a> <a href=\"http:\/\/www.borbolycsaba.ro\/wp-content\/uploads\/2016\/12\/RO_Migratia-legala_amendamente.pdf\"><u>amendamentul depus<\/u> <\/a>a fost acceptat.<br \/>\n\u2666 <strong>4 iulie 2016: \u0219edin\u021ba COMISIEI PENTRU POLITICA DE COEZIUNE TERITORIAL\u0102 \u0218I BUGETUL UE (COTER),<\/strong> interven\u021bie \u00een cadrul dezbaterii proiectului de aviz: <a href=\"http:\/\/www.borbolycsaba.ro\/wp-content\/uploads\/2016\/07\/RO_Strategie-in-domeniul-aviatiei_proiect-de-aviz.pdf\"><u>Strategie \u00een domeniul avia\u021biei<\/u><\/a><br \/>\n\u201eEste nevoie de fortificarea leg\u0103turilor \u00eentre regiuni, iar \u00een acest sens micile aeroporturi au un rol important\u201d, a afirmat Borboly Csaba la \u0219edin\u021ba Comisiei pentru politic\u0103 de coeziune teritorial\u0103 \u0219i bugetul UE (COTER) din cadrul Comitetului Regiunilor, care a avut loc luni, 4 iulie la Bruxelles. Pre\u0219edintele Consiliului Jude\u021bean Harghita \u0219i-a exprimat p\u0103rerea cu privire la proiectul de aviz al strategiei aviatice \u0219i despre importan\u021ba aeroporturilor regionale de mici dimensiuni, respectiv a vorbit despre eforturile depuse la nivelul jude\u021bului Harghita \u00een acest sens.<br \/>\n<em>\u2192 Borboly Csaba a f\u0103cut o prezentare care a avut ca tem\u0103 aeroporturile de mici dimensiuni<\/em>,\u00a0<a href=\"http:\/\/judetulharghita.ro\/stiri\/borboly-csaba-a-facut-o-prezentare-care-a-avut-ca-tema-aeroporturile-de-mici-dimensiuni.html\">pagina de web al Consiliului Jude\u021bean Harghita\u00a0<\/a><br \/>\n<strong>\u2666 A 116-a \u0219edin\u021b\u0103 plenar\u0103, 10-11 februarie 2016<\/strong>: <a href=\"http:\/\/www.borbolycsaba.ro\/wp-content\/uploads\/2014\/06\/RO_Cooperarea-european\u0103-\u00een-domeniul-tineretului-2010-2018_proiect-de-aviz.pdf\" target=\"_blank\">Cooperarea european\u0103 \u00een domeniul tineretului (2010-2018)<\/a> proiect de aviz a fost acceptat<br \/>\n\u2666 <strong>A 116-a \u0219edin\u021b\u0103 plenar\u0103, 10-11 februarie 2016<\/strong>: Inovarea \u0219i modernizarea economiei rurale: <a href=\"http:\/\/www.borbolycsaba.ro\/wp-content\/uploads\/2014\/06\/RO_Inovarea-\u0219i-modernizarea-economiei-rurale_proiect-de-aviz.pdf\" target=\"_blank\">proiect de aviz<\/a>, <a href=\"http:\/\/www.borbolycsaba.ro\/wp-content\/uploads\/2014\/06\/RO_Inovarea-\u0219i-modernizarea-economiei-rurale_sajat-modosito-inditvanyok.pdf\" target=\"_blank\">amendamente proprii<\/a> \u0219i <a href=\"http:\/\/www.borbolycsaba.ro\/wp-content\/uploads\/2014\/06\/RO_Inovarea-\u0219i-modernizarea-economiei-rurale_tamogatott-modosito-inditvanyok.pdf\" target=\"_blank\">amendamente sprijinite<\/a><br \/>\n<strong>\u2666 A 115-a \u0219edin\u021b\u0103 plenar\u0103, 3-4 decembrie 2015:<\/strong> Viitorul Conven\u021biei Primarilor: <a href=\"http:\/\/www.borbolycsaba.ro\/wp-content\/uploads\/2014\/06\/RO_proiect-de-aviz_Viitorul-Conven\u021biei-primarilor.pdf\">proiect de aviz<\/a> \u0219i <a href=\"http:\/\/www.borbolycsaba.ro\/wp-content\/uploads\/2014\/06\/RO_amendamente_Viitorul-Conven\u021biei-primarilor.pdf\">amendamente<\/a>.<br \/>\n\u2666 <strong>A 115-a \u0219edin\u021b\u0103 plenar\u0103, 3-4 decembrie 2015: <\/strong>Contribu\u021bia la procesul REFIT: Directiva privind p\u0103s\u0103rile \u0219i\u00a0Directiva\u00a0privind habitatele: <a href=\"http:\/\/www.borbolycsaba.ro\/wp-content\/uploads\/2014\/06\/RO_proiect-de-aviz_Contribu\u021bia-la-procesul-REFIT-Directiva-privind-p\u0103s\u0103rile-\u0219i-Directiva-privind-habitatele.pdf\">proiectul de aviz<\/a>, \u0219i <a href=\"http:\/\/www.borbolycsaba.ro\/wp-content\/uploads\/2014\/06\/RO_amendamente-biwer_Contribu\u021bia-la-procesul-REFIT-Directiva-privind-p\u0103s\u0103rile-\u0219i-Directiva-privind-habitatele.pdf\">amendamentul final<\/a> pe baza amendamentului \u00eenaintat de Borboly Csaba<br \/>\n<em>\u2192 <a href=\"http:\/\/www.borbolycsaba.ro\/ro\/un-nou-pas-la-nivel-ue-in-cazul-daunelor-provocate-de-animalele-salbatice\/\">Un nou pas la nivel UE \u00een cazul daunelor provocate de animalele s\u0103lbatice<\/a><\/em><br \/>\n<strong>\u2666 A 6-a \u0219edin\u021b\u0103 a Comisiei SEDEC, 19 noiembrie 2015:<\/strong> <a href=\"http:\/\/www.borbolycsaba.ro\/wp-content\/uploads\/2014\/06\/RO_proiect-de-aviz_Cooperarea-europeana-in-domeniul-tineretului2010-2018.pdf\" target=\"_blank\">Cooperarea european\u0103 \u00een domeniul tineretului (2010-2018)<\/a> proiect de aviz a fost acceptat<br \/>\n\u2666 <strong>A 6-a \u0219edin\u021b\u0103 a Comisiei SEDEC, 19 noiembrie 2015:<\/strong> Privind proiectul de aviz <a href=\"http:\/\/www.borbolycsaba.ro\/wp-content\/uploads\/2014\/06\/RO_proiect-de-aviz_Integrarea-somerilor-de-lunga-durata-pe-piata-fortei-de-munca.pdf\" target=\"_blank\">Integrarea \u0219omerilor de lung\u0103 durat\u0103 pe pia\u021ba for\u021bei de munc\u0103<\/a> toate cele 6 <a href=\"http:\/\/www.borbolycsaba.ro\/wp-content\/uploads\/2014\/06\/RO_amendamente-BCS_Integrarea-somerilor-de-lunga-durata-pe-piata-fortei-de-munca.pdf\" target=\"_blank\">amendamentele<\/a> au fost acceptate.<br \/>\n\u2666 <a href=\"http:\/\/www.borbolycsaba.ro\/ro\/wp-content\/uploads\/2014\/06\/EPP-Summary-of-Decisions-ENVE-28-09-2015.pdf\" target=\"_blank\">Interven\u021bie<\/a><strong> \u00een cadrul \u0219edin\u021bei ENVE, 28 septembrie 2015<\/strong><br \/>\n<strong>\u2666 A 4-a \u0219edin\u021b\u0103 a Comisiei ENVE, 30 iunie 2015<\/strong>: Privind proiectul de aviz <a href=\"http:\/\/www.borbolycsaba.ro\/ro\/wp-content\/uploads\/2014\/06\/RO_C\u0103tre-\u00eencheierea-la-Paris-a-unui-acord-global-privind-clima_proiect-de-aviz.pdf\" target=\"_blank\">\u201eC\u0103tre \u00eencheierea, la Paris, a unui acord global privind clima\u201d<\/a> toate <a href=\"http:\/\/www.borbolycsaba.ro\/ro\/wp-content\/uploads\/2014\/06\/RO_C\u0102TRE-\u00ceNCHEIEREA-LA-PARIS-A-UNUI-ACORD-GLOBAL-PRIVIND-CLIMA_modosito-inditvanyok_Borboly.pdf\" target=\"_blank\">amendamentele<\/a> au fost acceptate.<br \/>\n\u2192 <em>Problema ur\u0219ilor din Harghita a fost prezentat\u0103 la Bruxelles, <a href=\"http:\/\/judetulharghita.ro\/stiri\/problema-ursilor-din-harghita-a-fost-prezentata-la-bruxelles.html\" target=\"_blank\">pagina de web al Consiliului Jude\u021bean Harghita<\/a><\/em><br \/>\n\u2666 <strong>A 4-a \u0219edin\u021b\u0103 a Comisiei SEDEC 25 iunie 2015<\/strong>: Privind proiectul de aviz <a href=\"http:\/\/www.borbolycsaba.ro\/ro\/wp-content\/uploads\/2014\/06\/RO_Rolul-economiei-sociale-in-relansarea-cresterii-economice-si-in-combaterea-somajului.pdf\" target=\"_blank\">Rolul economiei sociale \u00een relansarea cre\u0219terii economice \u0219i \u00een combaterea \u0219omajului<\/a> <a href=\"http:\/\/www.borbolycsaba.ro\/ro\/wp-content\/uploads\/2014\/06\/RO_Rolul-economiei-sociale-\u00een-relansarea-cre\u0219terii-economice-\u0219i-\u00een-combaterea-\u0219omajului_amendamente_Borboly.pdf\" target=\"_blank\">amendamentele<\/a> au fost acceptate.<br \/>\n\u2192 <em>Borboly Csaba militeaz\u0103 la Bruxelles \u00een favoarea \u00eenv\u0103\u021b\u0103m\u00e2ntului profesional \u0219i pentru crearea locurilor de munc\u0103, <a href=\"http:\/\/judetulharghita.ro\/stiri\/borboly-csaba-militeaza-la-bruxelles-in-favoarea-invatamantului-profesional-si-pentru-crearea-locurilor-de-munca.html\" target=\"_blank\">pagina de web al Consiliului Jude\u021bean Harghita<\/a><\/em><br \/>\n\u2666 <strong>A 110-a \u0219edin\u021b\u0103 plenar\u0103, 11-13 februarie 2015:<\/strong> Planul de ac\u021biune verde pentru IMM-uri \u0219i Ini\u021biativa privind locurile de munc\u0103 verzi: <a href=\"http:\/\/www.borbolycsaba.ro\/ro\/wp-content\/uploads\/2014\/06\/RO_ECOS-V-062_Planul-de-ac\u021biune-verde-pentru-IMM-uri-\u0219i-Ini\u021biativa-privind-locurile-de-munc\u0103-verzi_proiect-de-aviz.pdf\" target=\"_blank\">proiect de aviz<\/a> \u0219i <a href=\"http:\/\/www.borbolycsaba.ro\/ro\/wp-content\/uploads\/2014\/06\/RO_ECOS-V-062_Planul-de-ac\u021biune-verde-pentru-IMM-uri-\u0219i-Ini\u021biativa-privind-locurile-de-munc\u0103-verzi_am_Borboly-Csaba.pdf\" target=\"_blank\">amendamente<\/a><br \/>\n\u2666 <strong>A 109-a \u0218edin\u021ba plenar\u0103, 3-4 decembrie 2014:<\/strong> Eforturile de promovare a unei solidarit\u0103\u021bi reale \u00een cadrul unei autentice politici europene privind migra\u021bia: <a href=\"http:\/\/www.borbolycsaba.ro\/ro\/wp-content\/uploads\/2014\/06\/RO_proiect-de-aviz_Eforturile-de-promovare-a-unei-solidaritati-reale-in-cadrul-unei-autentice-politici-eruopene-privind-migratia.pdf\" target=\"_blank\">proiect de aviz<\/a> \u0219i <a href=\"http:\/\/www.borbolycsaba.ro\/ro\/wp-content\/uploads\/2014\/06\/RO_CIVEX-V-054_Eforturile-de-promovare-a-unei-solidarit\u0103\u021bi-reale-\u00een-cadrul-unei-autentice-politici-europene-privind-migra\u021bia_am_Borboly-Csaba.pdf\" target=\"_blank\">amendamente<\/a><br \/>\n\u2666 <strong>A 109-a \u0218edin\u021ba plenar\u0103, 3-4 decembrie 2014:<\/strong> Recunoa\u0219terea abilit\u0103\u021bilor \u0219i competen\u021belor dob\u00e2ndite \u00een cadrul \u00eenv\u0103\u021b\u0103rii non-formale \u0219i informale: <a href=\"http:\/\/www.borbolycsaba.ro\/ro\/wp-content\/uploads\/2014\/06\/RO_proiect-de-aviz_EDUC-V-043_Recunoa\u0219terea-abilit\u0103\u021bilor-\u0219i-competen\u021belor-dob\u00e2ndite-\u00een-cadrul-\u00eenv\u0103\u021b\u0103rii-non-formale-\u0219i-informale.pdf\" target=\"_blank\">proiect de aviz<\/a> \u0219i <a href=\"http:\/\/www.borbolycsaba.ro\/ro\/wp-content\/uploads\/2014\/06\/RO_EDUC-V_043_Recunoa\u0219terea-abilit\u0103\u021bilor-\u0219i-competen\u021belor-dob\u00e2ndite-\u00een-cadrul-\u00eenv\u0103\u021b\u0103rii-non-formale-\u0219i-informale_am_Borboly-Csaba.pdf\" target=\"_blank\">amendamente<\/a><br \/>\n\u2666 <strong>A 106-a \u0218edin\u021ba plenar\u0103, 2-3 aprilie 2014:<\/strong> <a href=\"http:\/\/www.borbolycsaba.ro\/ro\/wp-content\/uploads\/2013\/02\/RO_106plen_ECOS-V-053_UN-CADRU-DE-CALITATE-PENTRU-STAGII-_am_Borboly-Csaba.pdf\" target=\"_blank\">Un cadru de calitate pentru stagii<\/a><br \/>\n\u2666 <strong>A 106-a \u0218edin\u021ba plenar\u0103, 2-3 aprilie 2014:<\/strong> <a href=\"http:\/\/www.borbolycsaba.ro\/ro\/wp-content\/uploads\/2013\/02\/RO_106-plen_NAT-V-_AC%C8%9AIUNILE-DE-INFORMARE-%C8%98I-PROMOVARE-PENTRU-PRODUSELE-AGRICOLE-PE-PIA%C8%9AA-INTERN%C4%82-%C8%98I-%C3%8EN-%C8%9A%C4%82RILE-TER%C8%9AE-_am_Borboly-Csaba.pdf\" target=\"_blank\">Ac\u021biunile de informare \u0219i promovare pentru produsele agricole pe pia\u021ba intern\u0103 \u0219i \u00een \u021b\u0103rile ter\u021be<\/a><br \/>\n\u2192 <em>Lobby la Bruxelles \u00een folosul minorit\u0103\u021bilor na\u021bionale<\/em>, <em><a href=\"http:\/\/judetulharghita.ro\/stiri\/stiri-generale\/lobby-la-bruxelles-in-folosul-minoritatilor-nationale.html\" target=\"_blank\">pagina de web al Consiliului Jude\u021bean Harghita<\/a><\/em><br \/>\n\u2666 <strong>A 22-a \u0218edin\u021b\u0103 de Comisie, 12 februarie 2014:<\/strong> <a href=\"http:\/\/www.borbolycsaba.ro\/ro\/wp-content\/uploads\/2013\/02\/RO_22_ENVE-V-043_PROPUNEREA-DE-DIRECTIV%C4%82-DE-MODIFICARE-PRIVIND-AMBALAJELE-%C8%98I-DE%C8%98EURILE-DE-AMBALAJE-%C3%8EN-VEDEREA-REDUCERII-CONSUMULUI-DE-PUNGI-DE-TRANSPORT-DIN-PLASTIC-SUB%C8%9AIRI_am_BCS-.pdf\" target=\"_blank\">Propunerea de directiv\u0103 de modificare a directivei 94\/62\/CE privind ambalajele \u0219i de\u0219eurile de ambalaje \u00een vederea reducerii consumului de pungi de transport din plastic sub\u021biri<\/a><br \/>\n<strong>\u2666<\/strong> <strong>A 105-a \u0218edin\u021ba plenar\u0103, 30-31 ianuarie 2014: <\/strong><a href=\"http:\/\/www.borbolycsaba.ro\/ro\/raportor-in-comitetul-regiunilor\/\" target=\"_blank\">\u00cenv\u0103\u021b\u0103m\u00e2ntul superior european \u00een lume<\/a>: proiectul de aviz a fost adoptat \u0219i \u00een cadrul sesiunii plenare<br \/>\n<strong>\u2666<\/strong> <strong>A 105-a \u0218edin\u021ba plenar\u0103, 30-31 ianuarie 2014:<\/strong> <a href=\"http:\/\/www.borbolycsaba.ro\/ro\/wp-content\/uploads\/2013\/02\/RO_105-sesiune-plenara_ECOS-V-050_DIMENSIUNEA-SOCIAL%C4%82-A-UNIUNII-ECONOMICE-%C8%98I-MONETARE_am_Borboly-Csaba-.pdf\" target=\"_blank\">Dimensiunea social\u0103 a Uniunii Economice \u0219i Monetare<\/a><br \/>\n<strong>\u2666<\/strong> <strong>A 104-a \u0218edin\u021ba plenar\u0103, 28-29 noiembrie 2013:<\/strong> <a href=\"http:\/\/www.borbolycsaba.ro\/ro\/wp-content\/uploads\/2013\/02\/RO_104-plen_ECOS-v-045_DIRECTIVA-PRIVIND-FACTURAREA-ELECTRONIC%C4%82-%C8%98I-ACHIZI%C8%9AIILE-PUBLICE-ELECTRONICE-DE-LA-UN-CAP%C4%82T-LA-ALTUL_am_Borboly-Csaba.pdf\" target=\"_blank\">Directiva privind facturarea electronic\u0103 \u0219i achizi\u021biile publice electronice de la un cap\u0103t la altul<\/a><br \/>\n<strong>\u2666<\/strong> <strong>A 20-a \u0218edin\u021b\u0103 de Comisie, 13 noiembrie 2013:<\/strong> <a href=\"http:\/\/www.borbolycsaba.ro\/ro\/raportor-in-comitetul-regiunilor\/\" target=\"_blank\">\u00cenv\u0103\u021b\u0103m\u00e2ntul superior european \u00een lume<\/a><b> <\/b><br \/>\n<strong><strong>\u2666<\/strong> A\u00a0103-a \u0218edin\u021b\u0103 plenar\u0103, 7-9 octombrie 2013:<\/strong>\u00a0<a href=\"http:\/\/www.borbolycsaba.ro\/ro\/wp-content\/uploads\/2013\/09\/RO_ENVE_V_034_Hidrocarburi_Neconventionale_Amendament_BorbolyCsaba_RO.pdf\" target=\"_blank\">Perspectiva autotorit\u0103\u021bilor locale \u0219i regionale privind petrolul \u0219i gazele de \u0219ist sau din alte forma\u021biuni compacte (hidrocarburi neconven\u021bionale)<\/a>\u00a0(suportate de:\u00a0Varga Zolt\u00e1n, Heinz Lehmann,\u00a0Jos\u00e9 Mac\u00e1rio Correia, Nagy S\u00e1ndor, Kov\u00e1cs S\u00e1ndor, Szab\u00f3 Gyula, Rivero Baute Paulino, Maria de Diego Durantez)<br \/>\n<b><strong>\u2666<\/strong><\/b> <strong>20-a \u0218edin\u021b\u0103 de Comisie, 2 septembrie 2013:<\/strong><b>\u00a0\u00a0<\/b><a href=\"http:\/\/www.borbolycsaba.ro\/ro\/wp-content\/uploads\/2013\/09\/ENVE-V-039_INFRASTRUCTURILE-ECOLOGICE-%E2%80%94-VALORIFICAREA-CAPITALULUI-NATURAL-AL-EUROPEIL-.pdf\" target=\"_blank\">Infrastructuril<\/a><a href=\"http:\/\/www.borbolycsaba.ro\/ro\/wp-content\/uploads\/2013\/09\/ENVE-V-039_INFRASTRUCTURILE-ECOLOGICE-%E2%80%94-VALORIFICAREA-CAPITALULUI-NATURAL-AL-EUROPEIL-.pdf\" target=\"_blank\">e ecologice \u2013 valorificarea capitalului natural al Europei<\/a><br \/>\n<b><strong>\u2666<\/strong> <\/b><strong>20-a \u0218edin\u021b\u0103 de Comisie, 2 septembrie 2013:<\/strong>\u00a0<a href=\"http:\/\/www.borbolycsaba.ro\/ro\/wp-content\/uploads\/2013\/09\/Enve-V_037_STRATEGIA-UE-PRIVIND-ADAPTAREA-LA-SCHIMB%C4%82RILE-CLIMATICE.pdf\" target=\"_blank\">Strategia UE privind adaptarea la schimb\u0103rile climatice<\/a><b><strong>\u2666<\/strong> <\/b><strong>18-a \u0218edin\u021b\u0103 de Comisie, 25 aprilie 2013, 101. \u0218edin\u021b\u0103 plenar\u0103, 30 mai 2013:<\/strong><b>\u00a0<\/b><a href=\"http:\/\/www.borbolycsaba.ro\/ro\/wp-content\/uploads\/2013\/09\/RO_ENVE-V-032-AL-%C8%98APTELEA-PROGAM-DE-AC%C8%9AIUNE-PENTRU-MEDIU-AL-UE.pdf\" target=\"_blank\">Al \u0219aptelea program de ac\u021biune pentru mediu al UE\u00a0<\/a><br \/>\n<b><strong>\u2666<\/strong> <\/b><strong>18-a \u0218edin\u021b\u0103 de Comisie, 25 aprilie 2013:<\/strong><b>\u00a0<\/b><a href=\"http:\/\/www.borbolycsaba.ro\/ro\/wp-content\/uploads\/2013\/09\/RO_EDUC-V-032_PACHETUL-PRIVIND-OCUPAREA-FOR%C8%9AEI-DE-MUNC%C4%82-%C3%8EN-R%C3%82NDUL-TINERILOR_Am_Borboly-Csaba-.pdf\" target=\"_blank\">Pachetul privind ocuparea for\u021bei de munc\u0103 \u00een r\u00e2ndul tinerilor<\/a><br \/>\n<b><strong>\u2666<\/strong> <\/b><strong>18-a \u0218edin\u021b\u0103 de Comisie, 24 aprilie 2013:<\/strong><b>\u00a0<\/b><a href=\"http:\/\/www.borbolycsaba.ro\/ro\/wp-content\/uploads\/2013\/09\/RO_ENVE-V-029_Orase-si-comunitati-inteligente_amendament_Borboly-Csaba.pdf\" target=\"_blank\">Ora\u0219e \u0219i comunit\u0103\u021bi inteligente \u2013 parteneriatul European pentru inovare<\/a><br \/>\n<b><strong>\u2666<\/strong> <\/b><strong>18-a \u0218edin\u021b\u0103 de Comisie, 24 aprilie 2013:<\/strong> <a href=\"http:\/\/www.borbolycsaba.ro\/ro\/wp-content\/uploads\/2013\/09\/RO_ENVE-V-035_Reexaminarea-obiectivul-cheie-ale-UE-privind-deseurile_Amendment_Borboly-Csaba.pdf\" target=\"_blank\">Reexaminarea obiectivelor-cheie ale Uniunii Europene privind de\u0219eurile<\/a><br \/>\n<strong><strong>\u2666<\/strong> 99-a \u0218edin\u021b\u0103 plenar\u0103, 31 ianuarie -1 februarie 2013:\u00a0<\/strong><a href=\"http:\/\/borbolycsaba.ro\/ro\/wp-content\/uploads\/2013\/02\/AmendamentBUDGBorbolyCSaba.pdf\" target=\"_blank\">Crearea unor sinergii mai puternice \u00eentre bugetul UE, bugetele na\u021bionale \u0219i cele subna\u021bionale<\/a><br \/>\n<strong><strong>\u2666<\/strong>99-a \u0218edin\u021b\u0103 plenar\u0103, 31 ianuarie -1 februarie 2013:\u00a0<\/strong><a href=\"http:\/\/borbolycsaba.ro\/ro\/wp-content\/uploads\/2013\/03\/AmendamentEnergieRegenerabilaBorbolyCsaba.pdf\" target=\"_blank\">Energia din surse regenerabile: o prezen\u021b\u0103 major\u0103 pe pia\u021ba energetic\u0103 european\u0103<\/a><br \/>\n\u2192<i>Borboly Csaba a luat pozi\u021bie \u00een sus\u021binerea zonelor europene rurale,\u00a0<a href=\"http:\/\/www.judetulharghita.ro\/stiri\/stiri-generale\/borboly-csaba-a-luat-pozitie-in-sustinerea-zonelor-europene-rurale.html\" target=\"_blank\"><em>pagina de web al Consiliului Jude\u021bean Harghita<\/em><\/a><\/i><br \/>\n\u2192<i>Comisia de specialitate a Comitetului Regiunilor a acceptat propunerile de modificare \u00eenaintate de Borboly Csaba,\u00a0<a href=\"http:\/\/judetulharghita.ro\/stiri\/stiri-generale\/comitetul-regiunilor-au-fost-acceptate-propunerile-de-modificare-inaintate-de-borboly-csaba.html\" target=\"_blank\"><i><em>pagina de web al Consiliului Jude\u021bean Harghita<\/em><\/i><\/a><\/i><\/p>\n<div class=\"pvc_clear\"><\/div>\n<p id=\"pvc_stats_1011\" class=\"pvc_stats all  \" data-element-id=\"1011\" style=\"\"><i class=\"pvc-stats-icon medium\" aria-hidden=\"true\"><svg aria-hidden=\"true\" focusable=\"false\" data-prefix=\"far\" data-icon=\"chart-bar\" role=\"img\" xmlns=\"http:\/\/www.w3.org\/2000\/svg\" viewBox=\"0 0 512 512\" class=\"svg-inline--fa fa-chart-bar fa-w-16 fa-2x\"><path fill=\"currentColor\" d=\"M396.8 352h22.4c6.4 0 12.8-6.4 12.8-12.8V108.8c0-6.4-6.4-12.8-12.8-12.8h-22.4c-6.4 0-12.8 6.4-12.8 12.8v230.4c0 6.4 6.4 12.8 12.8 12.8zm-192 0h22.4c6.4 0 12.8-6.4 12.8-12.8V140.8c0-6.4-6.4-12.8-12.8-12.8h-22.4c-6.4 0-12.8 6.4-12.8 12.8v198.4c0 6.4 6.4 12.8 12.8 12.8zm96 0h22.4c6.4 0 12.8-6.4 12.8-12.8V204.8c0-6.4-6.4-12.8-12.8-12.8h-22.4c-6.4 0-12.8 6.4-12.8 12.8v134.4c0 6.4 6.4 12.8 12.8 12.8zM496 400H48V80c0-8.84-7.16-16-16-16H16C7.16 64 0 71.16 0 80v336c0 17.67 14.33 32 32 32h464c8.84 0 16-7.16 16-16v-16c0-8.84-7.16-16-16-16zm-387.2-48h22.4c6.4 0 12.8-6.4 12.8-12.8v-70.4c0-6.4-6.4-12.8-12.8-12.8h-22.4c-6.4 0-12.8 6.4-12.8 12.8v70.4c0 6.4 6.4 12.8 12.8 12.8z\" class=\"\"><\/path><\/svg><\/i> <img loading=\"lazy\" decoding=\"async\" width=\"16\" height=\"16\" alt=\"Loading\" src=\"https:\/\/www.borbolycsaba.ro\/ro\/wp-content\/plugins\/page-views-count\/ajax-loader-2x.gif\" border=0 \/><\/p>\n<div class=\"pvc_clear\"><\/div>\n<!-- AddThis Advanced Settings generic via filter on the_content -->","protected":false},"excerpt":{"rendered":"<p>\u2666 A 12-a \u0219edin\u021b\u0103 a Comisiei SEDEC, 31 ianuarie 2017: Privind proiectul de aviz Strategiile de specializare inteligent\u0103 (RIS3): impactul asupra regiunilor \u0219i cooper\u0103rii interregionale\u00a0 amendamentul depus a fost acceptat. \u2666 A 120-a sesiune plenar\u0103, 7 \u0219i 8 decembrie 2016: Privind proiectul de aviz Migra\u021bia legal\u0103\u00a0 amendamentul depus a fost acceptat. \u2666 4 iulie 2016: [&hellip;]<!-- AddThis Advanced Settings generic via filter on wp_trim_excerpt --><\/p>\n<div class=\"pvc_clear\"><\/div>\n<p id=\"pvc_stats_1011\" class=\"pvc_stats all  \" data-element-id=\"1011\" style=\"\"><i class=\"pvc-stats-icon medium\" aria-hidden=\"true\"><svg aria-hidden=\"true\" focusable=\"false\" data-prefix=\"far\" data-icon=\"chart-bar\" role=\"img\" xmlns=\"http:\/\/www.w3.org\/2000\/svg\" viewBox=\"0 0 512 512\" class=\"svg-inline--fa fa-chart-bar fa-w-16 fa-2x\"><path fill=\"currentColor\" d=\"M396.8 352h22.4c6.4 0 12.8-6.4 12.8-12.8V108.8c0-6.4-6.4-12.8-12.8-12.8h-22.4c-6.4 0-12.8 6.4-12.8 12.8v230.4c0 6.4 6.4 12.8 12.8 12.8zm-192 0h22.4c6.4 0 12.8-6.4 12.8-12.8V140.8c0-6.4-6.4-12.8-12.8-12.8h-22.4c-6.4 0-12.8 6.4-12.8 12.8v198.4c0 6.4 6.4 12.8 12.8 12.8zm96 0h22.4c6.4 0 12.8-6.4 12.8-12.8V204.8c0-6.4-6.4-12.8-12.8-12.8h-22.4c-6.4 0-12.8 6.4-12.8 12.8v134.4c0 6.4 6.4 12.8 12.8 12.8zM496 400H48V80c0-8.84-7.16-16-16-16H16C7.16 64 0 71.16 0 80v336c0 17.67 14.33 32 32 32h464c8.84 0 16-7.16 16-16v-16c0-8.84-7.16-16-16-16zm-387.2-48h22.4c6.4 0 12.8-6.4 12.8-12.8v-70.4c0-6.4-6.4-12.8-12.8-12.8h-22.4c-6.4 0-12.8 6.4-12.8 12.8v70.4c0 6.4 6.4 12.8 12.8 12.8z\" class=\"\"><\/path><\/svg><\/i> <img loading=\"lazy\" decoding=\"async\" width=\"16\" height=\"16\" alt=\"Loading\" src=\"https:\/\/www.borbolycsaba.ro\/ro\/wp-content\/plugins\/page-views-count\/ajax-loader-2x.gif\" border=0 \/><\/p>\n<div class=\"pvc_clear\"><\/div>\n","protected":false},"author":5,"featured_media":0,"parent":0,"menu_order":0,"comment_status":"open","ping_status":"closed","template":"","meta":{"footnotes":""},"a3_pvc":{"activated":true,"total_views":2107,"today_views":0},"_links":{"self":[{"href":"https:\/\/www.borbolycsaba.ro\/ro\/wp-json\/wp\/v2\/pages\/1011"}],"collection":[{"href":"https:\/\/www.borbolycsaba.ro\/ro\/wp-json\/wp\/v2\/pages"}],"about":[{"href":"https:\/\/www.borbolycsaba.ro\/ro\/wp-json\/wp\/v2\/types\/page"}],"author":[{"embeddable":true,"href":"https:\/\/www.borbolycsaba.ro\/ro\/wp-json\/wp\/v2\/users\/5"}],"replies":[{"embeddable":true,"href":"https:\/\/www.borbolycsaba.ro\/ro\/wp-json\/wp\/v2\/comments?post=1011"}],"version-history":[{"count":24,"href":"https:\/\/www.borbolycsaba.ro\/ro\/wp-json\/wp\/v2\/pages\/1011\/revisions"}],"predecessor-version":[{"id":2226,"href":"https:\/\/www.borbolycsaba.ro\/ro\/wp-json\/wp\/v2\/pages\/1011\/revisions\/2226"}],"wp:attachment":[{"href":"https:\/\/www.borbolycsaba.ro\/ro\/wp-json\/wp\/v2\/media?parent=1011"}],"curies":[{"name":"wp","href":"https:\/\/api.w.org\/{rel}","templated":true}]}}