{"id":1021,"date":"2014-06-03T16:13:51","date_gmt":"2014-06-03T13:13:51","guid":{"rendered":"http:\/\/www.borbolycsaba.ro\/ro\/?page_id=1021"},"modified":"2015-12-07T15:02:20","modified_gmt":"2015-12-07T13:02:20","slug":"propuneri-neacceptate-sau-propuneri-fara-semnaturi-suficiente","status":"publish","type":"page","link":"https:\/\/www.borbolycsaba.ro\/ro\/propuneri-neacceptate-sau-propuneri-fara-semnaturi-suficiente\/","title":{"rendered":"Propuneri neacceptate sau propuneri f\u0103r\u0103 semn\u0103turi suficiente"},"content":{"rendered":"<ul style=\"text-align: justify;\">\n<li>\u2666 <strong>A 115-a \u0219edin\u021b\u0103 plenar\u0103, 3-4 decembrie 2015: <\/strong>Rolul economiei sociale \u00een relansarea cre\u0219terii economice \u0219i \u00een combaterea \u0219omajului: <a href=\"http:\/\/www.borbolycsaba.ro\/wp-content\/uploads\/2014\/06\/RO_proiect-de-aviz_Rolul-economiei-sociale-\u00een-relansarea-cre\u0219terii-economice-.pdf\">proiect de aviz<\/a> \u0219i <a href=\"http:\/\/www.borbolycsaba.ro\/wp-content\/uploads\/2014\/06\/SEDEC_VI_004_amendamente_Rolul_economiei_sociale_Amendamente_BorbolyCsaba_RO.pdf\">amendamente<\/a>.<\/li>\n<li><b><strong>\u2666<\/strong> <\/b><strong>A 107-a \u0218edin\u021ba plenar\u0103, 25-26 iunie 2014:<\/strong> <a href=\"http:\/\/www.borbolycsaba.ro\/ro\/wp-content\/uploads\/2014\/06\/RO_CIVEX-V-047_VIITOARELE-POLITICI-ALE-UE-\u00ceN-DOMENIUL-JUSTI\u021aIEI-\u0218I-AFACERILOR-INTERNE_amendamente_Borboly-Csaba.pdf\" target=\"_blank\">Viitoarele politici ale UE \u00een domeniul justi\u021biei \u0219i afacerilor interne<\/a><\/li>\n<li><b><strong>\u2666<\/strong> <\/b><strong>A 21-a \u0218edin\u021b\u0103 de comisie ENVE, 5 decembrie 2013:<\/strong> <a href=\"http:\/\/www.borbolycsaba.ro\/ro\/wp-content\/uploads\/2013\/02\/RO_21enve_ENVE-V-038_CARTEA-VERDE-%E2%80%9EUN-CADRU-PENTRU-2030-PENTRU-POLITICI-%C3%8EN-DOMENIUL-CLIMEI-%C8%98I-AL-ENERGIEI_am_Borboly-Csaba.pdf\" target=\"_blank\">Carta Verde \u201cUn cadru pentru 2030 pentru politici \u00een domeniul climei \u0219i al energiei\u201d<\/a><\/li>\n<li><b><strong>\u2666<\/strong> <\/b><strong>A 104-a \u0218edin\u021ba plenar\u0103, 28-29 noiembrie 2013:<\/strong> <a href=\"http:\/\/www.borbolycsaba.ro\/ro\/wp-content\/uploads\/2013\/02\/RO_COTER_V_042_Strategii_Macroregionale_Amendament_BorbolyCsaba_RO.pdf\" target=\"_blank\">Valoare ad\u0103ugat\u0103 a strategiilor macroregionale<\/a><\/li>\n<li><b><strong>\u2666<\/strong> <\/b><strong>A 104-a \u0218edin\u021ba plenar\u0103, 28-29 noiembrie 2013:<\/strong> <a href=\"http:\/\/www.borbolycsaba.ro\/ro\/wp-content\/uploads\/2013\/02\/RO_COTER_V_044_Fondul_de_solidaritate_Amendament_BorbolyCsaba_RO.pdf\" target=\"_blank\">Fondul de Solidaritate al Uniiunii Europene<\/a><\/li>\n<li><strong><b><strong>\u2666<\/strong><\/b><\/strong>\u00a0<strong>A\u00a0103-a \u0218edint\u0103 plenar\u0103, 7-9 octombrie 2013:\u00a0<\/strong><a href=\"http:\/\/www.borbolycsaba.ro\/ro\/wp-content\/uploads\/2013\/09\/RO_COTER_V_039_ParteneriatulUrban-Rural_Amendament_BorbolyCsaba_RO.pdf\" target=\"_blank\">Parteneriatul urban-rural \u0219i guvernan\u021ba<\/a>\u00a0(suportate de:\u00a0Varga Zolt\u00e1n, Heinz Lehmann, Jos\u00e9 Mac\u00e1rio Correia, Nagy S\u00e1ndor, Kov\u00e1cs S\u00e1ndor, Mircea Cosma, Bihary G\u00e1bor)<\/li>\n<li><b><b><strong>\u2666<\/strong> <\/b><\/b><strong>20-a \u0218edin\u021b\u0103 de comisie, 2 septembrie 2013:<\/strong>\u00a0<a href=\"http:\/\/www.borbolycsaba.ro\/ro\/wp-content\/uploads\/2013\/09\/Enve-V-036_CARTEA-VERDE-PRIVIND-STRATEGIA-EUROPEAN%C4%82-.pdf\" target=\"_blank\">Cartea verde privind strategia european\u0103 \u00een materie de de\u0219euri de plastic aflate \u00een mediul \u00eenconjur\u0103tor<\/a><\/li>\n<li><b><b><strong>\u2666<\/strong> <\/b><\/b><strong>18-a \u0218edin\u021b\u0103 de comisie, 24 aprilie 2013:<\/strong><b>\u00a0<\/b><a href=\"http:\/\/www.borbolycsaba.ro\/ro\/wp-content\/uploads\/2013\/09\/RO_ENVE-V-033_Eficientizarea-pietei-interne-a-energiei_Am_Borboly-Csaba.pdf\" target=\"_blank\">Eficientizarea pie\u021bei interne a energiei<\/a><\/li>\n<li><b><b><strong>\u2666<\/strong> <\/b><\/b><strong>101-a \u0218edin\u021b\u0103 plenar\u0103, 30 mai 2013<\/strong>:<b>\u00a0<\/b><a href=\"http:\/\/www.borbolycsaba.ro\/ro\/wp-content\/uploads\/2013\/09\/101_plen_NATV_028_EVOLU%C5%A2IA-SITUA%C5%A2IEI-PIE%C5%A2EI-%C5%9EI-CONDI%C5%A2IILE-SUBSECVENTE-DE-ELIMINARE-TREPTAT%C4%82-A-SISTEMULUI-DE-COTE-PENTRU-LAPTE-%E2%80%93-AL-DOILEA-RAPORT-PRIVIND-TRANZI%C5%A2IA-F%C4%82R%C4%82-PROBLEME-.pdf\" target=\"_blank\">Evolu\u021bia pie\u021bei \u0219i condi\u021biile subsecvente de elimiare treptat\u0103 a sistemului de cote pentru lapte \u2013 al doile raport privind tranzi\u021bia f\u0103r\u0103 probleme<\/a><\/li>\n<li><b><b><strong>\u2666<\/strong> <\/b><\/b><strong>17-a \u0218edin\u021b\u0103 de comisie, 25 februarie 2013, 101-a \u0218edin\u021b\u0103 plenar\u0103, 30 mai 2013:<\/strong><b>\u00a0<\/b><a href=\"http:\/\/www.borbolycsaba.ro\/ro\/wp-content\/uploads\/2013\/09\/RO_EDUC-V-029_Sectoarele-culturale-si-creative_Am_BorbolyCsaba.pdf\" target=\"_blank\">Sectoarele culturale \u0219i creative pentru cre\u0219tere economic\u0103 \u0219i crearea de locuri de munc\u0103<\/a><\/li>\n<li><b><b><strong>\u2666<\/strong> <\/b><\/b><strong>17-a \u0218edin\u021b\u0103 de comisie, 25 februarie 2013, 100-a \u0218edin\u021b\u0103 plenar\u0103, 11-12 aprilie 2013:<\/strong><b>\u00a0<\/b><a href=\"http:\/\/www.borbolycsaba.ro\/ro\/wp-content\/uploads\/2013\/09\/RO_EDUC-V_030_REGANDIREA-EDUCATIEI_Amendament_BorbolyCsaba.pdf\" target=\"_blank\">Reg\u00e2ndirea educa\u021biei<\/a><\/li>\n<li><b><b><strong>\u2666<\/strong> <\/b><\/b><strong>17-a \u0218edin\u021b\u0103 de comisie, 25 februarie 2013:<\/strong><b>\u00a0<\/b><a href=\"http:\/\/www.borbolycsaba.ro\/ro\/wp-content\/uploads\/2013\/09\/RO_EDU-V-027_Consolidarea-si-concentrarea-coooperarii_Am_Borboly-Csaba.pdf\" target=\"_blank\">Consolidarea \u0219i concentrarea cooper\u0103rii interna\u021bionale a UE \u00een domeniul cercet\u0103rii \u0219i al inov\u0103rii<\/a><\/li>\n<li><b><b><strong>\u2666<\/strong> <\/b><\/b><strong>99-a \u0218edin\u021b\u0103 plenar\u0103, 31 ianuarie -1 februarie 2013:<\/strong>\u00a0<a href=\"http:\/\/www.borbolycsaba.ro\/ro\/wp-content\/uploads\/2013\/09\/RO_COTER-V-033_PACHETUL-LEGISLATIV-PRIVIND-POLITICA-DE-COEZIUNE-POST-2013a.pdf\" target=\"_blank\">Pachetul legislativ privind politica de coeziune post -2013<\/a><\/li>\n<li><b><b><strong>\u2666<\/strong> <\/b><\/b><strong>99-a \u0218edin\u021b\u0103 plenar\u0103, 31 ianuarie -1 februarie 2013:<\/strong><b>\u00a0<\/b><a href=\"http:\/\/www.borbolycsaba.ro\/ro\/wp-content\/uploads\/2013\/09\/RO_ECOS_V033._Rolul-autoritatilor-locale-si-regional_Am_Borboly-Csaba.pdf\" target=\"_blank\">Rolul autorit\u0103\u021bilor locale \u0219i regionale \u00een promovarea cre\u0219terii \u0219i \u00een consolidarea \u00eenfiin\u021b\u0103rii de locuri de munc\u0103<\/a><\/li>\n<li><b><b><strong>\u2666<\/strong> <\/b><\/b><strong>98-a \u0218edin\u021b\u0103 plenar\u0103 , 29-30 noiembrie 2012:<\/strong> <a href=\"http:\/\/www.borbolycsaba.ro\/ro\/wp-content\/uploads\/2013\/09\/RO_EDUC-V-028_Capitalele-europene-ale-culturii-2020-2033.pdf\" target=\"_blank\">Capitalele europene ale culturii (2020-2033)<\/a><\/li>\n<li><b><b><strong>\u2666<\/strong> <\/b><\/b><strong>98-a \u0218edin\u021b\u0103 plenar\u0103, 29-30 noiembrie 2012:<\/strong><b>\u00a0<\/b><a href=\"http:\/\/www.borbolycsaba.ro\/ro\/wp-content\/uploads\/2013\/09\/RO_EDUCV024_Inovarea-in-scopul-cre%C8%99terii-durabile_Am_Borboly-Csaba.pdf\" target=\"_blank\">Inovarea \u00een scopul cre\u0219terii durabile: o bioeconomie pentru Europa<\/a><\/li>\n<\/ul>\n<div class=\"pvc_clear\"><\/div>\n<p id=\"pvc_stats_1021\" class=\"pvc_stats all  \" data-element-id=\"1021\" style=\"\"><i class=\"pvc-stats-icon medium\" aria-hidden=\"true\"><svg aria-hidden=\"true\" focusable=\"false\" data-prefix=\"far\" data-icon=\"chart-bar\" role=\"img\" xmlns=\"http:\/\/www.w3.org\/2000\/svg\" viewBox=\"0 0 512 512\" class=\"svg-inline--fa fa-chart-bar fa-w-16 fa-2x\"><path fill=\"currentColor\" d=\"M396.8 352h22.4c6.4 0 12.8-6.4 12.8-12.8V108.8c0-6.4-6.4-12.8-12.8-12.8h-22.4c-6.4 0-12.8 6.4-12.8 12.8v230.4c0 6.4 6.4 12.8 12.8 12.8zm-192 0h22.4c6.4 0 12.8-6.4 12.8-12.8V140.8c0-6.4-6.4-12.8-12.8-12.8h-22.4c-6.4 0-12.8 6.4-12.8 12.8v198.4c0 6.4 6.4 12.8 12.8 12.8zm96 0h22.4c6.4 0 12.8-6.4 12.8-12.8V204.8c0-6.4-6.4-12.8-12.8-12.8h-22.4c-6.4 0-12.8 6.4-12.8 12.8v134.4c0 6.4 6.4 12.8 12.8 12.8zM496 400H48V80c0-8.84-7.16-16-16-16H16C7.16 64 0 71.16 0 80v336c0 17.67 14.33 32 32 32h464c8.84 0 16-7.16 16-16v-16c0-8.84-7.16-16-16-16zm-387.2-48h22.4c6.4 0 12.8-6.4 12.8-12.8v-70.4c0-6.4-6.4-12.8-12.8-12.8h-22.4c-6.4 0-12.8 6.4-12.8 12.8v70.4c0 6.4 6.4 12.8 12.8 12.8z\" class=\"\"><\/path><\/svg><\/i> <img loading=\"lazy\" decoding=\"async\" width=\"16\" height=\"16\" alt=\"Loading\" src=\"https:\/\/www.borbolycsaba.ro\/ro\/wp-content\/plugins\/page-views-count\/ajax-loader-2x.gif\" border=0 \/><\/p>\n<div class=\"pvc_clear\"><\/div>\n<!-- AddThis Advanced Settings generic via filter on the_content -->","protected":false},"excerpt":{"rendered":"<p>\u2666 A 115-a \u0219edin\u021b\u0103 plenar\u0103, 3-4 decembrie 2015: Rolul economiei sociale \u00een relansarea cre\u0219terii economice \u0219i \u00een combaterea \u0219omajului: proiect de aviz \u0219i amendamente. \u2666 A 107-a \u0218edin\u021ba plenar\u0103, 25-26 iunie 2014: Viitoarele politici ale UE \u00een domeniul justi\u021biei \u0219i afacerilor interne \u2666 A 21-a \u0218edin\u021b\u0103 de comisie ENVE, 5 decembrie 2013: Carta Verde \u201cUn [&hellip;]<!-- AddThis Advanced Settings generic via filter on wp_trim_excerpt --><\/p>\n<div class=\"pvc_clear\"><\/div>\n<p id=\"pvc_stats_1021\" class=\"pvc_stats all  \" data-element-id=\"1021\" style=\"\"><i class=\"pvc-stats-icon medium\" aria-hidden=\"true\"><svg aria-hidden=\"true\" focusable=\"false\" data-prefix=\"far\" data-icon=\"chart-bar\" role=\"img\" xmlns=\"http:\/\/www.w3.org\/2000\/svg\" viewBox=\"0 0 512 512\" class=\"svg-inline--fa fa-chart-bar fa-w-16 fa-2x\"><path fill=\"currentColor\" d=\"M396.8 352h22.4c6.4 0 12.8-6.4 12.8-12.8V108.8c0-6.4-6.4-12.8-12.8-12.8h-22.4c-6.4 0-12.8 6.4-12.8 12.8v230.4c0 6.4 6.4 12.8 12.8 12.8zm-192 0h22.4c6.4 0 12.8-6.4 12.8-12.8V140.8c0-6.4-6.4-12.8-12.8-12.8h-22.4c-6.4 0-12.8 6.4-12.8 12.8v198.4c0 6.4 6.4 12.8 12.8 12.8zm96 0h22.4c6.4 0 12.8-6.4 12.8-12.8V204.8c0-6.4-6.4-12.8-12.8-12.8h-22.4c-6.4 0-12.8 6.4-12.8 12.8v134.4c0 6.4 6.4 12.8 12.8 12.8zM496 400H48V80c0-8.84-7.16-16-16-16H16C7.16 64 0 71.16 0 80v336c0 17.67 14.33 32 32 32h464c8.84 0 16-7.16 16-16v-16c0-8.84-7.16-16-16-16zm-387.2-48h22.4c6.4 0 12.8-6.4 12.8-12.8v-70.4c0-6.4-6.4-12.8-12.8-12.8h-22.4c-6.4 0-12.8 6.4-12.8 12.8v70.4c0 6.4 6.4 12.8 12.8 12.8z\" class=\"\"><\/path><\/svg><\/i> <img loading=\"lazy\" decoding=\"async\" width=\"16\" height=\"16\" alt=\"Loading\" src=\"https:\/\/www.borbolycsaba.ro\/ro\/wp-content\/plugins\/page-views-count\/ajax-loader-2x.gif\" border=0 \/><\/p>\n<div class=\"pvc_clear\"><\/div>\n","protected":false},"author":5,"featured_media":0,"parent":0,"menu_order":0,"comment_status":"open","ping_status":"closed","template":"","meta":{"footnotes":""},"a3_pvc":{"activated":true,"total_views":1821,"today_views":0},"_links":{"self":[{"href":"https:\/\/www.borbolycsaba.ro\/ro\/wp-json\/wp\/v2\/pages\/1021"}],"collection":[{"href":"https:\/\/www.borbolycsaba.ro\/ro\/wp-json\/wp\/v2\/pages"}],"about":[{"href":"https:\/\/www.borbolycsaba.ro\/ro\/wp-json\/wp\/v2\/types\/page"}],"author":[{"embeddable":true,"href":"https:\/\/www.borbolycsaba.ro\/ro\/wp-json\/wp\/v2\/users\/5"}],"replies":[{"embeddable":true,"href":"https:\/\/www.borbolycsaba.ro\/ro\/wp-json\/wp\/v2\/comments?post=1021"}],"version-history":[{"count":6,"href":"https:\/\/www.borbolycsaba.ro\/ro\/wp-json\/wp\/v2\/pages\/1021\/revisions"}],"predecessor-version":[{"id":1842,"href":"https:\/\/www.borbolycsaba.ro\/ro\/wp-json\/wp\/v2\/pages\/1021\/revisions\/1842"}],"wp:attachment":[{"href":"https:\/\/www.borbolycsaba.ro\/ro\/wp-json\/wp\/v2\/media?parent=1021"}],"curies":[{"name":"wp","href":"https:\/\/api.w.org\/{rel}","templated":true}]}}