{"id":1025,"date":"2014-06-03T16:16:14","date_gmt":"2014-06-03T13:16:14","guid":{"rendered":"http:\/\/www.borbolycsaba.ro\/ro\/?page_id=1025"},"modified":"2015-06-03T10:41:05","modified_gmt":"2015-06-03T07:41:05","slug":"informatii-utile","status":"publish","type":"page","link":"https:\/\/www.borbolycsaba.ro\/ro\/informatii-utile\/","title":{"rendered":"Informa\u0163ii utile"},"content":{"rendered":"<ul>\n<ul>\n<ul>\n<li><b>\u2666<\/b><b> <\/b><strong>La sesiunea plenar\u0103 din iunie va participa \u0219i Jean Claude Juncker, pre\u0219esintele Comisiei Europene<\/strong><\/li>\n<li style=\"text-align: center;\"><a href=\"http:\/\/www.borbolycsaba.ro\/ro\/wp-content\/uploads\/2014\/06\/latest-news.jpg\"><img loading=\"lazy\" decoding=\"async\" class=\"alignnone size-full wp-image-1533\" alt=\"latest news\" src=\"http:\/\/www.borbolycsaba.ro\/ro\/wp-content\/uploads\/2014\/06\/latest-news.jpg\" width=\"514\" height=\"457\" srcset=\"https:\/\/www.borbolycsaba.ro\/ro\/wp-content\/uploads\/2014\/06\/latest-news.jpg 597w, https:\/\/www.borbolycsaba.ro\/ro\/wp-content\/uploads\/2014\/06\/latest-news-300x266.jpg 300w\" sizes=\"(max-width: 514px) 100vw, 514px\" \/><\/a><\/li>\n<li style=\"text-align: center;\"><a href=\"http:\/\/issuu.com\/eppcor\/docs\/2609-eppinfocus-june2015\"><img loading=\"lazy\" decoding=\"async\" class=\"alignnone size-full wp-image-1534\" alt=\"plenary\" src=\"http:\/\/www.borbolycsaba.ro\/ro\/wp-content\/uploads\/2014\/06\/plenary.jpg\" width=\"292\" height=\"415\" srcset=\"https:\/\/www.borbolycsaba.ro\/ro\/wp-content\/uploads\/2014\/06\/plenary.jpg 292w, https:\/\/www.borbolycsaba.ro\/ro\/wp-content\/uploads\/2014\/06\/plenary-211x300.jpg 211w\" sizes=\"(max-width: 292px) 100vw, 292px\" \/><\/a><\/li>\n<li><b>\u2666 Rom\u00e2nia \u2013 participant activ la Festivalul regiunilor \u015fi ora\u015felor Europei: <\/b>pute\u021bi citi articolul din Buletinul Informativ al Rom\u00e2niei <a href=\"http:\/\/www.cor.europa.eu\/ro\/news\/regional\/Pages\/romania-la-festivalul-regiunilor-si-oraselor-europei-.aspx?utm_source=Newsletter&amp;utm_medium=email&amp;utm_campaign=Romania-May-2014\" target=\"_blank\"><span style=\"text-decoration: underline;\">aici<\/span><\/a>.<\/li>\n<\/ul>\n<\/ul>\n<\/ul>\n<p>\u2666 P\u00e9ter Em\u0151ke, student\u0103 la Universitatea Babe\u0219-Bolyai din Cluj Napoca a participat la o vizit\u0103 de studiu la Comitetul Regiunilor \u00een cadrul sesiunii plenare din aprilie, pute\u021bi citi referatul ei \u00een limba englez\u0103 <a href=\"http:\/\/www.borbolycsaba.ro\/ro\/wp-content\/uploads\/2013\/02\/Essay-_-Emoke-Peter.pdf\" target=\"_blank\">aici<\/a>.<\/p>\n<p>\u2666 19.-a \u0218edin\u021b\u0103 de comisie: \u00cen cadrul \u0219edin\u021bei de comisie EDUC \u00een luna septembrie, Csaba Borboly a fost ales raportor pe tema <b>\u00cenv\u0103\u021b\u0103m\u00e2ntul superior european \u00een lume<\/b>.<\/p>\n<p><a href=\"http:\/\/cor.europa.eu\" target=\"_blank\">\u2666 Pagina web al Comitetului Regiunilor<\/a><\/p>\n<p><a href=\"http:\/\/memberspage.cor.europa.eu\/Detail.aspx?id=2029725&amp;f=11&amp;s=0&amp;o1=0&amp;o2=0&amp;o3=0\" target=\"_blank\">\u2666 Pagina de membru al lui Csaba Borboly<\/a><\/p>\n<p><a href=\"http:\/\/www.cor.europa.eu\/en\/news\/newsletter\/Pages\/latest-enewsletter.aspx?eNewsletter=Romania\" target=\"_blank\">\u2666 Buletin informativ al Comitetului Regiunilor al UE<\/a><\/p>\n<p><a href=\"http:\/\/cor.europa.eu\/en\/news\/regions-and-cities-of-europe\/Pages\/de223691-5693-4559-8f9d-8b25e9834eb9.aspx\" target=\"_blank\">\u2666 \u00censcrierea la \u015ftirile Comitetului Regiunilor se poate face aici<\/a><\/p>\n<p><a href=\"http:\/\/cor.europa.eu\/Pages\/enewsletter-registration.aspx\" target=\"_blank\">\u2666 V\u0103 pute\u021bi abona la buletinul electronic lunar dedicat Romaniei la urm\u0103torul link<\/a><\/p>\n<div class=\"pvc_clear\"><\/div>\n<p id=\"pvc_stats_1025\" class=\"pvc_stats all  \" data-element-id=\"1025\" style=\"\"><i class=\"pvc-stats-icon medium\" aria-hidden=\"true\"><svg aria-hidden=\"true\" focusable=\"false\" data-prefix=\"far\" data-icon=\"chart-bar\" role=\"img\" xmlns=\"http:\/\/www.w3.org\/2000\/svg\" viewBox=\"0 0 512 512\" class=\"svg-inline--fa fa-chart-bar fa-w-16 fa-2x\"><path fill=\"currentColor\" d=\"M396.8 352h22.4c6.4 0 12.8-6.4 12.8-12.8V108.8c0-6.4-6.4-12.8-12.8-12.8h-22.4c-6.4 0-12.8 6.4-12.8 12.8v230.4c0 6.4 6.4 12.8 12.8 12.8zm-192 0h22.4c6.4 0 12.8-6.4 12.8-12.8V140.8c0-6.4-6.4-12.8-12.8-12.8h-22.4c-6.4 0-12.8 6.4-12.8 12.8v198.4c0 6.4 6.4 12.8 12.8 12.8zm96 0h22.4c6.4 0 12.8-6.4 12.8-12.8V204.8c0-6.4-6.4-12.8-12.8-12.8h-22.4c-6.4 0-12.8 6.4-12.8 12.8v134.4c0 6.4 6.4 12.8 12.8 12.8zM496 400H48V80c0-8.84-7.16-16-16-16H16C7.16 64 0 71.16 0 80v336c0 17.67 14.33 32 32 32h464c8.84 0 16-7.16 16-16v-16c0-8.84-7.16-16-16-16zm-387.2-48h22.4c6.4 0 12.8-6.4 12.8-12.8v-70.4c0-6.4-6.4-12.8-12.8-12.8h-22.4c-6.4 0-12.8 6.4-12.8 12.8v70.4c0 6.4 6.4 12.8 12.8 12.8z\" class=\"\"><\/path><\/svg><\/i> <img loading=\"lazy\" decoding=\"async\" width=\"16\" height=\"16\" alt=\"Loading\" src=\"https:\/\/www.borbolycsaba.ro\/ro\/wp-content\/plugins\/page-views-count\/ajax-loader-2x.gif\" border=0 \/><\/p>\n<div class=\"pvc_clear\"><\/div>\n<!-- AddThis Advanced Settings generic via filter on the_content -->","protected":false},"excerpt":{"rendered":"<p>\u2666 La sesiunea plenar\u0103 din iunie va participa \u0219i Jean Claude Juncker, pre\u0219esintele Comisiei Europene \u2666 Rom\u00e2nia \u2013 participant activ la Festivalul regiunilor \u015fi ora\u015felor Europei: pute\u021bi citi articolul din Buletinul Informativ al Rom\u00e2niei aici. \u2666 P\u00e9ter Em\u0151ke, student\u0103 la Universitatea Babe\u0219-Bolyai din Cluj Napoca a participat la o vizit\u0103 de studiu la Comitetul Regiunilor [&hellip;]<!-- AddThis Advanced Settings generic via filter on wp_trim_excerpt --><\/p>\n<div class=\"pvc_clear\"><\/div>\n<p id=\"pvc_stats_1025\" class=\"pvc_stats all  \" data-element-id=\"1025\" style=\"\"><i class=\"pvc-stats-icon medium\" aria-hidden=\"true\"><svg aria-hidden=\"true\" focusable=\"false\" data-prefix=\"far\" data-icon=\"chart-bar\" role=\"img\" xmlns=\"http:\/\/www.w3.org\/2000\/svg\" viewBox=\"0 0 512 512\" class=\"svg-inline--fa fa-chart-bar fa-w-16 fa-2x\"><path fill=\"currentColor\" d=\"M396.8 352h22.4c6.4 0 12.8-6.4 12.8-12.8V108.8c0-6.4-6.4-12.8-12.8-12.8h-22.4c-6.4 0-12.8 6.4-12.8 12.8v230.4c0 6.4 6.4 12.8 12.8 12.8zm-192 0h22.4c6.4 0 12.8-6.4 12.8-12.8V140.8c0-6.4-6.4-12.8-12.8-12.8h-22.4c-6.4 0-12.8 6.4-12.8 12.8v198.4c0 6.4 6.4 12.8 12.8 12.8zm96 0h22.4c6.4 0 12.8-6.4 12.8-12.8V204.8c0-6.4-6.4-12.8-12.8-12.8h-22.4c-6.4 0-12.8 6.4-12.8 12.8v134.4c0 6.4 6.4 12.8 12.8 12.8zM496 400H48V80c0-8.84-7.16-16-16-16H16C7.16 64 0 71.16 0 80v336c0 17.67 14.33 32 32 32h464c8.84 0 16-7.16 16-16v-16c0-8.84-7.16-16-16-16zm-387.2-48h22.4c6.4 0 12.8-6.4 12.8-12.8v-70.4c0-6.4-6.4-12.8-12.8-12.8h-22.4c-6.4 0-12.8 6.4-12.8 12.8v70.4c0 6.4 6.4 12.8 12.8 12.8z\" class=\"\"><\/path><\/svg><\/i> <img loading=\"lazy\" decoding=\"async\" width=\"16\" height=\"16\" alt=\"Loading\" src=\"https:\/\/www.borbolycsaba.ro\/ro\/wp-content\/plugins\/page-views-count\/ajax-loader-2x.gif\" border=0 \/><\/p>\n<div class=\"pvc_clear\"><\/div>\n","protected":false},"author":5,"featured_media":0,"parent":0,"menu_order":0,"comment_status":"open","ping_status":"closed","template":"","meta":{"footnotes":""},"a3_pvc":{"activated":true,"total_views":2010,"today_views":0},"_links":{"self":[{"href":"https:\/\/www.borbolycsaba.ro\/ro\/wp-json\/wp\/v2\/pages\/1025"}],"collection":[{"href":"https:\/\/www.borbolycsaba.ro\/ro\/wp-json\/wp\/v2\/pages"}],"about":[{"href":"https:\/\/www.borbolycsaba.ro\/ro\/wp-json\/wp\/v2\/types\/page"}],"author":[{"embeddable":true,"href":"https:\/\/www.borbolycsaba.ro\/ro\/wp-json\/wp\/v2\/users\/5"}],"replies":[{"embeddable":true,"href":"https:\/\/www.borbolycsaba.ro\/ro\/wp-json\/wp\/v2\/comments?post=1025"}],"version-history":[{"count":16,"href":"https:\/\/www.borbolycsaba.ro\/ro\/wp-json\/wp\/v2\/pages\/1025\/revisions"}],"predecessor-version":[{"id":1537,"href":"https:\/\/www.borbolycsaba.ro\/ro\/wp-json\/wp\/v2\/pages\/1025\/revisions\/1537"}],"wp:attachment":[{"href":"https:\/\/www.borbolycsaba.ro\/ro\/wp-json\/wp\/v2\/media?parent=1025"}],"curies":[{"name":"wp","href":"https:\/\/api.w.org\/{rel}","templated":true}]}}