{"id":1061,"date":"2014-06-17T10:54:34","date_gmt":"2014-06-17T07:54:34","guid":{"rendered":"http:\/\/www.borbolycsaba.ro\/ro\/?page_id=1061"},"modified":"2016-01-31T17:59:20","modified_gmt":"2016-01-31T15:59:20","slug":"articole-si-publicatii","status":"publish","type":"page","link":"https:\/\/www.borbolycsaba.ro\/ro\/articole-si-publicatii\/","title":{"rendered":"Articole \u0219i publica\u021bii"},"content":{"rendered":"<p><strong>2016<\/strong><\/p>\n<p><strong>Nu lasa pe maine ceea ce poti face azi<\/strong><\/p>\n<p><a href=\"http:\/\/www.contributors.ro\/idei-si-solutii\/nu-lasa-pe-maine-ceea-ce-poti-face-azi\/\" target=\"_blank\">http:\/\/www.contributors.ro\/idei-si-solutii\/nu-lasa-pe-maine-ceea-ce-poti-face-azi\/<\/a><\/p>\n<p><strong>2015<\/strong><\/p>\n<p><strong>Modificarea legilor electorale \u2013 cateva observatii din Harghita<\/strong><\/p>\n<p><a href=\"http:\/\/www.contributors.ro\/editorial\/modificarea-legilor-electorale-cateva-observatii-din-harghita\/\" target=\"_blank\">http:\/\/www.contributors.ro\/editorial\/modificarea-legilor-electorale-cateva-observatii-din-harghita\/<\/a><\/p>\n<p><a href=\"http:\/\/www.hotnews.ro\/stiri-opinii-19967462-modificarea-legilor-electorale-cateva-observatii-din-harghita.htm\" target=\"_blank\">http:\/\/www.hotnews.ro\/stiri-opinii-19967462-modificarea-legilor-electorale-cateva-observatii-din-harghita.htm<\/a><\/p>\n<p>&nbsp;<\/p>\n<p><strong>2014<\/strong><\/p>\n<p><a href=\"http:\/\/informatiahr.ro\/consider-ca-functia-de-presedinte-al-consiliului-judetean-este-un-varf-de-cariera-da-voi-candida-in-2016\/\" target=\"_blank\"><strong>\u201eConsider c\u0103 func\u0163ia de pre\u015fedinte al Consiliului Jude\u0163ean este un v\u00e2rf de carier\u0103. Da, voi candida \u00een 2016\u201d<\/strong><\/a><\/p>\n<p>&nbsp;<\/p>\n<p><strong><a href=\"http:\/\/www.contributors.ro\/administratie\/cateva-observa%C8%9Bii-pe-marginea-proiectului-udmr-al-autonomiei-teritoriale-a-tinutului-secuiesc\/\" target=\"_blank\">C\u00e2teva observa\u021bii pe marginea proiectului UDMR al autonomiei teritoriale a \u0162inutului Secuiesc<\/a><\/strong><\/p>\n<p>14 octombrie, 2014<\/p>\n<p>&nbsp;<\/p>\n<p><strong><a href=\"http:\/\/www.contributors.ro\/editorial\/europarlamentare-cateva-date-si-observatii-din-harghita\/\" target=\"_blank\">Europarlamentare \u2013 c\u0103teva date \u015fi observa\u0163ii din Harghita<\/a><\/strong><\/p>\n<p><em>\u201eRezultatele alegerilor europarlamentare au vreo influen\u0163\u0103 asupra condi\u0163iilor noastre de trai?<\/em><br \/>\n<em> Atunci de ce s\u0103 ne ducem, de ce s\u0103 mobiliz\u0103m rudele, cuno\u015ftin\u0163ele, vecinii la vot?<\/em><br \/>\n<em> Fiindc\u0103 v\u0103 cer eu \u015fi domnul primar. Dac\u0103 ave\u0163i \u00eencredere \u00een munca noastr\u0103, s\u0103 veni\u0163i la vot, s\u0103 pune\u0163i \u015ftampila pe lista UDMR.\u201d<\/em><\/p>\n<p>16 iunie 2014<\/p>\n<p>&nbsp;<\/p>\n<p><strong><a href=\"http:\/\/www.mediafax.ro\/politic\/borboly-csaba-despre-antonescu-se-retrage-cu-capul-sus-foarte-putini-reusesc-acest-lucru-la-noi-12668488\" target=\"_blank\">Borboly Csaba despre Antonescu: Se retrage cu capul sus, foarte pu\u0163ini reu\u015fesc acest lucru la noi<\/a><\/strong><br \/>\nLiderul UDMR Harghita, Boroly Csaba, spune c\u0103 liberalul Crin Antonescu nu avea \u015fanse s\u0103 c\u00e2\u015ftige alegerile preziden\u0163iale \u015fi c\u0103 retragerea sa &#8222;cu capul sus&#8221; \u00een favoarea unui candidat cu \u015fanse mai mari este gestul unui politician &#8222;responsabil\u201d, pe care foarte pu\u0163ini politicieni din Rom\u00e2nia \u00eel fac.<\/p>\n<p>31 mai 2014<\/p>\n<p>&nbsp;<\/p>\n<p><strong><a href=\"http:\/\/www.mediafax.ro\/politic\/borboly-dupa-alegeri-udmr-a-devenit-prima-forta-politica-la-nivelul-transilvaniei-12652750\" target=\"_blank\">Borboly, dup\u0103 alegeri: UDMR a devenit prima for\u0163\u0103 politic\u0103 la nivelul Transilvaniei<\/a><\/strong><br \/>\nPre\u015fedinte Organiza\u0163iei Teritoriale Ciuc a UDMR, Borboly Csaba, afirm\u0103 c\u0103 rezultatele scrutinului europarlamentar arat\u0103 c\u0103 UDMR a devenit &#8222;prima for\u0163\u0103 politic\u0103 la nivelul Transilvaniei&#8221;.<\/p>\n<p>26 mai 2014<\/p>\n<p>&nbsp;<\/p>\n<p><strong><a href=\"http:\/\/www.mediafax.ro\/politic\/borboly-in-procesul-de-dezmembrare-a-usl-a-avut-un-oarecare-rol-si-udmr-trebuie-sa-profitam-12158401\" target=\"_blank\">Borboly: \u00cen procesul de dezmembrare a USL, a avut un oarecare rol \u015fi UDMR. Trebuie s\u0103 profit\u0103m<\/a><\/strong><br \/>\nLiderul Organiza\u0163iei Teritoriale Ciuc a UDMR, Borboly Csaba, afirm\u0103 c\u0103 UDMR trebuie s\u0103 profite de ruperea USL, \u00een care a avut &#8222;un oarecare rol&#8221;, \u015fi c\u0103 solu\u0163ia ce \u00eempiedic\u0103 &#8222;demontarea&#8221; legilor favorabile maghiarimii de c\u0103tre CC sau de un nou guvern e s\u0103 se \u00eencheie acorduri guvernamentale bilaterale.<\/p>\n<p>27 februarie 2014<\/p>\n<p>&nbsp;<\/p>\n<p><strong>2013<\/strong><\/p>\n<p><strong><a href=\"http:\/\/www.contributors.ro\/administratie\/cateva-observatii-privind-regionalizarea\/\">C\u0103teva observa\u0163ii privind regionalizarea<\/a><\/strong><\/p>\n<p><strong>1 februarie 2013.<\/strong><\/p>\n<p><em>Crearea nivelului regiunilor \u00een administra\u0163ia public\u0103\u00a0rom\u00e2neasc\u0103\u00a0a fost una din temele principale \u00een campania electoral\u0103 ale USL. Nu de mult a ap\u0103rut pe un portal un articol, care prezint\u0103 multe din g\u00e2ndirea politicienilor USL vizavi de aceast\u0103 tem\u0103.<\/em><\/p>\n<p>&nbsp;<\/p>\n<p><strong>2012<\/strong><\/p>\n<p><strong><a href=\"http:\/\/www.contributors.ro\/dezbatere\/este-necesara-o-noua-abordare-a-referendumului\/\">Este necesar\u0103 o nou\u0103 abordare a referendumului<\/a><\/strong><\/p>\n<p><strong>28 august 2012<\/strong><\/p>\n<p><em>De multe s\u0103pt\u0103m\u00e2ni se tot dezbat prin forumurile publice de c\u0103tre ziari\u015fti, anali\u015fti politici \u0219i politicieni legile, listele electorale, se tot analizeaz\u0103 \u00a0rezultatele referendumului din 29 iulie pentru demiterea pre\u015fedintelui. To\u0163i sunt convin\u015fi c\u0103 punctul lor de vedere este cel legal, cel just \u015fi adev\u0103rat.<\/em><\/p>\n<p>&nbsp;<\/p>\n<p><strong>2011<\/strong><\/p>\n<p><a href=\"http:\/\/www.contributors.ro\/administratie\/propuneri-pentru-modificarea-sistemului-electoral-din-romania\/\"><strong>Propuneri pentru modificarea sistemului electoral din Rom\u00e2nia<\/strong><br \/>\n<\/a><\/p>\n<p><strong>30 noiembrie 2011<\/strong><\/p>\n<p><em>Coali\u0163ia aflat\u0103 la guvernare a aprobat acum dou\u0103 s\u0103pt\u0103m\u00e2ni elementele de baz\u0103 ale reformei sistemului electoral.<\/em><\/p>\n<p>&nbsp;<\/p>\n<p><strong><a href=\"http:\/\/www.contributors.ro\/administratie\/propuneri-pentru-reforma-administrativ-teritoriala-a-romaniei\/\" target=\"_blank\">Propuneri pentru reforma administrativ-teritorial\u0103 a Rom\u00e2niei<\/a><\/strong><\/p>\n<p><strong>8 august 2011<\/strong><\/p>\n<p><em>Prezentul document propune analiza proiectului de reform\u0103 privind sistemul administrativ-teritorial al Rom\u00e2niei formulat\u0103 de c\u0103tre Societatea Academic\u0103 din Rom\u00e2nia (SAR), sub coordonarea domnului Sorin Ionita.<\/em><strong><br \/>\n<\/strong><\/p>\n<div class=\"pvc_clear\"><\/div>\n<p id=\"pvc_stats_1061\" class=\"pvc_stats all  \" data-element-id=\"1061\" style=\"\"><i class=\"pvc-stats-icon medium\" aria-hidden=\"true\"><svg aria-hidden=\"true\" focusable=\"false\" data-prefix=\"far\" data-icon=\"chart-bar\" role=\"img\" xmlns=\"http:\/\/www.w3.org\/2000\/svg\" viewBox=\"0 0 512 512\" class=\"svg-inline--fa fa-chart-bar fa-w-16 fa-2x\"><path fill=\"currentColor\" d=\"M396.8 352h22.4c6.4 0 12.8-6.4 12.8-12.8V108.8c0-6.4-6.4-12.8-12.8-12.8h-22.4c-6.4 0-12.8 6.4-12.8 12.8v230.4c0 6.4 6.4 12.8 12.8 12.8zm-192 0h22.4c6.4 0 12.8-6.4 12.8-12.8V140.8c0-6.4-6.4-12.8-12.8-12.8h-22.4c-6.4 0-12.8 6.4-12.8 12.8v198.4c0 6.4 6.4 12.8 12.8 12.8zm96 0h22.4c6.4 0 12.8-6.4 12.8-12.8V204.8c0-6.4-6.4-12.8-12.8-12.8h-22.4c-6.4 0-12.8 6.4-12.8 12.8v134.4c0 6.4 6.4 12.8 12.8 12.8zM496 400H48V80c0-8.84-7.16-16-16-16H16C7.16 64 0 71.16 0 80v336c0 17.67 14.33 32 32 32h464c8.84 0 16-7.16 16-16v-16c0-8.84-7.16-16-16-16zm-387.2-48h22.4c6.4 0 12.8-6.4 12.8-12.8v-70.4c0-6.4-6.4-12.8-12.8-12.8h-22.4c-6.4 0-12.8 6.4-12.8 12.8v70.4c0 6.4 6.4 12.8 12.8 12.8z\" class=\"\"><\/path><\/svg><\/i> <img loading=\"lazy\" decoding=\"async\" width=\"16\" height=\"16\" alt=\"Loading\" src=\"https:\/\/www.borbolycsaba.ro\/ro\/wp-content\/plugins\/page-views-count\/ajax-loader-2x.gif\" border=0 \/><\/p>\n<div class=\"pvc_clear\"><\/div>\n<!-- AddThis Advanced Settings generic via filter on the_content -->","protected":false},"excerpt":{"rendered":"<p>2016 Nu lasa pe maine ceea ce poti face azi http:\/\/www.contributors.ro\/idei-si-solutii\/nu-lasa-pe-maine-ceea-ce-poti-face-azi\/ 2015 Modificarea legilor electorale \u2013 cateva observatii din Harghita http:\/\/www.contributors.ro\/editorial\/modificarea-legilor-electorale-cateva-observatii-din-harghita\/ http:\/\/www.hotnews.ro\/stiri-opinii-19967462-modificarea-legilor-electorale-cateva-observatii-din-harghita.htm &nbsp; 2014 \u201eConsider c\u0103 func\u0163ia de pre\u015fedinte al Consiliului Jude\u0163ean este un v\u00e2rf de carier\u0103. Da, voi candida \u00een 2016\u201d &nbsp; C\u00e2teva observa\u021bii pe marginea proiectului UDMR al autonomiei teritoriale a \u0162inutului Secuiesc [&hellip;]<!-- AddThis Advanced Settings generic via filter on wp_trim_excerpt --><\/p>\n<div class=\"pvc_clear\"><\/div>\n<p id=\"pvc_stats_1061\" class=\"pvc_stats all  \" data-element-id=\"1061\" style=\"\"><i class=\"pvc-stats-icon medium\" aria-hidden=\"true\"><svg aria-hidden=\"true\" focusable=\"false\" data-prefix=\"far\" data-icon=\"chart-bar\" role=\"img\" xmlns=\"http:\/\/www.w3.org\/2000\/svg\" viewBox=\"0 0 512 512\" class=\"svg-inline--fa fa-chart-bar fa-w-16 fa-2x\"><path fill=\"currentColor\" d=\"M396.8 352h22.4c6.4 0 12.8-6.4 12.8-12.8V108.8c0-6.4-6.4-12.8-12.8-12.8h-22.4c-6.4 0-12.8 6.4-12.8 12.8v230.4c0 6.4 6.4 12.8 12.8 12.8zm-192 0h22.4c6.4 0 12.8-6.4 12.8-12.8V140.8c0-6.4-6.4-12.8-12.8-12.8h-22.4c-6.4 0-12.8 6.4-12.8 12.8v198.4c0 6.4 6.4 12.8 12.8 12.8zm96 0h22.4c6.4 0 12.8-6.4 12.8-12.8V204.8c0-6.4-6.4-12.8-12.8-12.8h-22.4c-6.4 0-12.8 6.4-12.8 12.8v134.4c0 6.4 6.4 12.8 12.8 12.8zM496 400H48V80c0-8.84-7.16-16-16-16H16C7.16 64 0 71.16 0 80v336c0 17.67 14.33 32 32 32h464c8.84 0 16-7.16 16-16v-16c0-8.84-7.16-16-16-16zm-387.2-48h22.4c6.4 0 12.8-6.4 12.8-12.8v-70.4c0-6.4-6.4-12.8-12.8-12.8h-22.4c-6.4 0-12.8 6.4-12.8 12.8v70.4c0 6.4 6.4 12.8 12.8 12.8z\" class=\"\"><\/path><\/svg><\/i> <img loading=\"lazy\" decoding=\"async\" width=\"16\" height=\"16\" alt=\"Loading\" src=\"https:\/\/www.borbolycsaba.ro\/ro\/wp-content\/plugins\/page-views-count\/ajax-loader-2x.gif\" border=0 \/><\/p>\n<div class=\"pvc_clear\"><\/div>\n","protected":false},"author":5,"featured_media":0,"parent":0,"menu_order":0,"comment_status":"open","ping_status":"closed","template":"","meta":{"footnotes":""},"a3_pvc":{"activated":true,"total_views":3878,"today_views":0},"_links":{"self":[{"href":"https:\/\/www.borbolycsaba.ro\/ro\/wp-json\/wp\/v2\/pages\/1061"}],"collection":[{"href":"https:\/\/www.borbolycsaba.ro\/ro\/wp-json\/wp\/v2\/pages"}],"about":[{"href":"https:\/\/www.borbolycsaba.ro\/ro\/wp-json\/wp\/v2\/types\/page"}],"author":[{"embeddable":true,"href":"https:\/\/www.borbolycsaba.ro\/ro\/wp-json\/wp\/v2\/users\/5"}],"replies":[{"embeddable":true,"href":"https:\/\/www.borbolycsaba.ro\/ro\/wp-json\/wp\/v2\/comments?post=1061"}],"version-history":[{"count":10,"href":"https:\/\/www.borbolycsaba.ro\/ro\/wp-json\/wp\/v2\/pages\/1061\/revisions"}],"predecessor-version":[{"id":1883,"href":"https:\/\/www.borbolycsaba.ro\/ro\/wp-json\/wp\/v2\/pages\/1061\/revisions\/1883"}],"wp:attachment":[{"href":"https:\/\/www.borbolycsaba.ro\/ro\/wp-json\/wp\/v2\/media?parent=1061"}],"curies":[{"name":"wp","href":"https:\/\/api.w.org\/{rel}","templated":true}]}}