{"id":1373,"date":"2015-03-25T15:33:33","date_gmt":"2015-03-25T13:33:33","guid":{"rendered":"http:\/\/www.borbolycsaba.ro\/ro\/?page_id=1373"},"modified":"2015-06-05T12:59:38","modified_gmt":"2015-06-05T09:59:38","slug":"amendamente-sprijinite","status":"publish","type":"page","link":"https:\/\/www.borbolycsaba.ro\/ro\/amendamente-sprijinite\/","title":{"rendered":"Amendamente sprijinite"},"content":{"rendered":"<p style=\"text-align: justify;\">Pe acest site pute\u021bi vedea amendamentele sprijinite de Borboly Csaba pentru a fi dezb\u0103tute \u00een cadrul sesiunii plenare<\/p>\n<ol style=\"text-align: justify;\">\n<li><strong>A 111-a sesiunea plenar\u0103:<\/strong>\u00a0<a href=\"http:\/\/www.borbolycsaba.ro\/wp-content\/uploads\/2015\/03\/COTER-VI-003-EFSI-AM-Extremadura_Antonio_modosito.pdf\" target=\"_blank\">Amendamentele<\/a> lui Jos\u00e9 Antonio MONAGO TERRAZA din Spania pentru <a href=\"http:\/\/www.borbolycsaba.ro\/wp-content\/uploads\/2015\/03\/Investment-plan-and-European-Fund-for-Strategic-Investments_Antonio.pdf\" target=\"_blank\">proiectul de aviz Planul de investi\u021bii \u0219i Fondul european pentru investi\u021bii strategice<\/a><\/li>\n<p><\/p>\n<li><strong>A 112-a sesiunea plenar\u0103:<\/strong> <a href=\"http:\/\/www.borbolycsaba.ro\/ro\/wp-content\/uploads\/2015\/03\/RO_Orient\u0103ri-pentru-politicile-de-ocupare-a-for\u021bei-de-munc\u0103_tamogatott-javaslatok.pdf\" target=\"_blank\">Amendamentele<\/a> lui SZAB\u00d3 R\u00f3bert din Ungaria pentru proiectul de aviz <a href=\"http:\/\/www.borbolycsaba.ro\/ro\/wp-content\/uploads\/2015\/03\/RO_proiect-de-aviz_Orientari-pentru-politicile-de-ocupare-a-fortei-de-munca-ale-statelor-membre.pdf\" target=\"_blank\">Orient\u0103ri pentru politicile de ocupare a for\u021bei de munc\u0103 ale statelor membre <\/a><\/li>\n<p><\/p>\n<li><strong>A 112-a sesiunea plenar\u0103:<\/strong> <a href=\"http:\/\/www.borbolycsaba.ro\/ro\/wp-content\/uploads\/2015\/03\/RO_O-ABORDARE-DURABIL\u0102-A-MIGRA\u021aIEI-DE-C\u0102TRE-UE_tamogatott-javaslatok.pdf\" target=\"_blank\">Amendamentele<\/a> conduc\u0103torului delega\u021biei rom\u00e2ne, NICA Alin Adrian pentru proiectul de rezolu\u021bie: <a href=\"http:\/\/www.borbolycsaba.ro\/ro\/wp-content\/uploads\/2015\/03\/RO_O-ABORDARE-DURABIL\u0102-A-MIGRA\u021aIEI-DE-C\u0102TRE-UE_proiect-de-rezolutie.pdf\" target=\"_blank\">O abordare durabil\u0103 a migra\u021biei de c\u0103tre UE<\/a><\/li>\n<\/ol>\n<div class=\"pvc_clear\"><\/div>\n<p id=\"pvc_stats_1373\" class=\"pvc_stats all  \" data-element-id=\"1373\" style=\"\"><i class=\"pvc-stats-icon medium\" aria-hidden=\"true\"><svg aria-hidden=\"true\" focusable=\"false\" data-prefix=\"far\" data-icon=\"chart-bar\" role=\"img\" xmlns=\"http:\/\/www.w3.org\/2000\/svg\" viewBox=\"0 0 512 512\" class=\"svg-inline--fa fa-chart-bar fa-w-16 fa-2x\"><path fill=\"currentColor\" d=\"M396.8 352h22.4c6.4 0 12.8-6.4 12.8-12.8V108.8c0-6.4-6.4-12.8-12.8-12.8h-22.4c-6.4 0-12.8 6.4-12.8 12.8v230.4c0 6.4 6.4 12.8 12.8 12.8zm-192 0h22.4c6.4 0 12.8-6.4 12.8-12.8V140.8c0-6.4-6.4-12.8-12.8-12.8h-22.4c-6.4 0-12.8 6.4-12.8 12.8v198.4c0 6.4 6.4 12.8 12.8 12.8zm96 0h22.4c6.4 0 12.8-6.4 12.8-12.8V204.8c0-6.4-6.4-12.8-12.8-12.8h-22.4c-6.4 0-12.8 6.4-12.8 12.8v134.4c0 6.4 6.4 12.8 12.8 12.8zM496 400H48V80c0-8.84-7.16-16-16-16H16C7.16 64 0 71.16 0 80v336c0 17.67 14.33 32 32 32h464c8.84 0 16-7.16 16-16v-16c0-8.84-7.16-16-16-16zm-387.2-48h22.4c6.4 0 12.8-6.4 12.8-12.8v-70.4c0-6.4-6.4-12.8-12.8-12.8h-22.4c-6.4 0-12.8 6.4-12.8 12.8v70.4c0 6.4 6.4 12.8 12.8 12.8z\" class=\"\"><\/path><\/svg><\/i> <img loading=\"lazy\" decoding=\"async\" width=\"16\" height=\"16\" alt=\"Loading\" src=\"https:\/\/www.borbolycsaba.ro\/ro\/wp-content\/plugins\/page-views-count\/ajax-loader-2x.gif\" border=0 \/><\/p>\n<div class=\"pvc_clear\"><\/div>\n<!-- AddThis Advanced Settings generic via filter on the_content -->","protected":false},"excerpt":{"rendered":"<p>Pe acest site pute\u021bi vedea amendamentele sprijinite de Borboly Csaba pentru a fi dezb\u0103tute \u00een cadrul sesiunii plenare A 111-a sesiunea plenar\u0103:\u00a0Amendamentele lui Jos\u00e9 Antonio MONAGO TERRAZA din Spania pentru proiectul de aviz Planul de investi\u021bii \u0219i Fondul european pentru investi\u021bii strategice A 112-a sesiunea plenar\u0103: Amendamentele lui SZAB\u00d3 R\u00f3bert din Ungaria pentru proiectul de [&hellip;]<!-- AddThis Advanced Settings generic via filter on wp_trim_excerpt --><\/p>\n<div class=\"pvc_clear\"><\/div>\n<p id=\"pvc_stats_1373\" class=\"pvc_stats all  \" data-element-id=\"1373\" style=\"\"><i class=\"pvc-stats-icon medium\" aria-hidden=\"true\"><svg aria-hidden=\"true\" focusable=\"false\" data-prefix=\"far\" data-icon=\"chart-bar\" role=\"img\" xmlns=\"http:\/\/www.w3.org\/2000\/svg\" viewBox=\"0 0 512 512\" class=\"svg-inline--fa fa-chart-bar fa-w-16 fa-2x\"><path fill=\"currentColor\" d=\"M396.8 352h22.4c6.4 0 12.8-6.4 12.8-12.8V108.8c0-6.4-6.4-12.8-12.8-12.8h-22.4c-6.4 0-12.8 6.4-12.8 12.8v230.4c0 6.4 6.4 12.8 12.8 12.8zm-192 0h22.4c6.4 0 12.8-6.4 12.8-12.8V140.8c0-6.4-6.4-12.8-12.8-12.8h-22.4c-6.4 0-12.8 6.4-12.8 12.8v198.4c0 6.4 6.4 12.8 12.8 12.8zm96 0h22.4c6.4 0 12.8-6.4 12.8-12.8V204.8c0-6.4-6.4-12.8-12.8-12.8h-22.4c-6.4 0-12.8 6.4-12.8 12.8v134.4c0 6.4 6.4 12.8 12.8 12.8zM496 400H48V80c0-8.84-7.16-16-16-16H16C7.16 64 0 71.16 0 80v336c0 17.67 14.33 32 32 32h464c8.84 0 16-7.16 16-16v-16c0-8.84-7.16-16-16-16zm-387.2-48h22.4c6.4 0 12.8-6.4 12.8-12.8v-70.4c0-6.4-6.4-12.8-12.8-12.8h-22.4c-6.4 0-12.8 6.4-12.8 12.8v70.4c0 6.4 6.4 12.8 12.8 12.8z\" class=\"\"><\/path><\/svg><\/i> <img loading=\"lazy\" decoding=\"async\" width=\"16\" height=\"16\" alt=\"Loading\" src=\"https:\/\/www.borbolycsaba.ro\/ro\/wp-content\/plugins\/page-views-count\/ajax-loader-2x.gif\" border=0 \/><\/p>\n<div class=\"pvc_clear\"><\/div>\n","protected":false},"author":5,"featured_media":0,"parent":0,"menu_order":0,"comment_status":"open","ping_status":"closed","template":"","meta":{"footnotes":""},"a3_pvc":{"activated":true,"total_views":1686,"today_views":0},"_links":{"self":[{"href":"https:\/\/www.borbolycsaba.ro\/ro\/wp-json\/wp\/v2\/pages\/1373"}],"collection":[{"href":"https:\/\/www.borbolycsaba.ro\/ro\/wp-json\/wp\/v2\/pages"}],"about":[{"href":"https:\/\/www.borbolycsaba.ro\/ro\/wp-json\/wp\/v2\/types\/page"}],"author":[{"embeddable":true,"href":"https:\/\/www.borbolycsaba.ro\/ro\/wp-json\/wp\/v2\/users\/5"}],"replies":[{"embeddable":true,"href":"https:\/\/www.borbolycsaba.ro\/ro\/wp-json\/wp\/v2\/comments?post=1373"}],"version-history":[{"count":5,"href":"https:\/\/www.borbolycsaba.ro\/ro\/wp-json\/wp\/v2\/pages\/1373\/revisions"}],"predecessor-version":[{"id":1546,"href":"https:\/\/www.borbolycsaba.ro\/ro\/wp-json\/wp\/v2\/pages\/1373\/revisions\/1546"}],"wp:attachment":[{"href":"https:\/\/www.borbolycsaba.ro\/ro\/wp-json\/wp\/v2\/media?parent=1373"}],"curies":[{"name":"wp","href":"https:\/\/api.w.org\/{rel}","templated":true}]}}