{"id":1473,"date":"2015-04-30T11:57:29","date_gmt":"2015-04-30T08:57:29","guid":{"rendered":"http:\/\/www.borbolycsaba.ro\/ro\/?page_id=1473"},"modified":"2015-04-30T12:11:30","modified_gmt":"2015-04-30T09:11:30","slug":"consultare","status":"publish","type":"page","link":"https:\/\/www.borbolycsaba.ro\/ro\/consultare\/","title":{"rendered":"Consultare"},"content":{"rendered":"<p style=\"text-align: justify;\"><strong>Stima\u021bi Cititori,<\/strong><\/p>\n<p style=\"text-align: justify;\">\u00a0V\u0103 salut pe suprafa\u021ba dedicat\u0103 consult\u0103rilor publice, care s-a realizat cu scopul de a implica popula\u021bia din jude\u021bul Harghita \u00een\u00a0 preg\u0103tirea deciziilor de interes public, prin consultarea \u00een diferite domenii de interes. Acesta se poate realiza \u00een leg\u0103tur\u0103 cu o decizie politic\u0103 sau despre con\u021binutul programelor realizate de aparatul Consiliului Jude\u021bean sau de institu\u021biile subordonate.\u00a0 V\u0103 invit s\u0103 formula\u021bi \u0219i s\u0103 trimite\u021bi opiniile,sugestiile dumneavoastr\u0103 \u00een leg\u0103tur\u0103 cu tematicile prezentate, utiliz\u00e2nd c\u00e2mpul de comentariu al paginii mele sau exprim\u00e2ndu-v\u0103 opiniile prin email la adresa <a href=\"mailto:info@borbolycsaba.ro\">info@borbolycsaba.ro<\/a>.<\/p>\n<p style=\"text-align: justify;\">A\u0219tept opiniile \u0219i sugestiile dumneavoastr\u0103.<\/p>\n<p style=\"text-align: justify;\"><em><strong>Borboly Csaba<\/strong><\/em><\/p>\n<p style=\"text-align: justify;\"><a href=\"http:\/\/www.borbolycsaba.ro\/ro\/consultare-pe-tema-sistemului-de-criterii-in-managementul-spitalului-judetean-de-urgente\/\"><img loading=\"lazy\" decoding=\"async\" class=\"alignnone size-large wp-image-1474\" alt=\"KONZULTACIO BOX 2015 02 24 600x110 v01-05\" src=\"http:\/\/www.borbolycsaba.ro\/ro\/wp-content\/uploads\/2015\/04\/KONZULTACIO-BOX-2015-02-24-600x110-v01-05-1024x187.jpg\" width=\"659\" height=\"120\" srcset=\"https:\/\/www.borbolycsaba.ro\/ro\/wp-content\/uploads\/2015\/04\/KONZULTACIO-BOX-2015-02-24-600x110-v01-05-1024x187.jpg 1024w, https:\/\/www.borbolycsaba.ro\/ro\/wp-content\/uploads\/2015\/04\/KONZULTACIO-BOX-2015-02-24-600x110-v01-05-300x54.jpg 300w\" sizes=\"(max-width: 659px) 100vw, 659px\" \/><\/a><\/p>\n<div class=\"pvc_clear\"><\/div>\n<p id=\"pvc_stats_1473\" class=\"pvc_stats all  \" data-element-id=\"1473\" style=\"\"><i class=\"pvc-stats-icon medium\" aria-hidden=\"true\"><svg aria-hidden=\"true\" focusable=\"false\" data-prefix=\"far\" data-icon=\"chart-bar\" role=\"img\" xmlns=\"http:\/\/www.w3.org\/2000\/svg\" viewBox=\"0 0 512 512\" class=\"svg-inline--fa fa-chart-bar fa-w-16 fa-2x\"><path fill=\"currentColor\" d=\"M396.8 352h22.4c6.4 0 12.8-6.4 12.8-12.8V108.8c0-6.4-6.4-12.8-12.8-12.8h-22.4c-6.4 0-12.8 6.4-12.8 12.8v230.4c0 6.4 6.4 12.8 12.8 12.8zm-192 0h22.4c6.4 0 12.8-6.4 12.8-12.8V140.8c0-6.4-6.4-12.8-12.8-12.8h-22.4c-6.4 0-12.8 6.4-12.8 12.8v198.4c0 6.4 6.4 12.8 12.8 12.8zm96 0h22.4c6.4 0 12.8-6.4 12.8-12.8V204.8c0-6.4-6.4-12.8-12.8-12.8h-22.4c-6.4 0-12.8 6.4-12.8 12.8v134.4c0 6.4 6.4 12.8 12.8 12.8zM496 400H48V80c0-8.84-7.16-16-16-16H16C7.16 64 0 71.16 0 80v336c0 17.67 14.33 32 32 32h464c8.84 0 16-7.16 16-16v-16c0-8.84-7.16-16-16-16zm-387.2-48h22.4c6.4 0 12.8-6.4 12.8-12.8v-70.4c0-6.4-6.4-12.8-12.8-12.8h-22.4c-6.4 0-12.8 6.4-12.8 12.8v70.4c0 6.4 6.4 12.8 12.8 12.8z\" class=\"\"><\/path><\/svg><\/i> <img loading=\"lazy\" decoding=\"async\" width=\"16\" height=\"16\" alt=\"Loading\" src=\"https:\/\/www.borbolycsaba.ro\/ro\/wp-content\/plugins\/page-views-count\/ajax-loader-2x.gif\" border=0 \/><\/p>\n<div class=\"pvc_clear\"><\/div>\n<!-- AddThis Advanced Settings generic via filter on the_content -->","protected":false},"excerpt":{"rendered":"<p>Stima\u021bi Cititori, \u00a0V\u0103 salut pe suprafa\u021ba dedicat\u0103 consult\u0103rilor publice, care s-a realizat cu scopul de a implica popula\u021bia din jude\u021bul Harghita \u00een\u00a0 preg\u0103tirea deciziilor de interes public, prin consultarea \u00een diferite domenii de interes. Acesta se poate realiza \u00een leg\u0103tur\u0103 cu o decizie politic\u0103 sau despre con\u021binutul programelor realizate de aparatul Consiliului Jude\u021bean sau de [&hellip;]<!-- AddThis Advanced Settings generic via filter on wp_trim_excerpt --><\/p>\n<div class=\"pvc_clear\"><\/div>\n<p id=\"pvc_stats_1473\" class=\"pvc_stats all  \" data-element-id=\"1473\" style=\"\"><i class=\"pvc-stats-icon medium\" aria-hidden=\"true\"><svg aria-hidden=\"true\" focusable=\"false\" data-prefix=\"far\" data-icon=\"chart-bar\" role=\"img\" xmlns=\"http:\/\/www.w3.org\/2000\/svg\" viewBox=\"0 0 512 512\" class=\"svg-inline--fa fa-chart-bar fa-w-16 fa-2x\"><path fill=\"currentColor\" d=\"M396.8 352h22.4c6.4 0 12.8-6.4 12.8-12.8V108.8c0-6.4-6.4-12.8-12.8-12.8h-22.4c-6.4 0-12.8 6.4-12.8 12.8v230.4c0 6.4 6.4 12.8 12.8 12.8zm-192 0h22.4c6.4 0 12.8-6.4 12.8-12.8V140.8c0-6.4-6.4-12.8-12.8-12.8h-22.4c-6.4 0-12.8 6.4-12.8 12.8v198.4c0 6.4 6.4 12.8 12.8 12.8zm96 0h22.4c6.4 0 12.8-6.4 12.8-12.8V204.8c0-6.4-6.4-12.8-12.8-12.8h-22.4c-6.4 0-12.8 6.4-12.8 12.8v134.4c0 6.4 6.4 12.8 12.8 12.8zM496 400H48V80c0-8.84-7.16-16-16-16H16C7.16 64 0 71.16 0 80v336c0 17.67 14.33 32 32 32h464c8.84 0 16-7.16 16-16v-16c0-8.84-7.16-16-16-16zm-387.2-48h22.4c6.4 0 12.8-6.4 12.8-12.8v-70.4c0-6.4-6.4-12.8-12.8-12.8h-22.4c-6.4 0-12.8 6.4-12.8 12.8v70.4c0 6.4 6.4 12.8 12.8 12.8z\" class=\"\"><\/path><\/svg><\/i> <img loading=\"lazy\" decoding=\"async\" width=\"16\" height=\"16\" alt=\"Loading\" src=\"https:\/\/www.borbolycsaba.ro\/ro\/wp-content\/plugins\/page-views-count\/ajax-loader-2x.gif\" border=0 \/><\/p>\n<div class=\"pvc_clear\"><\/div>\n","protected":false},"author":5,"featured_media":0,"parent":0,"menu_order":0,"comment_status":"open","ping_status":"closed","template":"","meta":{"footnotes":""},"a3_pvc":{"activated":true,"total_views":2978,"today_views":0},"_links":{"self":[{"href":"https:\/\/www.borbolycsaba.ro\/ro\/wp-json\/wp\/v2\/pages\/1473"}],"collection":[{"href":"https:\/\/www.borbolycsaba.ro\/ro\/wp-json\/wp\/v2\/pages"}],"about":[{"href":"https:\/\/www.borbolycsaba.ro\/ro\/wp-json\/wp\/v2\/types\/page"}],"author":[{"embeddable":true,"href":"https:\/\/www.borbolycsaba.ro\/ro\/wp-json\/wp\/v2\/users\/5"}],"replies":[{"embeddable":true,"href":"https:\/\/www.borbolycsaba.ro\/ro\/wp-json\/wp\/v2\/comments?post=1473"}],"version-history":[{"count":2,"href":"https:\/\/www.borbolycsaba.ro\/ro\/wp-json\/wp\/v2\/pages\/1473\/revisions"}],"predecessor-version":[{"id":1483,"href":"https:\/\/www.borbolycsaba.ro\/ro\/wp-json\/wp\/v2\/pages\/1473\/revisions\/1483"}],"wp:attachment":[{"href":"https:\/\/www.borbolycsaba.ro\/ro\/wp-json\/wp\/v2\/media?parent=1473"}],"curies":[{"name":"wp","href":"https:\/\/api.w.org\/{rel}","templated":true}]}}