{"id":1730,"date":"2015-09-30T15:05:17","date_gmt":"2015-09-30T12:05:17","guid":{"rendered":"http:\/\/www.borbolycsaba.ro\/ro\/?page_id=1730"},"modified":"2016-06-23T13:02:47","modified_gmt":"2016-06-23T10:02:47","slug":"nou-mandat-de-raportor-pentru-borboly-csaba","status":"publish","type":"page","link":"https:\/\/www.borbolycsaba.ro\/ro\/nou-mandat-de-raportor-pentru-borboly-csaba\/","title":{"rendered":"Nou mandat de raportor pentru Borboly Csaba"},"content":{"rendered":"<p style=\"text-align: justify;\"><a href=\"http:\/\/www.borbolycsaba.ro\/ro\/wp-content\/uploads\/2015\/09\/youtheubcs.jpg\"><img loading=\"lazy\" decoding=\"async\" class=\"alignnone size-full wp-image-1816\" src=\"http:\/\/www.borbolycsaba.ro\/ro\/wp-content\/uploads\/2015\/09\/youtheubcs.jpg\" alt=\"youtheubcs\" width=\"800\" height=\"491\" srcset=\"https:\/\/www.borbolycsaba.ro\/ro\/wp-content\/uploads\/2015\/09\/youtheubcs.jpg 800w, https:\/\/www.borbolycsaba.ro\/ro\/wp-content\/uploads\/2015\/09\/youtheubcs-300x184.jpg 300w, https:\/\/www.borbolycsaba.ro\/ro\/wp-content\/uploads\/2015\/09\/youtheubcs-80x50.jpg 80w\" sizes=\"(max-width: 800px) 100vw, 800px\" \/><\/a><\/p>\n<p style=\"text-align: justify;\"><strong>Problema cea mai mare a Europei este reprezentat\u0103 de indiferen\u021ba politicienilor fa\u021b\u0103 de tineri<\/strong><\/p>\n<p style=\"text-align: justify;\">Borboly Csaba, pre\u0219edintele Consiliului Jude\u021bean Harghita va redacta un raport \u00een cadrul Comitetului Regiunilor (CoR) care vizeaz\u0103 cooperarea la nivel european \u00een domeniul tineretului. Acesta a fost ales \u00een calitate de raportor pe aceast\u0103 tem\u0103 \u00een cadrul \u0219edin\u021bei Comisiei pentru politic\u0103 social\u0103, educa\u021bie, ocuparea for\u021bei de munc\u0103, cercetare \u0219i cultur\u0103 (SEDEC) care a avut loc la Bruxelles \u00een data de 22 septembrie.<\/p>\n<p style=\"text-align: justify;\"><strong>\u0218tiri:<\/strong><br \/>\n\u2666\u00a0 <em><a href=\"http:\/\/judetulharghita.ro\/stiri\/nou-mandat-de-raportor-pentru-borboly-csaba.html\">Nou mandat de raportor pentru Borboly Csaba<\/a><\/em><br \/>\n\u2666\u00a0 <a href=\"http:\/\/cor-romania.ro\/nou-mandat-de-raportor-pentru-borboly-csaba\/\" target=\"_blank\"><em>Nou mandat de raportor pentru Borboly Csaba<\/em><\/a><br \/>\n\u2666\u00a0 <em><a href=\"http:\/\/adevarul.ro\/educatie\/universitar\/aproape-jumatate-tinerii-europeni-someri-cea-mai-educata-generatie-istorie-1_5609579ff5eaafab2c17dfeb\/index.html\">Aproape jum\u0103tate din tinerii europeni sunt \u015fomeri, de\u015fi este cea mai educat\u0103 genera\u0163ie din istorie<\/a><\/em><br \/>\n\u2666\u00a0 <em><a href=\"http:\/\/www.borbolycsaba.ro\/ro\/judetul-harghita-contribuie-la-elaborarea-politicilor-europene-de-tineret\/\" target=\"_blank\">Jude\u021bul Harghita contribuie la elaborarea politicilor europene de tineret<\/a><\/em><br \/>\n\u2666 <em><a href=\"http:\/\/www.borbolycsaba.ro\/ro\/pachet-de-baza-pentru-sustinerea-tinerilor-din-europa\/\">Pachet de baz\u0103 pentru sus\u021binerea tinerilor din Europa<\/a><\/em><br \/>\n\u2666 <em><a href=\"http:\/\/www.borbolycsaba.ro\/ro\/borboly-csaba-a-prezentat-proiectul-de-raport-in-cadrul-forumului-tineretului-european\/\">Borboly Csaba a prezentat proiectul de raport \u00een cadrul Forumului Tineretului European<\/a><\/em><br \/>\n\u2666 <em><a href=\"http:\/\/www.agerpres.ro\/social\/2015\/11\/17\/borboly-csaba-cj-harghita-raportor-la-comitetul-regiunilor-politica-de-tineret-din-romania-nu-are-viitor-13-52-01\" target=\"_blank\">Borboly Csaba (CJ Harghita), raportor la Comitetul Regiunilor: Politica de tineret din Rom\u00e2nia nu are viitor<\/a><\/em><br \/>\n\u2666 <a href=\"http:\/\/www.borbolycsaba.ro\/ro\/s-au-votat-amendamentele-cu-privire-la-politicile-europene-de-tineret\/\"><em>S-au votat amendamentele cu privire la politicile europene de tineret<\/em> <\/a><br \/>\n\u2666 <a href=\"http:\/\/ziarharghita.ro\/s-au-votat-amendamentele-cu-privire-la-politicile-europene-de-tineret\"><em>S-au votat amendamentele cu privire la politicile europene de tineret<\/em><\/a><br \/>\n\u2666 <em><a href=\"http:\/\/www.borbolycsaba.ro\/ro\/un-nou-pas-la-nivel-ue-in-cazul-daunelor-provocate-de-animalele-salbatice\/\">Un nou pas la nivel UE \u00een cazul daunelor provocate de animalele s\u0103lbatice<\/a><\/em><br \/>\n\u2666 <em><a href=\"http:\/\/www.borbolycsaba.ro\/ro\/borboly-csaba-s-a-intalnit-cu-comisarul-european-navracsics-tibor\/\">Borboly Csaba s-a \u00eent\u00e2lnit cu comisarul european Navracsics Tibor<\/a><\/em><br \/>\n\u2666 <em><a href=\"http:\/\/www.borbolycsaba.ro\/ro\/valorile-crestine-au-fost-introduse-in-avizul-comitetului-regiunilor\/\" target=\"_blank\">Valorile cre\u0219tine au fost introduse \u00een avizul Comitetului Regiunilor<\/a><\/em><br \/>\n\u2666 <a href=\"http:\/\/www.borbolycsaba.ro\/ro\/borboly-csaba-a-prezentat-activitatea-sa-din-cadrul-comitetului-regiunilor\/\" target=\"_blank\"><em>Borboly Csaba a prezentat activitatea sa din cadrul Comitetului Regiunilor<\/em><\/a><br \/>\n\u2666 <em><a href=\"http:\/\/ziarharghita.ro\/hu\/borboly-csaba-a-prezentat-activitatea-sa-din-cadrul-comitetului-regiunilor\" target=\"_blank\">Borboly Csaba \u0219i-a prezentat activitatea din cadrul Comitetului Regiunilor<\/a><\/em> \u2013 Ziar Harghita<br \/>\n\u2666 <a href=\"http:\/\/informatiahr.ro\/presedintele-consiliului-judetean-si-a-prezentat-o-parte-din-activitatea-sa-din-cadrul-comitetului-regiunilor\/\"><em>Pre\u015fedintele Consiliului Jude\u0163ean \u015fi-a prezentat o parte din activitatea sa din cadrul Comitetului Regiunilor<\/em><\/a> &#8211; Informa\u021bia Harghitei<\/p>\n<p style=\"text-align: justify;\"><strong>\u00a0<\/strong><br \/>\n<strong>Planul ac\u021bivit\u0103\u021bilor pentru raportor:<\/strong><\/p>\n<p style=\"text-align: justify;\">1. Dezbatere local\u0103: 5 octombrie 2015, 11:30, Miercurea Ciuc<\/p>\n<p style=\"text-align: justify;\">2. Dezbatere interna\u021bional\u0103: 13 octombrie 2015, Bruxelles, \u00eent\u00e2lnire cu Philippe Ternes-nel, expertul \u00een politici de tineret din partea Uniiunii Europene, pre\u0219edin\u021bia curent\u0103 Luxemburg<\/p>\n<p style=\"text-align: justify;\">3. Dezbatere interna\u021bional\u0103: 22 octombrie 2015, Bruxelles, consulta\u021bie stakeholder cu politicien, exper\u021bi \u00een domeniu<\/p>\n<p style=\"text-align: justify;\">4. Consulta\u021bie interna\u021bional\u0103: 29 octombrie 2015, Bruxelles, la sediul reprezentan\u021bei Luxemburgului, de\u021bin\u0103toarea pre\u0219edin\u021biei prin rota\u021bie a UE, la evenimentul intitulat <em>Shadow Report on Youth Policy \u2013 A Youth Perspective<\/em> (Raport de suport \u00een ceea ce prive\u0219te politicile de tineret \u2013 perspective pentru tineri)<\/p>\n<p style=\"text-align: justify;\">5. Dezbatere local\u0103: 7 noiembrie 2015: Cluj Napoca, cu reprezentan\u021bii asocia\u021biilor de tineret<\/p>\n<p style=\"text-align: justify;\">6. \u0218edin\u021b\u0103 de comisie: \u00een data de 19 noiembrie 2015 \u00een cadrul Comisiei SEDEC va avea loc dezbatera proiectului de aviz \u00een comisie.<br \/>\nProiectul de aviz: <a href=\"http:\/\/www.borbolycsaba.ro\/wp-content\/uploads\/2015\/09\/RO_proiect-de-aviz_Cooperarea-europeana-in-domeniul-tineretului2010-2018.pdf\" target=\"_blank\">Cooperarea european\u0103 \u00een domeniul tineretului (2010-2018)<\/a><br \/>\n<a href=\"http:\/\/www.borbolycsaba.ro\/wp-content\/uploads\/2015\/09\/RO_amendamente_PUNEREA-\u00ceN-APLICARE-A-CADRULUI-RE\u00ceNNOIT-PENTRU-COOPERARE-EUROPEAN\u0102-\u00ceN-DOMENIUL-TINERETULUI-2010-2018.pdf\" target=\"_blank\">Amendamentele<\/a> membrilor din comisia SEDEC<br \/>\n<a href=\"http:\/\/www.borbolycsaba.ro\/wp-content\/uploads\/2015\/11\/RO_amendamente_PUNEREA-\u00ceN-APLICARE-A-CADRULUI-RE\u00ceNNOIT-PENTRU-COOPERARE-EUROPEAN\u0102-\u00ceN-DOMENIUL-TINERETULUI-2010-2018_pos-of-rapp.pdf\" target=\"_blank\">Punctul de vedere al raportorului<\/a> privind amendamentele<br \/>\n<a href=\"http:\/\/www.borbolycsaba.ro\/wp-content\/uploads\/2015\/11\/RO_Cooperarea-european\u0103-\u00een-domeniul-tineretului-2010-2018_amendamente-raportor.pdf\"><u>Amendamentele<\/u> raportorului<\/a><br \/>\n<a href=\"http:\/\/www.borbolycsaba.ro\/wp-content\/uploads\/2015\/09\/SEDEC_nov19_meeting-kivonat.pdf\" target=\"_blank\">Extras<\/a> din procesul verbal a \u0219edin\u021bei de comisie SEDEC<\/p>\n<p style=\"text-align: justify;\">7. Consulta\u021bie interna\u021bional\u0103: 12 ianuarie 2016, Bruxelles. \u00cent\u00e2lnire cu BOCSKOR Andrea, membru al Parlamentului European, raportor al avizului Parlamentului<\/p>\n<p style=\"text-align: justify;\">8. Consulta\u021bie interna\u021bional\u0103: 14 ianuarie 2016, Bruxelles. \u00cent\u00e2lnire cu NAVRACSICS Tibor, comisar responsabil pentru Educa\u021bie, cultur\u0103, politica de tineret \u0219i sport al Comisiei Europene<\/p>\n<p style=\"text-align: justify;\">9. \u0218edin\u021b\u0103 plenar\u0103: 10-11 februarie 2016<br \/>\nProiectul de aviz: <a href=\"http:\/\/www.borbolycsaba.ro\/wp-content\/uploads\/2015\/09\/Plenara_inainte_RO_Cooperarea-european\u0103-\u00een-domeniul-tineretului-2010-2018_proiect-de-aviz.pdf\">Cooperarea european\u0103 \u00een domeniul tineretului (2010-2018) <\/a><br \/>\nAgenda sesiunii plenare: <a href=\"http:\/\/www.borbolycsaba.ro\/wp-content\/uploads\/2016\/01\/RO_agenda_116-sesiune-plenara.pdf\" target=\"_blank\">116-a sesiune plenar\u0103<\/a><br \/>\n<a href=\"http:\/\/www.borbolycsaba.ro\/wp-content\/uploads\/2015\/09\/RO_Cooperarea-european\u0103-\u00een-domeniul-tineretului-2010-2018_amendamente.pdf\" target=\"_blank\">Amendamentele<\/a> membrilor CoR<br \/>\n<a href=\"http:\/\/www.borbolycsaba.ro\/wp-content\/uploads\/2015\/09\/RO_Cooperarea-european\u0103-\u00een-domeniul-tineretului-2010-2018_amendamente-raportor.pdf\" target=\"_blank\">Amendamentele<\/a> raportorului<br \/>\n<a href=\"http:\/\/www.borbolycsaba.ro\/beszedek\/a-navracsics-tibor-unios-biztos-felszolalasara-adott-valaszom\/\" target=\"_blank\">Interven\u021bie<\/a> \u00een numele grupului PPE \u00een prezen\u021ba comisarului european Navracsics Tibor<\/p>\n<p style=\"text-align: justify;\"><strong>\u00cen cadrul sesiunii plenare vor fi prezen\u021bi invita\u021bii:<\/strong><br \/>\n\u2022\u00a0\u00a0 \u00a0Donald TUSK, pre\u0219edintele Consiliului European<br \/>\n\u2022\u00a0\u00a0 \u00a0Ronald PLASTERK, ministru de interne \u0219i pentru rela\u021bii de stat al \u021a\u0103rilor de Jos<br \/>\n\u2022\u00a0\u00a0 \u00a0Declara\u021bia dnei Corina CRE\u021aU, comisarul pentru politica regional\u0103<br \/>\n\u2022\u00a0\u00a0 \u00a0Tibor NAVRACSICS, comisarul pentru educa\u021bie, cultur\u0103, tineret \u0219i sport<\/p>\n<p style=\"text-align: justify;\"><strong>Opiniile care vor fi dezb\u0103tute:<\/strong><br \/>\n\u2022\u00a0\u00a0 \u00a0Integrarea \u0219omerilor de lung\u0103 durat\u0103 pe pia\u021ba for\u021bei de munc\u0103, Raportor: dl Enrico ROSSI (pre\u015fedintele Consiliului Regional Toscana, IT-PSE)<br \/>\n\u2022\u00a0\u00a0 \u00a0Turismul pentru persoanele v\u00e2rstnice, Raportor: dna Annemiek JETTEN (primarul ora\u0219ului Sluis, NL-PSE)<br \/>\n\u2022\u00a0\u00a0 \u00a0Instituirea unui cadru al Uniunii pentru colectarea, gestionarea \u0219i utilizarea datelor din sectorul pescuitului \u0219i sprijinirea consultan\u021bei \u0219tiin\u021bifice cu privire la politica comun\u0103 \u00een domeniul pescuitului, Raportor: dl Olgierd GEBLEWICZ (mare\u0219alul voievodatului Pomerania Occidental\u0103, PL PPE)<br \/>\n<strong>\u2022\u00a0\u00a0 \u00a0Punerea \u00een aplicare a cadrului re\u00eennoit pentru cooperarea european\u0103 \u00een domeniul tineretului (2010-2018), Raportor: dl Csaba BORBOLY (pre\u015fedintele Consiliului Jude\u0163ean Harghita, RO-PPE)<\/strong><br \/>\n\u2022\u00a0\u00a0 \u00a0Indicatori pentru dezvoltarea teritorial\u0103 \u2013 dincolo de PIB, Raportor: dna Catiuscia MARINI (pre\u015fedinta Consiliului Regional Umbria, IT-PSE)<br \/>\n\u2022\u00a0\u00a0 \u00a0Inovarea \u0219i modernizarea economiei rurale, Raportor: dl Randel L\u00c4NTS (membru al Consiliului municipal Viljandi, EE-PSE)<br \/>\n\u2022\u00a0\u00a0 \u00a0Proiect de rezolu\u0163ie privind Analiza anual\u0103 a cre\u0219terii pentru 2016 a Comisiei Europene<\/p>\n<p style=\"text-align: justify;\"><strong>Continuarea muncii de raportor:<\/strong><br \/>\n<strong>1. 14 martie 2016, Bruxelles:<\/strong> prezentatator la conferin\u021ba <em>YOUTH CARE PLATFORM ACCELERATE TO INDEPENDENCE: &#8216;AFTER CARE GUARANTEE&#8217; IN YOUTH CARE. <a href=\"http:\/\/www.borbolycsaba.ro\/wp-content\/uploads\/2015\/09\/N74x-16-14b-Programme_14Mar16-V2.pdf\">Programul<\/a> conferin\u021bei \u0219i <a href=\"http:\/\/www.borbolycsaba.ro\/wp-content\/uploads\/2015\/09\/Youth-aftercare-regional-perspective_utolsoo.pptx\">prezentarea<\/a>.<\/em><br \/>\n<strong>2. 7 iunie 2016, Bruxelles:<\/strong> Cea mai mare problem\u0103 a \u021b\u0103rilor din Europa de Est este a\u0219a-numitul \u201eexod al creierelor\u201d care se transpune \u00een emigrarea tinerilor cu o bun\u0103 preg\u0103tire intelectual\u0103 \u00een alte \u021b\u0103ri, \u00een speran\u021ba de a ob\u021bine venituri mai consistente. Acest proces trebuie diminuat \u0219i este nevoie de luarea de m\u0103suri la nivelul european, \u00een cadrul institu\u021biilor abilitate. La \u00eent\u00e2lnirea Parteneriatului Estic care a avut loc \u00een data de 7 iunie la Bruxelles, Borboly Csaba, pre\u0219edintele Consiliului Jude\u021bean Harghita, ca reprezentantul Comitetului Regiunilor, a propus ca acesta s\u0103 fie unul dintre principalele scopuri ale Parteneriatului Estic, deoarece \u00een leg\u0103tur\u0103 cu aceast\u0103 tem\u0103 s-au luat decizii \u0219i la nivelul Comitetului Regiunilor. Partenerii se str\u0103duiesc ca \u00een domeniul politicilor de tineret, competen\u021bele \u0219i abilit\u0103\u021bile s\u0103 se realizeze \u00een conformitate cu cerin\u021bele de pe pia\u021ba for\u021bei de munc\u0103.<br \/>\n<a href=\"http:\/\/www.borbolycsaba.ro\/ro\/unul-dintre-principalele-scopuri-ale-parteneriatului-estic-trebuie-sa-fie-stoparea-emigrarii-fortei-de-munca-calificate\/\">Unul dintre principalele scopuri ale Parteneriatului Estic trebuie s\u0103 fie stoparea emigr\u0103rii for\u021bei de munc\u0103 calificate<\/a><\/p>\n<p style=\"text-align: justify;\"><strong>7 iunie 2016:<\/strong> <a href=\"http:\/\/ziarharghita.ro\/masuri-concrete-in-ceea-ce-priveste-politicile-de-tineret-in-cadrul-institutiilor-europene\">M\u0103suri concrete \u00een ceea ce prive\u0219te politicile de tineret \u00een cadrul institu\u021biilor europene <\/a><br \/>\nCea mai mare problem\u0103 a \u021b\u0103rilor din Europa de Est este a\u0219a-numitul \u201eexod al creierelor\u201d care se transpune \u00een emigrarea tinerilor cu o bun\u0103 preg\u0103tire intelectual\u0103 \u00een alte \u021b\u0103ri, \u00een speran\u021ba de a ob\u021bine venituri mai consistente. Acest proces trebuie diminuat \u0219i este nevoie de luarea de m\u0103suri la nivelul european, \u00een cadrul institu\u021biilor abilitate.<\/p>\n<p style=\"text-align: justify;\"><a href=\"https:\/\/www.facebook.com\/yfactorconference\/photos\/a.1513707352243858.1073741828.1507161679565092\/1740909136190344\/?type=3&amp;theater\"><img loading=\"lazy\" decoding=\"async\" class=\"alignnone size-full wp-image-2034\" src=\"http:\/\/www.borbolycsaba.ro\/ro\/wp-content\/uploads\/2015\/09\/corbcs.jpg\" alt=\"corbcs\" width=\"960\" height=\"480\" srcset=\"https:\/\/www.borbolycsaba.ro\/ro\/wp-content\/uploads\/2015\/09\/corbcs.jpg 960w, https:\/\/www.borbolycsaba.ro\/ro\/wp-content\/uploads\/2015\/09\/corbcs-300x150.jpg 300w, https:\/\/www.borbolycsaba.ro\/ro\/wp-content\/uploads\/2015\/09\/corbcs-768x384.jpg 768w\" sizes=\"(max-width: 960px) 100vw, 960px\" \/><\/a><\/p>\n<p style=\"text-align: justify;\"><strong>Expert:<\/strong> Comitetului Regiunilor a numit expertul raportorului, dr. Cs\u00e1k L\u00e1szl\u00f3, care l-a ajutat pe domnul Borboly Csaba \u0219i \u00een munca de raportor al avizelor anterioare.<\/p>\n<p style=\"text-align: justify;\">\u00cen plus fa\u021b\u0103 de expertul numit, \u0219i colegii Cabinetului pre\u0219edintelui \u0219i ai Grupului de analiz\u0103 ajut\u0103 la scrierea avizului: B\u00e1lint-Mikl\u00f3ssy Enik\u0151, Dobos Erika \u0219i G\u00e1l T\u00fcnde.<\/p>\n<p style=\"text-align: justify;\"><strong>Posibilitate de interven\u021bie:<\/strong><\/p>\n<p style=\"text-align: justify;\">V\u0103 rog s\u0103 scrie\u021bi orice sugestie sau comentariu mai jos sau trimite\u021bi la <a href=\"mailto:info@borbolycsaba.ro\">info@borbolycsaba.ro<\/a>.<\/p>\n<p style=\"text-align: justify;\"><strong>Materiale legate de aceast\u0103 tem\u0103:<\/strong><\/p>\n<ul style=\"text-align: justify;\">\n<li><strong><a href=\"http:\/\/www.borbolycsaba.ro\/wp-content\/uploads\/2015\/10\/Analysis-Youth_Report.pdf\">Analiz\u0103 de politici pentru aviz (Comisia SEDEC)<\/a><\/strong><u><\/u><u><\/u><\/li>\n<li><u><\/u><strong><strong><a href=\"http:\/\/www.borbolycsaba.ro\/wp-content\/uploads\/2015\/10\/Key-messages-of-youth-related-CoR-opinions.pdf\">Avize anterioare a Comitetului Regiunilor pe tema tinerilor<\/a><\/strong><\/strong><\/li>\n<\/ul>\n<p style=\"text-align: justify;\">Mai multe informa\u021bii despre Strategia de Tineret al UE pute\u021bi g\u0103si pe pagin <u><strong><a href=\"http:\/\/ec.europa.eu\/youth\/policy\/youth_strategy\/index_en.htm\">Comisiei Europene<\/a><\/strong>.<\/u><br \/>\n<strong><a href=\"http:\/\/mts.ro\/wp-content\/uploads\/2015\/01\/Strategia-tineret-ianuarie-2015.pdf\">Strategia Nationala in domeniul politicii de tineret<\/a><\/strong><br \/>\n<strong><a href=\"http:\/\/ec.europa.eu\/youth\/policy\/youth_strategy\/index_en.htm\">EU Youth strategy<\/a><\/strong><br \/>\n<a href=\"http:\/\/eur-lex.europa.eu\/legal-content\/EN\/TXT\/?uri=COM:2015:429:FIN\"><strong>Comunicarea<\/strong><\/a> Comisiei Europene \u2013\u00a0c\u0103tre Parlamentul European, Consiliu, Comitetul Economic \u0219i Social European \u0219i Comitetul Regiunilor \u2013 Proiect de raport comun 2015 al Consiliului \u0219i al Comisiei privind punerea \u00een aplicare a cadrului re\u00eennoit pentru coopearea european\u0103 \u00een domeniul tineretului (2010-2018)<br \/>\n<strong><a href=\"http:\/\/ec.europa.eu\/youth\/policy\/implementation\/coop_member_en.htm\">Policy implementation<\/a><\/strong><br \/>\n<strong><a href=\"http:\/\/ec.europa.eu\/youth\/policy\/implementation\/index_en.htm\">Implementing the youth strategy<\/a><\/strong><br \/>\n<strong><a href=\"http:\/\/ec.europa.eu\/youth\/index_en.htm\">EU youth webpage<\/a><\/strong><br \/>\n<strong><a href=\"http:\/\/www.garantiipentrutineri.ro\/\" target=\"_blank\">Garan\u021bii pentru tineri \u00een Rom\u00e2nia<\/a><\/strong><br \/>\n<strong>Youth and Education:<\/strong><br \/>\n<a href=\"http:\/\/www.borbolycsaba.ro\/wp-content\/uploads\/2015\/09\/Outcome_ECYS_Council_23_November.pdf\" target=\"_blank\">Outcome of the Council Meeting<\/a><br \/>\n<a href=\"http:\/\/www.borbolycsaba.ro\/wp-content\/uploads\/2015\/09\/Report_Council_23_11.pdf\" target=\"_blank\">Draft Report<\/a><br \/>\n<a href=\"http:\/\/www.borbolycsaba.ro\/wp-content\/uploads\/2015\/09\/Work_plan_youth_23_November.pdf\" target=\"_blank\">EU Work Plan<\/a><\/p>\n<div class=\"pvc_clear\"><\/div>\n<p id=\"pvc_stats_1730\" class=\"pvc_stats all  \" data-element-id=\"1730\" style=\"\"><i class=\"pvc-stats-icon medium\" aria-hidden=\"true\"><svg aria-hidden=\"true\" focusable=\"false\" data-prefix=\"far\" data-icon=\"chart-bar\" role=\"img\" xmlns=\"http:\/\/www.w3.org\/2000\/svg\" viewBox=\"0 0 512 512\" class=\"svg-inline--fa fa-chart-bar fa-w-16 fa-2x\"><path fill=\"currentColor\" d=\"M396.8 352h22.4c6.4 0 12.8-6.4 12.8-12.8V108.8c0-6.4-6.4-12.8-12.8-12.8h-22.4c-6.4 0-12.8 6.4-12.8 12.8v230.4c0 6.4 6.4 12.8 12.8 12.8zm-192 0h22.4c6.4 0 12.8-6.4 12.8-12.8V140.8c0-6.4-6.4-12.8-12.8-12.8h-22.4c-6.4 0-12.8 6.4-12.8 12.8v198.4c0 6.4 6.4 12.8 12.8 12.8zm96 0h22.4c6.4 0 12.8-6.4 12.8-12.8V204.8c0-6.4-6.4-12.8-12.8-12.8h-22.4c-6.4 0-12.8 6.4-12.8 12.8v134.4c0 6.4 6.4 12.8 12.8 12.8zM496 400H48V80c0-8.84-7.16-16-16-16H16C7.16 64 0 71.16 0 80v336c0 17.67 14.33 32 32 32h464c8.84 0 16-7.16 16-16v-16c0-8.84-7.16-16-16-16zm-387.2-48h22.4c6.4 0 12.8-6.4 12.8-12.8v-70.4c0-6.4-6.4-12.8-12.8-12.8h-22.4c-6.4 0-12.8 6.4-12.8 12.8v70.4c0 6.4 6.4 12.8 12.8 12.8z\" class=\"\"><\/path><\/svg><\/i> <img loading=\"lazy\" decoding=\"async\" width=\"16\" height=\"16\" alt=\"Loading\" src=\"https:\/\/www.borbolycsaba.ro\/ro\/wp-content\/plugins\/page-views-count\/ajax-loader-2x.gif\" border=0 \/><\/p>\n<div class=\"pvc_clear\"><\/div>\n<!-- AddThis Advanced Settings generic via filter on the_content -->","protected":false},"excerpt":{"rendered":"<p>Problema cea mai mare a Europei este reprezentat\u0103 de indiferen\u021ba politicienilor fa\u021b\u0103 de tineri Borboly Csaba, pre\u0219edintele Consiliului Jude\u021bean Harghita va redacta un raport \u00een cadrul Comitetului Regiunilor (CoR) care vizeaz\u0103 cooperarea la nivel european \u00een domeniul tineretului. Acesta a fost ales \u00een calitate de raportor pe aceast\u0103 tem\u0103 \u00een cadrul \u0219edin\u021bei Comisiei pentru politic\u0103 [&hellip;]<!-- AddThis Advanced Settings generic via filter on wp_trim_excerpt --><\/p>\n<div class=\"pvc_clear\"><\/div>\n<p id=\"pvc_stats_1730\" class=\"pvc_stats all  \" data-element-id=\"1730\" style=\"\"><i class=\"pvc-stats-icon medium\" aria-hidden=\"true\"><svg aria-hidden=\"true\" focusable=\"false\" data-prefix=\"far\" data-icon=\"chart-bar\" role=\"img\" xmlns=\"http:\/\/www.w3.org\/2000\/svg\" viewBox=\"0 0 512 512\" class=\"svg-inline--fa fa-chart-bar fa-w-16 fa-2x\"><path fill=\"currentColor\" d=\"M396.8 352h22.4c6.4 0 12.8-6.4 12.8-12.8V108.8c0-6.4-6.4-12.8-12.8-12.8h-22.4c-6.4 0-12.8 6.4-12.8 12.8v230.4c0 6.4 6.4 12.8 12.8 12.8zm-192 0h22.4c6.4 0 12.8-6.4 12.8-12.8V140.8c0-6.4-6.4-12.8-12.8-12.8h-22.4c-6.4 0-12.8 6.4-12.8 12.8v198.4c0 6.4 6.4 12.8 12.8 12.8zm96 0h22.4c6.4 0 12.8-6.4 12.8-12.8V204.8c0-6.4-6.4-12.8-12.8-12.8h-22.4c-6.4 0-12.8 6.4-12.8 12.8v134.4c0 6.4 6.4 12.8 12.8 12.8zM496 400H48V80c0-8.84-7.16-16-16-16H16C7.16 64 0 71.16 0 80v336c0 17.67 14.33 32 32 32h464c8.84 0 16-7.16 16-16v-16c0-8.84-7.16-16-16-16zm-387.2-48h22.4c6.4 0 12.8-6.4 12.8-12.8v-70.4c0-6.4-6.4-12.8-12.8-12.8h-22.4c-6.4 0-12.8 6.4-12.8 12.8v70.4c0 6.4 6.4 12.8 12.8 12.8z\" class=\"\"><\/path><\/svg><\/i> <img loading=\"lazy\" decoding=\"async\" width=\"16\" height=\"16\" alt=\"Loading\" src=\"https:\/\/www.borbolycsaba.ro\/ro\/wp-content\/plugins\/page-views-count\/ajax-loader-2x.gif\" border=0 \/><\/p>\n<div class=\"pvc_clear\"><\/div>\n","protected":false},"author":5,"featured_media":0,"parent":0,"menu_order":0,"comment_status":"closed","ping_status":"closed","template":"","meta":{"footnotes":""},"a3_pvc":{"activated":true,"total_views":2527,"today_views":0},"_links":{"self":[{"href":"https:\/\/www.borbolycsaba.ro\/ro\/wp-json\/wp\/v2\/pages\/1730"}],"collection":[{"href":"https:\/\/www.borbolycsaba.ro\/ro\/wp-json\/wp\/v2\/pages"}],"about":[{"href":"https:\/\/www.borbolycsaba.ro\/ro\/wp-json\/wp\/v2\/types\/page"}],"author":[{"embeddable":true,"href":"https:\/\/www.borbolycsaba.ro\/ro\/wp-json\/wp\/v2\/users\/5"}],"replies":[{"embeddable":true,"href":"https:\/\/www.borbolycsaba.ro\/ro\/wp-json\/wp\/v2\/comments?post=1730"}],"version-history":[{"count":64,"href":"https:\/\/www.borbolycsaba.ro\/ro\/wp-json\/wp\/v2\/pages\/1730\/revisions"}],"predecessor-version":[{"id":2035,"href":"https:\/\/www.borbolycsaba.ro\/ro\/wp-json\/wp\/v2\/pages\/1730\/revisions\/2035"}],"wp:attachment":[{"href":"https:\/\/www.borbolycsaba.ro\/ro\/wp-json\/wp\/v2\/media?parent=1730"}],"curies":[{"name":"wp","href":"https:\/\/api.w.org\/{rel}","templated":true}]}}