{"id":177,"date":"2013-02-20T11:02:42","date_gmt":"2013-02-20T09:02:42","guid":{"rendered":"http:\/\/blog.borbolycsaba.ro\/ro\/?page_id=177"},"modified":"2016-01-27T11:56:51","modified_gmt":"2016-01-27T09:56:51","slug":"organizatia-teritoriala-ciuc-a-udmr","status":"publish","type":"page","link":"https:\/\/www.borbolycsaba.ro\/ro\/activitati\/organizatia-teritoriala-ciuc-a-udmr\/","title":{"rendered":"Organiza\u021bia Teritorial\u0103 Ciuc a UDMR"},"content":{"rendered":"<p style=\"text-align: justify;\"><i>\u00cencep\u00e2nd din anul 1994 Csaba Borboly este membru ales al organiza\u021biei teritoriale Ciuc a UDMR, \u00eentre 2003-2007 a fost pre\u0219edintele Delega\u021biei Organiza\u021biei Teritoriale Ciuc, iar \u00eencep\u00e2nd din 2007 este pre\u0219edintele organiza\u021biei.<\/i><\/p>\n<p style=\"text-align: justify;\"><b>Organiza\u021bia Teritorial\u0103 Ciuc a UDMR: <\/b>Uniunea Democrat\u0103 Maghiar\u0103 din Rom\u00e2nia (UDMR) s-a angajat \u00een ap\u0103rarea \u015fi reprezentarea intereselor comunit\u0103\u0163ii maghiare din Rom\u00e2nia. \u00cen prezent, conform principiului pluralismului intern, UDMR are \u00een componen\u0163\u0103 organiza\u0163ii teritoriale, platforme bazate pe ideologii diverse, respectiv organiza\u0163ii asociate. Membrii asocia\u0163i sunt grup\u0103ri sociale, \u015ftiin\u0163ifice, culturale, profesionale \u015fi de tineret. Func\u0163ionarea Uniunii se bazeaz\u0103 pe principiului autoadministr\u0103rii interne, separ\u00e2nd sferele decizionale, executive \u015fi de control. Organiza\u021bia Teritorial\u0103 UDMR este unul dintre cele dou\u0103zeci \u0219i opt organiza\u021bii func\u021bionale din \u021bar\u0103, cu sediul \u00een Miercurea Ciuc.<\/p>\n<p style=\"text-align: justify;\"><b>Func\u021bionare: <\/b>Scopul cel mai important al Organiza\u021biei Teritoriale Ciuc al UDMR este coordonarea activit\u0103\u021bii muncii organiza\u021biilor locale autonome (or\u0103\u0219ene\u0219ti, comunale, s\u0103te\u0219ti) al UDMR \u0219i a altor organiza\u021bii care s-au \u00eenl\u0103turat de Organiza\u021bia Teritorial\u0103 Ciuc \u2013 grupuri politice, sociale \u0219i profesionale \u2013 care ap\u0103r\u0103 \u0219i valideaz\u0103 interesul politic, social, economic \u0219i cultural a maghiarilor din regiune care apar\u021bine Organiza\u021biei Teritoriale Ciuc. Organiza\u021bia inspir\u0103 autoorganizarea comunit\u0103\u021bii maghiare din Rom\u00e2nia, cu scopul de a forma dispozi\u021bia autonom\u0103 prin garan\u021bii legale \u0219i constitu\u021bionale, prin condi\u021bii institu\u021bionale \u0219i prin autonomii locale care au competin\u021b\u0103 independent\u0103 \u00een ceea ce prive\u0219te resursele economice \u0219i financiare.<\/p>\n<p style=\"text-align: justify;\"><b>Membrii: <\/b>Organiza\u021bia Teritorial\u0103 Ciuc a UDMR este compus din organiza\u021bii membri \u0219i organiza\u021bii partenere. Membrii individuali al UDMR exercit\u0103 activitatea \u00een cadrul acestei organiza\u021bii. \u00cen fiecare unitate func\u021bioneaz\u0103\u00a0(ora\u0219, comun\u0103) organiza\u021bie independent\u0103, iar \u00een cadrul unit\u0103\u021bilor administra\u021biei publice dac\u0103 este cazul, se poate \u00eenfiin\u021ba \u0219i organiza\u021bie a unei sate sau subunit\u0103\u021bi dintr-un ora\u0219, sau poate fi organiza\u021bie partener\u0103 orice organiza\u021bie civil\u0103, care \u00eenainteaz\u0103 cerere \u00een scris la organiza\u021bia teritorial\u0103 \u0219i se angajeaz\u0103 s\u0103 respecte Regulile Fundamentale \u0219i Programele al UDMR.<\/p>\n<p style=\"text-align: justify;\"><b>Activitatea lui Csaba Borboly: <\/b>numeroase evenimente se conecteaz\u0103 cu numele lui, \u00eencep\u00e2nd din anul 2012 este \u0219i pre\u0219edintele sec\u021biei \u201eSpital\u201d din ora\u0219. Are grij\u0103 s\u0103 aib\u0103 o leg\u0103tur\u0103 str\u00e2ns\u0103 cu locatari prin organizarea Zilei de S\u0103n\u0103tate, Festivitate de Mo\u0219 Cr\u0103ciun \u0219i a altor evenimente.<\/p>\n<p style=\"text-align: justify;\"><b>Informa\u021bii utile:<\/b><\/p>\n<ul>\n<li><a href=\"http:\/\/udmr.ro\/organizatie\/ciuc-harghita\" target=\"_blank\">Organiza\u021biei Teritoriale Ciuc<\/a><\/li>\n<\/ul>\n<div class=\"pvc_clear\"><\/div>\n<p id=\"pvc_stats_177\" class=\"pvc_stats all  \" data-element-id=\"177\" style=\"\"><i class=\"pvc-stats-icon medium\" aria-hidden=\"true\"><svg aria-hidden=\"true\" focusable=\"false\" data-prefix=\"far\" data-icon=\"chart-bar\" role=\"img\" xmlns=\"http:\/\/www.w3.org\/2000\/svg\" viewBox=\"0 0 512 512\" class=\"svg-inline--fa fa-chart-bar fa-w-16 fa-2x\"><path fill=\"currentColor\" d=\"M396.8 352h22.4c6.4 0 12.8-6.4 12.8-12.8V108.8c0-6.4-6.4-12.8-12.8-12.8h-22.4c-6.4 0-12.8 6.4-12.8 12.8v230.4c0 6.4 6.4 12.8 12.8 12.8zm-192 0h22.4c6.4 0 12.8-6.4 12.8-12.8V140.8c0-6.4-6.4-12.8-12.8-12.8h-22.4c-6.4 0-12.8 6.4-12.8 12.8v198.4c0 6.4 6.4 12.8 12.8 12.8zm96 0h22.4c6.4 0 12.8-6.4 12.8-12.8V204.8c0-6.4-6.4-12.8-12.8-12.8h-22.4c-6.4 0-12.8 6.4-12.8 12.8v134.4c0 6.4 6.4 12.8 12.8 12.8zM496 400H48V80c0-8.84-7.16-16-16-16H16C7.16 64 0 71.16 0 80v336c0 17.67 14.33 32 32 32h464c8.84 0 16-7.16 16-16v-16c0-8.84-7.16-16-16-16zm-387.2-48h22.4c6.4 0 12.8-6.4 12.8-12.8v-70.4c0-6.4-6.4-12.8-12.8-12.8h-22.4c-6.4 0-12.8 6.4-12.8 12.8v70.4c0 6.4 6.4 12.8 12.8 12.8z\" class=\"\"><\/path><\/svg><\/i> <img loading=\"lazy\" decoding=\"async\" width=\"16\" height=\"16\" alt=\"Loading\" src=\"https:\/\/www.borbolycsaba.ro\/ro\/wp-content\/plugins\/page-views-count\/ajax-loader-2x.gif\" border=0 \/><\/p>\n<div class=\"pvc_clear\"><\/div>\n<!-- AddThis Advanced Settings generic via filter on the_content -->","protected":false},"excerpt":{"rendered":"<p>\u00cencep\u00e2nd din anul 1994 Csaba Borboly este membru ales al organiza\u021biei teritoriale Ciuc a UDMR, \u00eentre 2003-2007 a fost pre\u0219edintele Delega\u021biei Organiza\u021biei Teritoriale Ciuc, iar \u00eencep\u00e2nd din 2007 este pre\u0219edintele organiza\u021biei. Organiza\u021bia Teritorial\u0103 Ciuc a UDMR: Uniunea Democrat\u0103 Maghiar\u0103 din Rom\u00e2nia (UDMR) s-a angajat \u00een ap\u0103rarea \u015fi reprezentarea intereselor comunit\u0103\u0163ii maghiare din Rom\u00e2nia. \u00cen prezent, [&hellip;]<!-- AddThis Advanced Settings generic via filter on wp_trim_excerpt --><\/p>\n<div class=\"pvc_clear\"><\/div>\n<p id=\"pvc_stats_177\" class=\"pvc_stats all  \" data-element-id=\"177\" style=\"\"><i class=\"pvc-stats-icon medium\" aria-hidden=\"true\"><svg aria-hidden=\"true\" focusable=\"false\" data-prefix=\"far\" data-icon=\"chart-bar\" role=\"img\" xmlns=\"http:\/\/www.w3.org\/2000\/svg\" viewBox=\"0 0 512 512\" class=\"svg-inline--fa fa-chart-bar fa-w-16 fa-2x\"><path fill=\"currentColor\" d=\"M396.8 352h22.4c6.4 0 12.8-6.4 12.8-12.8V108.8c0-6.4-6.4-12.8-12.8-12.8h-22.4c-6.4 0-12.8 6.4-12.8 12.8v230.4c0 6.4 6.4 12.8 12.8 12.8zm-192 0h22.4c6.4 0 12.8-6.4 12.8-12.8V140.8c0-6.4-6.4-12.8-12.8-12.8h-22.4c-6.4 0-12.8 6.4-12.8 12.8v198.4c0 6.4 6.4 12.8 12.8 12.8zm96 0h22.4c6.4 0 12.8-6.4 12.8-12.8V204.8c0-6.4-6.4-12.8-12.8-12.8h-22.4c-6.4 0-12.8 6.4-12.8 12.8v134.4c0 6.4 6.4 12.8 12.8 12.8zM496 400H48V80c0-8.84-7.16-16-16-16H16C7.16 64 0 71.16 0 80v336c0 17.67 14.33 32 32 32h464c8.84 0 16-7.16 16-16v-16c0-8.84-7.16-16-16-16zm-387.2-48h22.4c6.4 0 12.8-6.4 12.8-12.8v-70.4c0-6.4-6.4-12.8-12.8-12.8h-22.4c-6.4 0-12.8 6.4-12.8 12.8v70.4c0 6.4 6.4 12.8 12.8 12.8z\" class=\"\"><\/path><\/svg><\/i> <img loading=\"lazy\" decoding=\"async\" width=\"16\" height=\"16\" alt=\"Loading\" src=\"https:\/\/www.borbolycsaba.ro\/ro\/wp-content\/plugins\/page-views-count\/ajax-loader-2x.gif\" border=0 \/><\/p>\n<div class=\"pvc_clear\"><\/div>\n","protected":false},"author":5,"featured_media":0,"parent":21,"menu_order":0,"comment_status":"open","ping_status":"closed","template":"","meta":{"footnotes":""},"a3_pvc":{"activated":true,"total_views":4867,"today_views":0},"_links":{"self":[{"href":"https:\/\/www.borbolycsaba.ro\/ro\/wp-json\/wp\/v2\/pages\/177"}],"collection":[{"href":"https:\/\/www.borbolycsaba.ro\/ro\/wp-json\/wp\/v2\/pages"}],"about":[{"href":"https:\/\/www.borbolycsaba.ro\/ro\/wp-json\/wp\/v2\/types\/page"}],"author":[{"embeddable":true,"href":"https:\/\/www.borbolycsaba.ro\/ro\/wp-json\/wp\/v2\/users\/5"}],"replies":[{"embeddable":true,"href":"https:\/\/www.borbolycsaba.ro\/ro\/wp-json\/wp\/v2\/comments?post=177"}],"version-history":[{"count":8,"href":"https:\/\/www.borbolycsaba.ro\/ro\/wp-json\/wp\/v2\/pages\/177\/revisions"}],"predecessor-version":[{"id":1876,"href":"https:\/\/www.borbolycsaba.ro\/ro\/wp-json\/wp\/v2\/pages\/177\/revisions\/1876"}],"up":[{"embeddable":true,"href":"https:\/\/www.borbolycsaba.ro\/ro\/wp-json\/wp\/v2\/pages\/21"}],"wp:attachment":[{"href":"https:\/\/www.borbolycsaba.ro\/ro\/wp-json\/wp\/v2\/media?parent=177"}],"curies":[{"name":"wp","href":"https:\/\/api.w.org\/{rel}","templated":true}]}}