{"id":185,"date":"2013-02-20T11:13:47","date_gmt":"2013-02-20T09:13:47","guid":{"rendered":"http:\/\/blog.borbolycsaba.ro\/ro\/?page_id=185"},"modified":"2013-03-19T11:07:47","modified_gmt":"2013-03-19T09:07:47","slug":"consiliul-national-al-primarilor-si-consilierilor-udmr","status":"publish","type":"page","link":"https:\/\/www.borbolycsaba.ro\/ro\/activitati\/consiliul-national-al-primarilor-si-consilierilor-udmr\/","title":{"rendered":"Consiliul Na\u021bional al Primarilor \u0219i Consilierilor UDMR"},"content":{"rendered":"<p style=\"text-align: justify;\"><i>\u00cencep\u00e2nd din anul 2008, Csaba Borboly este pre\u0219edintele Consiliului Na\u021bional al Primarilor \u0219i Consilierilor UDMR.<\/i><\/p>\n<p style=\"text-align: justify;\"><i><\/i><b>Consiliul Na\u021bional al Primarilor \u0219i Consilierilor UDMR: <\/b>scopul principal este s\u0103 ajute autorit\u0103\u021bile locale conduse \u0219i influen\u021bate de UDMR cu solu\u021bii noi \u0219i func\u021bionale, \u00een diferite \u00eentreb\u0103ri legate de problemele de zi cu zi, iar \u00een cadrul procesului de formarea legilor, s\u0103 fie un organ consultativ al comunit\u0103\u021bilor locale.<\/p>\n<p style=\"text-align: justify;\"><b>Func\u021bionare: <\/b>este organul consultativ al UDMR.<\/p>\n<p style=\"text-align: justify;\"><b>Membrii: <\/b>Consiliul este format conform Regulamentului UDMR, art. 107, din 17 membrii permanen\u021bi: \u0219apte membri care apar\u021bin consiliului na\u021bional secuiesc, \u0219ase membri ai consiliului na\u021bional din Partium \u0219i patru persoane din consiliul na\u021bional din Transilvania-intern\u0103. Pre\u0219edin\u021bia este format\u0103 dintr-un corp de patru persoane: pre\u0219edintele Consiliului Na\u021bional al Primarilor \u0219i Consilierilor UDMR \u0219i cele trei pre\u0219edin\u021bi din cadrul consiliilor regionale.<\/p>\n<p style=\"text-align: justify;\"><b>Activitatea lui Csaba Borboly: <\/b>prezentarea activit\u0103\u021bii \u00een perioada 2008-2011 poate fi desc\u0103rcat\u0103 <a href=\"http:\/\/borbolycsaba.ro\/ro\/wp-content\/uploads\/2013\/02\/oottevekenysegi_beszamolo-2008_2011.pdf\" target=\"_blank\"><span style=\"text-decoration: underline;\">aici<\/span><\/a> (lb. maghiar\u0103).<\/p>\n<p style=\"text-align: justify;\"><b>Informa\u021bii utile:<\/b><\/p>\n<p style=\"text-align: justify;\"><a href=\"http:\/\/oot.ro\/#!ro\" target=\"_blank\"><b>\u00a0<\/b>Pagina web al Consiliului Na\u021bional al Primarilor \u0219i Consilierilor UDMR<\/a><b><br \/>\n<\/b><\/p>\n<div class=\"pvc_clear\"><\/div>\n<p id=\"pvc_stats_185\" class=\"pvc_stats all  \" data-element-id=\"185\" style=\"\"><i class=\"pvc-stats-icon medium\" aria-hidden=\"true\"><svg aria-hidden=\"true\" focusable=\"false\" data-prefix=\"far\" data-icon=\"chart-bar\" role=\"img\" xmlns=\"http:\/\/www.w3.org\/2000\/svg\" viewBox=\"0 0 512 512\" class=\"svg-inline--fa fa-chart-bar fa-w-16 fa-2x\"><path fill=\"currentColor\" d=\"M396.8 352h22.4c6.4 0 12.8-6.4 12.8-12.8V108.8c0-6.4-6.4-12.8-12.8-12.8h-22.4c-6.4 0-12.8 6.4-12.8 12.8v230.4c0 6.4 6.4 12.8 12.8 12.8zm-192 0h22.4c6.4 0 12.8-6.4 12.8-12.8V140.8c0-6.4-6.4-12.8-12.8-12.8h-22.4c-6.4 0-12.8 6.4-12.8 12.8v198.4c0 6.4 6.4 12.8 12.8 12.8zm96 0h22.4c6.4 0 12.8-6.4 12.8-12.8V204.8c0-6.4-6.4-12.8-12.8-12.8h-22.4c-6.4 0-12.8 6.4-12.8 12.8v134.4c0 6.4 6.4 12.8 12.8 12.8zM496 400H48V80c0-8.84-7.16-16-16-16H16C7.16 64 0 71.16 0 80v336c0 17.67 14.33 32 32 32h464c8.84 0 16-7.16 16-16v-16c0-8.84-7.16-16-16-16zm-387.2-48h22.4c6.4 0 12.8-6.4 12.8-12.8v-70.4c0-6.4-6.4-12.8-12.8-12.8h-22.4c-6.4 0-12.8 6.4-12.8 12.8v70.4c0 6.4 6.4 12.8 12.8 12.8z\" class=\"\"><\/path><\/svg><\/i> <img loading=\"lazy\" decoding=\"async\" width=\"16\" height=\"16\" alt=\"Loading\" src=\"https:\/\/www.borbolycsaba.ro\/ro\/wp-content\/plugins\/page-views-count\/ajax-loader-2x.gif\" border=0 \/><\/p>\n<div class=\"pvc_clear\"><\/div>\n<!-- AddThis Advanced Settings generic via filter on the_content -->","protected":false},"excerpt":{"rendered":"<p>\u00cencep\u00e2nd din anul 2008, Csaba Borboly este pre\u0219edintele Consiliului Na\u021bional al Primarilor \u0219i Consilierilor UDMR. Consiliul Na\u021bional al Primarilor \u0219i Consilierilor UDMR: scopul principal este s\u0103 ajute autorit\u0103\u021bile locale conduse \u0219i influen\u021bate de UDMR cu solu\u021bii noi \u0219i func\u021bionale, \u00een diferite \u00eentreb\u0103ri legate de problemele de zi cu zi, iar \u00een cadrul procesului de formarea [&hellip;]<!-- AddThis Advanced Settings generic via filter on wp_trim_excerpt --><\/p>\n<div class=\"pvc_clear\"><\/div>\n<p id=\"pvc_stats_185\" class=\"pvc_stats all  \" data-element-id=\"185\" style=\"\"><i class=\"pvc-stats-icon medium\" aria-hidden=\"true\"><svg aria-hidden=\"true\" focusable=\"false\" data-prefix=\"far\" data-icon=\"chart-bar\" role=\"img\" xmlns=\"http:\/\/www.w3.org\/2000\/svg\" viewBox=\"0 0 512 512\" class=\"svg-inline--fa fa-chart-bar fa-w-16 fa-2x\"><path fill=\"currentColor\" d=\"M396.8 352h22.4c6.4 0 12.8-6.4 12.8-12.8V108.8c0-6.4-6.4-12.8-12.8-12.8h-22.4c-6.4 0-12.8 6.4-12.8 12.8v230.4c0 6.4 6.4 12.8 12.8 12.8zm-192 0h22.4c6.4 0 12.8-6.4 12.8-12.8V140.8c0-6.4-6.4-12.8-12.8-12.8h-22.4c-6.4 0-12.8 6.4-12.8 12.8v198.4c0 6.4 6.4 12.8 12.8 12.8zm96 0h22.4c6.4 0 12.8-6.4 12.8-12.8V204.8c0-6.4-6.4-12.8-12.8-12.8h-22.4c-6.4 0-12.8 6.4-12.8 12.8v134.4c0 6.4 6.4 12.8 12.8 12.8zM496 400H48V80c0-8.84-7.16-16-16-16H16C7.16 64 0 71.16 0 80v336c0 17.67 14.33 32 32 32h464c8.84 0 16-7.16 16-16v-16c0-8.84-7.16-16-16-16zm-387.2-48h22.4c6.4 0 12.8-6.4 12.8-12.8v-70.4c0-6.4-6.4-12.8-12.8-12.8h-22.4c-6.4 0-12.8 6.4-12.8 12.8v70.4c0 6.4 6.4 12.8 12.8 12.8z\" class=\"\"><\/path><\/svg><\/i> <img loading=\"lazy\" decoding=\"async\" width=\"16\" height=\"16\" alt=\"Loading\" src=\"https:\/\/www.borbolycsaba.ro\/ro\/wp-content\/plugins\/page-views-count\/ajax-loader-2x.gif\" border=0 \/><\/p>\n<div class=\"pvc_clear\"><\/div>\n","protected":false},"author":5,"featured_media":0,"parent":21,"menu_order":0,"comment_status":"open","ping_status":"closed","template":"","meta":{"footnotes":""},"a3_pvc":{"activated":true,"total_views":4195,"today_views":0},"_links":{"self":[{"href":"https:\/\/www.borbolycsaba.ro\/ro\/wp-json\/wp\/v2\/pages\/185"}],"collection":[{"href":"https:\/\/www.borbolycsaba.ro\/ro\/wp-json\/wp\/v2\/pages"}],"about":[{"href":"https:\/\/www.borbolycsaba.ro\/ro\/wp-json\/wp\/v2\/types\/page"}],"author":[{"embeddable":true,"href":"https:\/\/www.borbolycsaba.ro\/ro\/wp-json\/wp\/v2\/users\/5"}],"replies":[{"embeddable":true,"href":"https:\/\/www.borbolycsaba.ro\/ro\/wp-json\/wp\/v2\/comments?post=185"}],"version-history":[{"count":10,"href":"https:\/\/www.borbolycsaba.ro\/ro\/wp-json\/wp\/v2\/pages\/185\/revisions"}],"predecessor-version":[{"id":316,"href":"https:\/\/www.borbolycsaba.ro\/ro\/wp-json\/wp\/v2\/pages\/185\/revisions\/316"}],"up":[{"embeddable":true,"href":"https:\/\/www.borbolycsaba.ro\/ro\/wp-json\/wp\/v2\/pages\/21"}],"wp:attachment":[{"href":"https:\/\/www.borbolycsaba.ro\/ro\/wp-json\/wp\/v2\/media?parent=185"}],"curies":[{"name":"wp","href":"https:\/\/api.w.org\/{rel}","templated":true}]}}