{"id":190,"date":"2013-02-20T11:24:05","date_gmt":"2013-02-20T09:24:05","guid":{"rendered":"http:\/\/blog.borbolycsaba.ro\/ro\/?page_id=190"},"modified":"2020-07-03T12:37:40","modified_gmt":"2020-07-03T09:37:40","slug":"consiliul-judetean-harghita","status":"publish","type":"page","link":"https:\/\/www.borbolycsaba.ro\/ro\/activitati\/consiliul-judetean-harghita\/","title":{"rendered":"Consiliul Jude\u021bean Harghita"},"content":{"rendered":"<p style=\"text-align: justify;\"><i>Csaba Borboly a fost membru al consiliului jude\u021bean \u00eentre anii 2000-2004, vicepre\u0219edintele consiliului jude\u021bean \u00eentre anii 2004-2008 \u0219i \u00eencep\u00e2nd din anul 2008 \u00ee\u0219i exercit\u0103 activitatea ca pre\u0219edinte.<\/i><\/p>\n<p style=\"text-align: justify;\"><b>Consiliul Jude\u021bean Harghita: <\/b>este autoritatea administra\u021biei publice locale, constituit\u0103 la nivel jude\u021bean pentru coordonarea activit\u0103\u021bii consiliilor comunale \u0219i or\u0103\u0219ene\u0219ti, \u00een vederea realiz\u0103rii serviciilor publice de interes jude\u021bean. Printre atribu\u021biile consiliului jude\u021bean se reg\u0103sesc elaborarea programelor de dezvoltare economico-social\u0103, de administrare a teritoriului \u0219i de stabilirea impozitelor \u0219i taxelor jude\u021bene.<\/p>\n<p style=\"text-align: justify;\"><b>Func\u021bionare: <\/b>Consiliul Jude\u0163ean Harghita \u00ee\u015fi exercit\u0103 atribu\u0163iile \u015fi \u00eendepline\u015fte sarcinile \u00een conformitate cu prevederile legale incidente \u015fi cu Regulamentul de organizare \u015fi func\u0163ionare al Consiliului Jude\u0163ean Harghita, aprobat prin Hot\u0103r\u00e2rea nr. 215\/2008, cu modific\u0103rile \u015fi complet\u0103rile ulterioare.<\/p>\n<p style=\"text-align: justify;\"><b>Membrii: <\/b>Consiliul Jude\u0163ean Harghita este compus din 30 de consilieri jude\u0163eni \u015fi din pre\u015fedintele consiliului jude\u0163ean, ales prin vot direct de c\u0103tre cet\u0103\u0163eni. Consiliul jude\u0163ean alege din r\u00e2ndul consilierilor jude\u0163eni 2 vicepre\u015fedin\u0163i.<b> <\/b>\u015eedin\u0163ele consiliului jude\u0163ean sunt convocate \u015fi conduse de pre\u015fedintele consiliului. Consiliul jude\u0163ean se \u00eentrune\u015fte \u00een \u015fedin\u0163\u0103 ordinar\u0103 \u00een fiecare lun\u0103. \u015eedin\u0163ele consiliului sunt publice. \u00cen \u015fedin\u0163ele consiliului sunt dezb\u0103tute proiectele de hot\u0103r\u00e2ri \u00eenscrise pe ordinea de zi.<b> <\/b>\u00cen exercitarea atribu\u0163iilor ce \u00eei revin, consiliul jude\u0163ean adopt\u0103 hot\u0103r\u00e2ri, cu votul majorit\u0103\u0163ii membrilor prezen\u0163i. \u00cen cazurile prev\u0103zute de lege, consiliul jude\u0163ean adopt\u0103 hot\u0103r\u00e2ri cu votul majorit\u0103\u0163ii consilierilor jude\u0163eni \u00een func\u0163ie.<b><\/b><\/p>\n<p style=\"text-align: justify;\"><b>Activitatea lui Csaba Borboly: <\/b>sub pre\u0219edin\u021bia sa este evident\u0103 dezvoltarea jude\u021bului, at\u00e2t din punctul de vedere economic, infrastructural, c\u00e2t \u0219i din punctul de vedere al culturii, educa\u021biei, s\u0103n\u0103t\u0103\u021bii publice, sport \u0219i tineret, ocuparea for\u021bei de munc\u0103 \u0219i protec\u021bia mediului. Prin munca sa perseverent\u0103 \u00eencearc\u0103 s\u0103 asigure dezvoltarea dinamic\u0103 a jude\u021bului.<\/p>\n<p><a href=\"https:\/\/judetulharghita.ro\/consiliul-judetean-harghita\/informatii-publice\/evaluarea-anului.html\">Evaluarea activit\u0103\u021bii\u00a0 \u00a0anilor 2016 &#8211; 2017<\/a><br \/>\nAnaliza \u0219i realiz\u0103rile mandatului 2008 \u2013 2012 se poate desc\u0103rca <a href=\"http:\/\/borbolycsaba.ro\/ro\/wp-content\/uploads\/2013\/02\/Borboly_Programfuzet_12.pdf\" target=\"_blank\" rel=\"noopener noreferrer\">aici<\/a> (lb. maghiar\u0103).<\/p>\n<p>Evaluare activit\u0103\u021bii anului 2012 se poate desc\u0103rca <a href=\"http:\/\/borbolycsaba.ro\/ro\/wp-content\/uploads\/2013\/02\/Ertekelo-2012_hargita-megye-tanacsa.pdf\" target=\"_blank\" rel=\"noopener noreferrer\">aici<\/a>.<\/p>\n<p style=\"text-align: justify;\"><b>Informa\u021bii utile:<\/b><\/p>\n<ul style=\"text-align: justify;\">\n<li><a href=\"http:\/\/judetulharghita.ro\/\" target=\"_blank\" rel=\"noopener noreferrer\">Pagina web al Consiliului Jude\u021bean Harghita<\/a><\/li>\n<li><a href=\"http:\/\/consiliu.judetulharghita.ro\/index.php?option=com_content&amp;view=article&amp;id=543&amp;Itemid=29&amp;lang=ro\" target=\"_blank\" rel=\"noopener noreferrer\">Hot\u0103r\u00e2rile membrilor Consiliului Jude\u021bean Harghita<\/a><\/li>\n<li><a href=\"http:\/\/www.szekelytermek.ro\/?l=ro&amp;m=fooldal\" target=\"_blank\" rel=\"noopener noreferrer\">Pagina web a Produselor Secuie\u0219ti<\/a><\/li>\n<\/ul>\n<div class=\"pvc_clear\"><\/div>\n<p id=\"pvc_stats_190\" class=\"pvc_stats all  \" data-element-id=\"190\" style=\"\"><i class=\"pvc-stats-icon medium\" aria-hidden=\"true\"><svg aria-hidden=\"true\" focusable=\"false\" data-prefix=\"far\" data-icon=\"chart-bar\" role=\"img\" xmlns=\"http:\/\/www.w3.org\/2000\/svg\" viewBox=\"0 0 512 512\" class=\"svg-inline--fa fa-chart-bar fa-w-16 fa-2x\"><path fill=\"currentColor\" d=\"M396.8 352h22.4c6.4 0 12.8-6.4 12.8-12.8V108.8c0-6.4-6.4-12.8-12.8-12.8h-22.4c-6.4 0-12.8 6.4-12.8 12.8v230.4c0 6.4 6.4 12.8 12.8 12.8zm-192 0h22.4c6.4 0 12.8-6.4 12.8-12.8V140.8c0-6.4-6.4-12.8-12.8-12.8h-22.4c-6.4 0-12.8 6.4-12.8 12.8v198.4c0 6.4 6.4 12.8 12.8 12.8zm96 0h22.4c6.4 0 12.8-6.4 12.8-12.8V204.8c0-6.4-6.4-12.8-12.8-12.8h-22.4c-6.4 0-12.8 6.4-12.8 12.8v134.4c0 6.4 6.4 12.8 12.8 12.8zM496 400H48V80c0-8.84-7.16-16-16-16H16C7.16 64 0 71.16 0 80v336c0 17.67 14.33 32 32 32h464c8.84 0 16-7.16 16-16v-16c0-8.84-7.16-16-16-16zm-387.2-48h22.4c6.4 0 12.8-6.4 12.8-12.8v-70.4c0-6.4-6.4-12.8-12.8-12.8h-22.4c-6.4 0-12.8 6.4-12.8 12.8v70.4c0 6.4 6.4 12.8 12.8 12.8z\" class=\"\"><\/path><\/svg><\/i> <img loading=\"lazy\" decoding=\"async\" width=\"16\" height=\"16\" alt=\"Loading\" src=\"https:\/\/www.borbolycsaba.ro\/ro\/wp-content\/plugins\/page-views-count\/ajax-loader-2x.gif\" border=0 \/><\/p>\n<div class=\"pvc_clear\"><\/div>\n<!-- AddThis Advanced Settings generic via filter on the_content -->","protected":false},"excerpt":{"rendered":"<p>Csaba Borboly a fost membru al consiliului jude\u021bean \u00eentre anii 2000-2004, vicepre\u0219edintele consiliului jude\u021bean \u00eentre anii 2004-2008 \u0219i \u00eencep\u00e2nd din anul 2008 \u00ee\u0219i exercit\u0103 activitatea ca pre\u0219edinte. Consiliul Jude\u021bean Harghita: este autoritatea administra\u021biei publice locale, constituit\u0103 la nivel jude\u021bean pentru coordonarea activit\u0103\u021bii consiliilor comunale \u0219i or\u0103\u0219ene\u0219ti, \u00een vederea realiz\u0103rii serviciilor publice de interes jude\u021bean. Printre [&hellip;]<!-- AddThis Advanced Settings generic via filter on wp_trim_excerpt --><\/p>\n<div class=\"pvc_clear\"><\/div>\n<p id=\"pvc_stats_190\" class=\"pvc_stats all  \" data-element-id=\"190\" style=\"\"><i class=\"pvc-stats-icon medium\" aria-hidden=\"true\"><svg aria-hidden=\"true\" focusable=\"false\" data-prefix=\"far\" data-icon=\"chart-bar\" role=\"img\" xmlns=\"http:\/\/www.w3.org\/2000\/svg\" viewBox=\"0 0 512 512\" class=\"svg-inline--fa fa-chart-bar fa-w-16 fa-2x\"><path fill=\"currentColor\" d=\"M396.8 352h22.4c6.4 0 12.8-6.4 12.8-12.8V108.8c0-6.4-6.4-12.8-12.8-12.8h-22.4c-6.4 0-12.8 6.4-12.8 12.8v230.4c0 6.4 6.4 12.8 12.8 12.8zm-192 0h22.4c6.4 0 12.8-6.4 12.8-12.8V140.8c0-6.4-6.4-12.8-12.8-12.8h-22.4c-6.4 0-12.8 6.4-12.8 12.8v198.4c0 6.4 6.4 12.8 12.8 12.8zm96 0h22.4c6.4 0 12.8-6.4 12.8-12.8V204.8c0-6.4-6.4-12.8-12.8-12.8h-22.4c-6.4 0-12.8 6.4-12.8 12.8v134.4c0 6.4 6.4 12.8 12.8 12.8zM496 400H48V80c0-8.84-7.16-16-16-16H16C7.16 64 0 71.16 0 80v336c0 17.67 14.33 32 32 32h464c8.84 0 16-7.16 16-16v-16c0-8.84-7.16-16-16-16zm-387.2-48h22.4c6.4 0 12.8-6.4 12.8-12.8v-70.4c0-6.4-6.4-12.8-12.8-12.8h-22.4c-6.4 0-12.8 6.4-12.8 12.8v70.4c0 6.4 6.4 12.8 12.8 12.8z\" class=\"\"><\/path><\/svg><\/i> <img loading=\"lazy\" decoding=\"async\" width=\"16\" height=\"16\" alt=\"Loading\" src=\"https:\/\/www.borbolycsaba.ro\/ro\/wp-content\/plugins\/page-views-count\/ajax-loader-2x.gif\" border=0 \/><\/p>\n<div class=\"pvc_clear\"><\/div>\n","protected":false},"author":5,"featured_media":0,"parent":21,"menu_order":0,"comment_status":"open","ping_status":"closed","template":"","meta":{"footnotes":""},"a3_pvc":{"activated":true,"total_views":6606,"today_views":0},"_links":{"self":[{"href":"https:\/\/www.borbolycsaba.ro\/ro\/wp-json\/wp\/v2\/pages\/190"}],"collection":[{"href":"https:\/\/www.borbolycsaba.ro\/ro\/wp-json\/wp\/v2\/pages"}],"about":[{"href":"https:\/\/www.borbolycsaba.ro\/ro\/wp-json\/wp\/v2\/types\/page"}],"author":[{"embeddable":true,"href":"https:\/\/www.borbolycsaba.ro\/ro\/wp-json\/wp\/v2\/users\/5"}],"replies":[{"embeddable":true,"href":"https:\/\/www.borbolycsaba.ro\/ro\/wp-json\/wp\/v2\/comments?post=190"}],"version-history":[{"count":10,"href":"https:\/\/www.borbolycsaba.ro\/ro\/wp-json\/wp\/v2\/pages\/190\/revisions"}],"predecessor-version":[{"id":5080,"href":"https:\/\/www.borbolycsaba.ro\/ro\/wp-json\/wp\/v2\/pages\/190\/revisions\/5080"}],"up":[{"embeddable":true,"href":"https:\/\/www.borbolycsaba.ro\/ro\/wp-json\/wp\/v2\/pages\/21"}],"wp:attachment":[{"href":"https:\/\/www.borbolycsaba.ro\/ro\/wp-json\/wp\/v2\/media?parent=190"}],"curies":[{"name":"wp","href":"https:\/\/api.w.org\/{rel}","templated":true}]}}