{"id":2127,"date":"2016-09-27T08:48:23","date_gmt":"2016-09-27T05:48:23","guid":{"rendered":"http:\/\/www.borbolycsaba.ro\/ro\/?page_id=2127"},"modified":"2016-09-27T08:50:24","modified_gmt":"2016-09-27T05:50:24","slug":"regulament-facebook","status":"publish","type":"page","link":"https:\/\/www.borbolycsaba.ro\/ro\/regulament-facebook\/","title":{"rendered":"Regulament de utilizare a paginii mele de Facebook"},"content":{"rendered":"<p style=\"text-align: justify;\">Av\u00e2nd \u00een vedere faptul c\u0103 post\u0103rile mele sunt urm\u0103rite zilnic de sute, chiar mii de vizitatori, astfel \u0219i comment-urile sunt accesibile publicului larg. Prin urmare consider important a clarifica de la \u00eenceput, c\u00e2teva reguli de baz\u0103:<\/p>\n<ol>\n<li style=\"text-align: justify;\">\u00cemi rezerv dreptul ca \u00een ceea ce prive\u0219te propriile post\u0103ri, s\u0103 fac modific\u0103ri \u0219i complet\u0103ri ulterioare. Consider c\u0103 este important\u0103 aceast\u0103 precizare, iar \u00een caz de modific\u0103ri, r\u0103spund doar \u00een ceea ce prive\u0219te ultima variant\u0103 postat\u0103.<\/li>\n<p><\/p>\n<li style=\"text-align: justify;\">Nu r\u0103spund \u00een ceea ce prive\u0219te con\u021binutul comment-urilor scrise de alte persoane pe paginile mele de Facebook. Cei care posteaz\u0103 trebuie s\u0103-\u0219i asume cele afirmate \u0219i s\u0103 poat\u0103 s\u0103 argumenteze cele scrise.<\/li>\n<p><\/p>\n<li style=\"text-align: justify;\">Comment-urile care apar pe paginile mele de Facebook \u0219i pe care le consider necorespunz\u0103toare sau jignitoare, le voi \u0219terge. Este interzis a posta con\u021binuturi cu tent\u0103 rasist\u0103, obscen\u0103, de amenin\u021bare sau care instig\u0103 la ur\u0103. Vor fi \u0219terse post\u0103rile care \u00eencalc\u0103 protec\u021bia datelor cu caracter personal sau drepturile de autor.<\/li>\n<p><\/p>\n<li style=\"text-align: justify;\">\u00cen cazul \u00een care o persoan\u0103 \u00eencalc\u0103 de mai multe cele mai sus precizate, \u00eei voi interzice accesul la paginile mele. Men\u021bionez c\u0103 este posibil\u0103 reacceptarea \u00een list\u0103, prin intermediul unei discu\u021bii \u00een acest sens.<\/li>\n<p><\/p>\n<li style=\"text-align: justify;\">Vor fi \u0219terse f\u0103r\u0103 avertisment toate acele post\u0103ri care \u00eencalc\u0103 voit regulamentul de mai sus.<\/li>\n<p><\/p>\n<li style=\"text-align: justify;\">Odat\u0103 cu trimiterea comment-urilor, to\u021bi cei care posteaz\u0103 \u00ee\u0219i asum\u0103 s\u0103 respecte cele citite \u00een acest regulament.<\/li>\n<p><\/p>\n<li style=\"text-align: justify;\">De multe ori, r\u0103spund sau scriu, \u00een paralel, despre teme diferite, de aceea nu folosesc diacritice \u0219i \u00eemi cer scuze pentru gre\u0219elile care apar din acest motiv. \u00cen cel mai scurt timp, colegii mei vor corecta gre\u0219elile de ortografie. Primesc cu pl\u0103cere inten\u021biile de ajutor \u00een ceea ce prive\u0219te editarea paginii, dac\u0103 observa\u021bi gre\u0219eli, v\u0103 rog s\u0103 le semnala\u021bi prin intermediul unui mesaj.<\/li>\n<\/ol>\n<div class=\"pvc_clear\"><\/div>\n<p id=\"pvc_stats_2127\" class=\"pvc_stats all  \" data-element-id=\"2127\" style=\"\"><i class=\"pvc-stats-icon medium\" aria-hidden=\"true\"><svg aria-hidden=\"true\" focusable=\"false\" data-prefix=\"far\" data-icon=\"chart-bar\" role=\"img\" xmlns=\"http:\/\/www.w3.org\/2000\/svg\" viewBox=\"0 0 512 512\" class=\"svg-inline--fa fa-chart-bar fa-w-16 fa-2x\"><path fill=\"currentColor\" d=\"M396.8 352h22.4c6.4 0 12.8-6.4 12.8-12.8V108.8c0-6.4-6.4-12.8-12.8-12.8h-22.4c-6.4 0-12.8 6.4-12.8 12.8v230.4c0 6.4 6.4 12.8 12.8 12.8zm-192 0h22.4c6.4 0 12.8-6.4 12.8-12.8V140.8c0-6.4-6.4-12.8-12.8-12.8h-22.4c-6.4 0-12.8 6.4-12.8 12.8v198.4c0 6.4 6.4 12.8 12.8 12.8zm96 0h22.4c6.4 0 12.8-6.4 12.8-12.8V204.8c0-6.4-6.4-12.8-12.8-12.8h-22.4c-6.4 0-12.8 6.4-12.8 12.8v134.4c0 6.4 6.4 12.8 12.8 12.8zM496 400H48V80c0-8.84-7.16-16-16-16H16C7.16 64 0 71.16 0 80v336c0 17.67 14.33 32 32 32h464c8.84 0 16-7.16 16-16v-16c0-8.84-7.16-16-16-16zm-387.2-48h22.4c6.4 0 12.8-6.4 12.8-12.8v-70.4c0-6.4-6.4-12.8-12.8-12.8h-22.4c-6.4 0-12.8 6.4-12.8 12.8v70.4c0 6.4 6.4 12.8 12.8 12.8z\" class=\"\"><\/path><\/svg><\/i> <img loading=\"lazy\" decoding=\"async\" width=\"16\" height=\"16\" alt=\"Loading\" src=\"https:\/\/www.borbolycsaba.ro\/ro\/wp-content\/plugins\/page-views-count\/ajax-loader-2x.gif\" border=0 \/><\/p>\n<div class=\"pvc_clear\"><\/div>\n<!-- AddThis Advanced Settings generic via filter on the_content -->","protected":false},"excerpt":{"rendered":"<p>Av\u00e2nd \u00een vedere faptul c\u0103 post\u0103rile mele sunt urm\u0103rite zilnic de sute, chiar mii de vizitatori, astfel \u0219i comment-urile sunt accesibile publicului larg. Prin urmare consider important a clarifica de la \u00eenceput, c\u00e2teva reguli de baz\u0103: \u00cemi rezerv dreptul ca \u00een ceea ce prive\u0219te propriile post\u0103ri, s\u0103 fac modific\u0103ri \u0219i complet\u0103ri ulterioare. Consider c\u0103 este [&hellip;]<!-- AddThis Advanced Settings generic via filter on wp_trim_excerpt --><\/p>\n<div class=\"pvc_clear\"><\/div>\n<p id=\"pvc_stats_2127\" class=\"pvc_stats all  \" data-element-id=\"2127\" style=\"\"><i class=\"pvc-stats-icon medium\" aria-hidden=\"true\"><svg aria-hidden=\"true\" focusable=\"false\" data-prefix=\"far\" data-icon=\"chart-bar\" role=\"img\" xmlns=\"http:\/\/www.w3.org\/2000\/svg\" viewBox=\"0 0 512 512\" class=\"svg-inline--fa fa-chart-bar fa-w-16 fa-2x\"><path fill=\"currentColor\" d=\"M396.8 352h22.4c6.4 0 12.8-6.4 12.8-12.8V108.8c0-6.4-6.4-12.8-12.8-12.8h-22.4c-6.4 0-12.8 6.4-12.8 12.8v230.4c0 6.4 6.4 12.8 12.8 12.8zm-192 0h22.4c6.4 0 12.8-6.4 12.8-12.8V140.8c0-6.4-6.4-12.8-12.8-12.8h-22.4c-6.4 0-12.8 6.4-12.8 12.8v198.4c0 6.4 6.4 12.8 12.8 12.8zm96 0h22.4c6.4 0 12.8-6.4 12.8-12.8V204.8c0-6.4-6.4-12.8-12.8-12.8h-22.4c-6.4 0-12.8 6.4-12.8 12.8v134.4c0 6.4 6.4 12.8 12.8 12.8zM496 400H48V80c0-8.84-7.16-16-16-16H16C7.16 64 0 71.16 0 80v336c0 17.67 14.33 32 32 32h464c8.84 0 16-7.16 16-16v-16c0-8.84-7.16-16-16-16zm-387.2-48h22.4c6.4 0 12.8-6.4 12.8-12.8v-70.4c0-6.4-6.4-12.8-12.8-12.8h-22.4c-6.4 0-12.8 6.4-12.8 12.8v70.4c0 6.4 6.4 12.8 12.8 12.8z\" class=\"\"><\/path><\/svg><\/i> <img loading=\"lazy\" decoding=\"async\" width=\"16\" height=\"16\" alt=\"Loading\" src=\"https:\/\/www.borbolycsaba.ro\/ro\/wp-content\/plugins\/page-views-count\/ajax-loader-2x.gif\" border=0 \/><\/p>\n<div class=\"pvc_clear\"><\/div>\n","protected":false},"author":5,"featured_media":0,"parent":0,"menu_order":0,"comment_status":"closed","ping_status":"closed","template":"","meta":{"footnotes":""},"a3_pvc":{"activated":true,"total_views":3462,"today_views":0},"_links":{"self":[{"href":"https:\/\/www.borbolycsaba.ro\/ro\/wp-json\/wp\/v2\/pages\/2127"}],"collection":[{"href":"https:\/\/www.borbolycsaba.ro\/ro\/wp-json\/wp\/v2\/pages"}],"about":[{"href":"https:\/\/www.borbolycsaba.ro\/ro\/wp-json\/wp\/v2\/types\/page"}],"author":[{"embeddable":true,"href":"https:\/\/www.borbolycsaba.ro\/ro\/wp-json\/wp\/v2\/users\/5"}],"replies":[{"embeddable":true,"href":"https:\/\/www.borbolycsaba.ro\/ro\/wp-json\/wp\/v2\/comments?post=2127"}],"version-history":[{"count":2,"href":"https:\/\/www.borbolycsaba.ro\/ro\/wp-json\/wp\/v2\/pages\/2127\/revisions"}],"predecessor-version":[{"id":2130,"href":"https:\/\/www.borbolycsaba.ro\/ro\/wp-json\/wp\/v2\/pages\/2127\/revisions\/2130"}],"wp:attachment":[{"href":"https:\/\/www.borbolycsaba.ro\/ro\/wp-json\/wp\/v2\/media?parent=2127"}],"curies":[{"name":"wp","href":"https:\/\/api.w.org\/{rel}","templated":true}]}}