{"id":24,"date":"2013-02-11T12:42:17","date_gmt":"2013-02-11T10:42:17","guid":{"rendered":"http:\/\/borbolycsaba.judetulharghita.ro\/?page_id=24"},"modified":"2016-07-19T09:52:41","modified_gmt":"2016-07-19T06:52:41","slug":"curriculum-vitae","status":"publish","type":"page","link":"https:\/\/www.borbolycsaba.ro\/ro\/curriculum-vitae\/","title":{"rendered":"Curriculum vitae"},"content":{"rendered":"<h3>Informa\u021bii personale:<\/h3>\n<ul>\n<li>Csaba Borboly<\/li>\n<li>Adresa:\u00a0Pia\u0163a Libert\u0103\u0163ii nr. 5, 530140 Miercurea-Ciuc (Rom\u00e2nia)<\/li>\n<li>Telefon:\u00a0+40 744 399 282<\/li>\n<li>E-mail:\u00a0info@borbolycsaba.ro, borbolycsaba@judetulharghita.ro<\/li>\n<li>Web:\u00a0<a href=\"http:\/\/www.borbolycsaba.ro\/ro\/\">www.borbolycsaba.ro<\/a><\/li>\n<li>Facebook: <a href=\"https:\/\/www.facebook.com\/borbolycsaba.ro\">https:\/\/www.facebook.com\/borbolycsaba.ro<\/a><\/li>\n<li>Skype: borbolycs<\/li>\n<\/ul>\n<div><\/div>\n<div><\/div>\n<h4>Experien\u021ba profesional\u0103:<\/h4>\n<ul>\n<li>2012 &#8211; prezent:\u00a0membru \u00een delega\u0163ia CoR (Committee of Regions)\u00a0&#8211;\u00a0\u00een reprezentan\u0163a Uniunii Na\u0163ionale a Consiliilor Jude\u0163ene din Rom\u00e2nia, Bruxelles (Belgia)<\/li>\n<li>2012 &#8211; prezent:\u00a0pre\u015fedinte\u00a0&#8211;\u00a0Asocia\u0163ia Grupul de Ac\u0163iune Local\u0103 &#8222;S\u00f3vid\u00e9k &#8211; Hegyalja&#8221;<\/li>\n<li>2008 &#8211; prezent:\u00a0pre\u015fedinte\u00a0&#8211;\u00a0Consiliul Jude\u0163ean Harghita, Miercurea-Ciuc (Rom\u00e2nia)<\/li>\n<li>2004 &#8211; 2009:\u00a0membru\u00a0&#8211;\u00a0Comisia de cultur\u0103, Funda\u0163ia Communitas<\/li>\n<li>2004 &#8211; 2008:\u00a0vicepre\u0219edinte\u00a0&#8211;\u00a0Consiliul Jude\u0163ean Harghita, Miercurea-Ciuc (Rom\u00e2nia)<\/li>\n<li>2004 &#8211; 2008:\u00a0vicepre\u0219edinte\u00a0&#8211;\u00a0Federa\u0163ia Organiza\u0163iilor de Tineret din Regiunea Ciuc, (Rom\u00e2nia)<\/li>\n<li>2003 &#8211; 2007:\u00a0membru\u00a0&#8211;\u00a0Comisia de administra\u0163ie public\u0103, Funda\u0163ia Illy\u00e9s<\/li>\n<li>2003 &#8211; 2004:\u00a0membru\u00a0&#8211;\u00a0Consiliul director al\u00a0 Serviciul Public de Asisten\u0163\u0103 Social\u0103 Harghita<\/li>\n<li>2002 &#8211; 2004:\u00a0membru\u00a0&#8211;\u00a0Consiliul director al Serviciului Public Salvamont din jude\u0163ul Harghita<\/li>\n<li>2001 &#8211; 2004:\u00a0director\u00a0&#8211;\u00a0Agras Vienna Insurance Group, Sucursala Miercurea Ciuc, (Rom\u00e2nia)<\/li>\n<li>2001 &#8211; 2003:\u00a0vicepre\u0219edinte\u00a0&#8211;\u00a0Federa\u0163ia Tineri, aici acas\u0103<\/li>\n<li>2000 &#8211; 2004:\u00a0membru\u00a0&#8211;\u00a0Consiliul de Administra\u0163ie al Centrului Cultural L\u0103zarea<\/li>\n<li>1999 &#8211; 2004:\u00a0pre\u0219edinte\u00a0&#8211;\u00a0Federa\u0163ia Organiza\u0163iilor de Tineret din Regiunea Ciuc, (Rom\u00e2nia)<\/li>\n<li>1998 &#8211; 2004:\u00a0pre\u0219edinte\u00a0&#8211;\u00a0Alian\u0163a Tineretului Democrat Maghiar<\/li>\n<li>1997 &#8211; 2000:\u00a0pre\u0219edinte\u00a0&#8211;\u00a0Funda\u0163ia pentru Studii \u015fi Seminarii \u00een Probleme de Tineret<\/li>\n<li>1997 &#8211; 1998:\u00a0editor\u00a0&#8211;\u00a0Revista \u201eErd\u00e9lyi P\u00e1ly\u00e1zati Figyel\u0151\u201d \u2013 publica\u0163ie lunar\u0103 a societ\u0103\u0163ii civile maghiare din Rom\u00e2nia<\/li>\n<li>1994 &#8211; 1999:\u00a0pre\u0219edinte\u00a0&#8211;\u00a0Funda\u0163ia \u201eErd\u00e9lyi Iskolapolg\u00e1r\u201d<\/li>\n<li>1994 &#8211; 1997:\u00a0membru fondator\u00a0&#8211;\u00a0Consiliul Tineretului Maghiar<\/li>\n<li>1994 &#8211; 1997:\u00a0membru\u00a0&#8211;\u00a0Uniunea Liceenilor Maghiari din Rom\u00e2nia<\/li>\n<li>1993 &#8211; 1995:\u00a0pre\u0219edinte\u00a0&#8211;\u00a0Asocia\u0163ia pentru Management Civic<\/li>\n<li>1990 &#8211; 1992:\u00a0pre\u0219edinte\u00a0&#8211;\u00a0Consiliul Elevilor din cadrul Liceului Teoretic \u201eM\u00e1rton \u00c1ron\u201d<\/li>\n<\/ul>\n<div><\/div>\n<div><\/div>\n<h4>Educa\u021bie \u0219i formare:<\/h4>\n<ul>\n<li>1993 &#8211; 1999:\u00a0administra\u0163ie public\u0103\u00a0&#8211;\u00a0Universitatea \u201eE\u00f6tv\u00f6s L\u00f3r\u00e1nd\u201d Facultatea de Drept, Budapesta (Ungaria)<\/li>\n<li>1992 &#8211; 1993:\u00a0management politic\u00a0&#8211;\u00a0\u015ecoala Politica &#8222;Sz\u00e1zadv\u00e9g&#8221; din Budapesta (Ungaria)<\/li>\n<li>1987 &#8211; 1992:\u00a0informatic\u0103\u00a0&#8211;\u00a0Liceul \u201eM\u00e1rton \u00c1ron\u201d din Miercurea Ciuc (Rom\u00e2nia)<\/li>\n<\/ul>\n<div><\/div>\n<div><\/div>\n<div><\/div>\n<h4>Studii de specialitate \u015fi burse \u00een str\u0103in\u0103tate:<\/h4>\n<ul>\n<li>2002 \u2013 2003:\u00a0burs\u0103 de cercetare\u00a0&#8211;\u00a0Programul comun derulat de Centrul Regional al Academiei de \u015etiin\u0163e din Ungaria \u015fi de Funda\u0163ia \u201e\u00daj K\u00e9zfog\u00e1s\u201d<\/li>\n<li>2001:\u00a0curs de perfec\u0163ionare pentru liderii institu\u0163iilor publice\u00a0&#8211;\u00a0Funda\u0163ia Partners for Local Development<\/li>\n<li>1999:\u00a0formarea formatorilor\u00a0&#8211;\u00a0Opportunity Associates Romania<\/li>\n<li>1998:\u00a0cursuri de specialitate pentru liderii organiza\u0163iilor de tineret\u00a0&#8211;\u00a0MTS \u2013 CTR \u2013 Comisia European\u0103<\/li>\n<li>1995 \u2013 1996:\u00a0elaborarea de metodologii \u015fi studii \u00een domeniul drepturilor cet\u0103\u0163ene\u015fti (curs)\u00a0&#8211;\u00a0Center for Civic Studies \u2013 Funda\u0163ia \u201eSoros\u201d, Budapesta<\/li>\n<li>1993 \u2013 1994:\u00a0formarea formatorilor\u00a0&#8211;\u00a0Ministerul Culturii \u015fi Educa\u0163iei, Ungaria, Budapesta<\/li>\n<li>1992 \u2013 1993:\u00a0managementul organiza\u0163iilor non-guvernamentale\u00a0&#8211;\u00a0Case Western University &#8211; Mandel Center<\/li>\n<\/ul>\n<div><\/div>\n<div><\/div>\n<h4>Cariera politic\u0103:<\/h4>\n<ul>\n<li>2011 &#8211; prezent:\u00a0membru\u00a0&#8211;\u00a0Prezidiul UDMR<\/li>\n<li>2011 &#8211; 2012:\u00a0pre\u0219edinte\u00a0&#8211;\u00a0UDMR Organiza\u0163ia Jude\u0163ean\u0103 Harghita<\/li>\n<li>2011- prezent:\u00a0membru\u00a0&#8211;\u00a0Consiliul Ale\u015filor Locali ai UDMR din jude\u0163ele Harghita, Mure\u015f \u015fi Covasna<\/li>\n<li>2008 &#8211; prezent:\u00a0pre\u0219edinte\u00a0&#8211;\u00a0Consiliul Na\u0163ional al Ale\u015filor Locali ai UDMR<\/li>\n<li>2007 &#8211; prezent:\u00a0pre\u0219edinte\u00a0&#8211;\u00a0Organiza\u0163ia Teritorial\u0103 UDMR Ciuc<\/li>\n<li>2005 &#8211; prezent:\u00a0membru\u00a0&#8211;\u00a0Consiliului Na\u0163ional Permanent al UDMR<\/li>\n<li>2003 &#8211; prezent:\u00a0membru\u00a0&#8211;\u00a0Consiliului Reprezentan\u0163ilor Unionali\u00a0 UDMR<\/li>\n<li>2003 &#8211; 2007:\u00a0pre\u0219edinte\u00a0&#8211;\u00a0Consiliul Reprezentan\u0163ilor Teritoriali UDMR Ciuc<\/li>\n<li>2004 \u2013 2008:\u00a0pre\u0219edinte\u00a0&#8211;\u00a0Conferin\u0163a Tineretului Maghiar\u00a0 (MI\u00c9RT)<\/li>\n<li>2003 \u2013 2004:\u00a0pre\u015fedinte executiv\u00a0&#8211;\u00a0Conferin\u0163a Tineretului Maghiar\u00a0 (MI\u00c9RT)<\/li>\n<li>2000 \u2013 prezent:\u00a0membru\u00a0&#8211;\u00a0Consiliul Reprezentan\u0163ilor Or\u0103\u015fene\u015fti ai UDMR Miercurea Ciuc<\/li>\n<li>2000:\u00a0\u015fef campanie\u00a0&#8211;\u00a0UDMR Harghita, alegerile parlamentare \u015fi preziden\u0163iale<\/li>\n<li>2000 \u2013 2004:\u00a0secretar comisie de specialitate\u00a0&#8211;\u00a0Consiliul Jude\u021bean Harghita &#8211; Comisia de s\u0103n\u0103tate, protec\u0163ie social\u0103, tineret \u015fi sport<\/li>\n<li>2000 \u2013 2004:\u00a0membru comisie de specialitate\u00a0&#8211;\u00a0Consiliul Jude\u0163ean Harghita &#8211; Comisia pentru activit\u0103\u0163i \u015ftiin\u0163ifice, \u00eenv\u0103\u0163\u0103m\u00e2nt, cultur\u0103 \u015fi culte<\/li>\n<li>2000 \u2013 2004:\u00a0consilier jude\u0163ean si Membru in Delega\u0163ia Permanent\u0103\u00a0&#8211;\u00a0Consiliul Jude\u0163ean Harghita<\/li>\n<li>1994 \u2013 prezent:\u00a0membru\u00a0&#8211;\u00a0Consiliul Reprezentan\u0163ilor Teritoriali al UDMR, Organiza\u0163ia Teritorial\u0103 Ciuc<\/li>\n<\/ul>\n<div class=\"pvc_clear\"><\/div>\n<p id=\"pvc_stats_24\" class=\"pvc_stats all  \" data-element-id=\"24\" style=\"\"><i class=\"pvc-stats-icon medium\" aria-hidden=\"true\"><svg aria-hidden=\"true\" focusable=\"false\" data-prefix=\"far\" data-icon=\"chart-bar\" role=\"img\" xmlns=\"http:\/\/www.w3.org\/2000\/svg\" viewBox=\"0 0 512 512\" class=\"svg-inline--fa fa-chart-bar fa-w-16 fa-2x\"><path fill=\"currentColor\" d=\"M396.8 352h22.4c6.4 0 12.8-6.4 12.8-12.8V108.8c0-6.4-6.4-12.8-12.8-12.8h-22.4c-6.4 0-12.8 6.4-12.8 12.8v230.4c0 6.4 6.4 12.8 12.8 12.8zm-192 0h22.4c6.4 0 12.8-6.4 12.8-12.8V140.8c0-6.4-6.4-12.8-12.8-12.8h-22.4c-6.4 0-12.8 6.4-12.8 12.8v198.4c0 6.4 6.4 12.8 12.8 12.8zm96 0h22.4c6.4 0 12.8-6.4 12.8-12.8V204.8c0-6.4-6.4-12.8-12.8-12.8h-22.4c-6.4 0-12.8 6.4-12.8 12.8v134.4c0 6.4 6.4 12.8 12.8 12.8zM496 400H48V80c0-8.84-7.16-16-16-16H16C7.16 64 0 71.16 0 80v336c0 17.67 14.33 32 32 32h464c8.84 0 16-7.16 16-16v-16c0-8.84-7.16-16-16-16zm-387.2-48h22.4c6.4 0 12.8-6.4 12.8-12.8v-70.4c0-6.4-6.4-12.8-12.8-12.8h-22.4c-6.4 0-12.8 6.4-12.8 12.8v70.4c0 6.4 6.4 12.8 12.8 12.8z\" class=\"\"><\/path><\/svg><\/i> <img loading=\"lazy\" decoding=\"async\" width=\"16\" height=\"16\" alt=\"Loading\" src=\"https:\/\/www.borbolycsaba.ro\/ro\/wp-content\/plugins\/page-views-count\/ajax-loader-2x.gif\" border=0 \/><\/p>\n<div class=\"pvc_clear\"><\/div>\n<!-- AddThis Advanced Settings generic via filter on the_content -->","protected":false},"excerpt":{"rendered":"<p>Informa\u021bii personale: Csaba Borboly Adresa:\u00a0Pia\u0163a Libert\u0103\u0163ii nr. 5, 530140 Miercurea-Ciuc (Rom\u00e2nia) Telefon:\u00a0+40 744 399 282 E-mail:\u00a0info@borbolycsaba.ro, borbolycsaba@judetulharghita.ro Web:\u00a0www.borbolycsaba.ro Facebook: https:\/\/www.facebook.com\/borbolycsaba.ro Skype: borbolycs Experien\u021ba profesional\u0103: 2012 &#8211; prezent:\u00a0membru \u00een delega\u0163ia CoR (Committee of Regions)\u00a0&#8211;\u00a0\u00een reprezentan\u0163a Uniunii Na\u0163ionale a Consiliilor Jude\u0163ene din Rom\u00e2nia, Bruxelles (Belgia) 2012 &#8211; prezent:\u00a0pre\u015fedinte\u00a0&#8211;\u00a0Asocia\u0163ia Grupul de Ac\u0163iune Local\u0103 &#8222;S\u00f3vid\u00e9k &#8211; Hegyalja&#8221; 2008 &#8211; [&hellip;]<!-- AddThis Advanced Settings generic via filter on wp_trim_excerpt --><\/p>\n<div class=\"pvc_clear\"><\/div>\n<p id=\"pvc_stats_24\" class=\"pvc_stats all  \" data-element-id=\"24\" style=\"\"><i class=\"pvc-stats-icon medium\" aria-hidden=\"true\"><svg aria-hidden=\"true\" focusable=\"false\" data-prefix=\"far\" data-icon=\"chart-bar\" role=\"img\" xmlns=\"http:\/\/www.w3.org\/2000\/svg\" viewBox=\"0 0 512 512\" class=\"svg-inline--fa fa-chart-bar fa-w-16 fa-2x\"><path fill=\"currentColor\" d=\"M396.8 352h22.4c6.4 0 12.8-6.4 12.8-12.8V108.8c0-6.4-6.4-12.8-12.8-12.8h-22.4c-6.4 0-12.8 6.4-12.8 12.8v230.4c0 6.4 6.4 12.8 12.8 12.8zm-192 0h22.4c6.4 0 12.8-6.4 12.8-12.8V140.8c0-6.4-6.4-12.8-12.8-12.8h-22.4c-6.4 0-12.8 6.4-12.8 12.8v198.4c0 6.4 6.4 12.8 12.8 12.8zm96 0h22.4c6.4 0 12.8-6.4 12.8-12.8V204.8c0-6.4-6.4-12.8-12.8-12.8h-22.4c-6.4 0-12.8 6.4-12.8 12.8v134.4c0 6.4 6.4 12.8 12.8 12.8zM496 400H48V80c0-8.84-7.16-16-16-16H16C7.16 64 0 71.16 0 80v336c0 17.67 14.33 32 32 32h464c8.84 0 16-7.16 16-16v-16c0-8.84-7.16-16-16-16zm-387.2-48h22.4c6.4 0 12.8-6.4 12.8-12.8v-70.4c0-6.4-6.4-12.8-12.8-12.8h-22.4c-6.4 0-12.8 6.4-12.8 12.8v70.4c0 6.4 6.4 12.8 12.8 12.8z\" class=\"\"><\/path><\/svg><\/i> <img loading=\"lazy\" decoding=\"async\" width=\"16\" height=\"16\" alt=\"Loading\" src=\"https:\/\/www.borbolycsaba.ro\/ro\/wp-content\/plugins\/page-views-count\/ajax-loader-2x.gif\" border=0 \/><\/p>\n<div class=\"pvc_clear\"><\/div>\n","protected":false},"author":5,"featured_media":0,"parent":0,"menu_order":0,"comment_status":"open","ping_status":"closed","template":"","meta":{"footnotes":""},"a3_pvc":{"activated":true,"total_views":5654,"today_views":0},"_links":{"self":[{"href":"https:\/\/www.borbolycsaba.ro\/ro\/wp-json\/wp\/v2\/pages\/24"}],"collection":[{"href":"https:\/\/www.borbolycsaba.ro\/ro\/wp-json\/wp\/v2\/pages"}],"about":[{"href":"https:\/\/www.borbolycsaba.ro\/ro\/wp-json\/wp\/v2\/types\/page"}],"author":[{"embeddable":true,"href":"https:\/\/www.borbolycsaba.ro\/ro\/wp-json\/wp\/v2\/users\/5"}],"replies":[{"embeddable":true,"href":"https:\/\/www.borbolycsaba.ro\/ro\/wp-json\/wp\/v2\/comments?post=24"}],"version-history":[{"count":16,"href":"https:\/\/www.borbolycsaba.ro\/ro\/wp-json\/wp\/v2\/pages\/24\/revisions"}],"predecessor-version":[{"id":2072,"href":"https:\/\/www.borbolycsaba.ro\/ro\/wp-json\/wp\/v2\/pages\/24\/revisions\/2072"}],"wp:attachment":[{"href":"https:\/\/www.borbolycsaba.ro\/ro\/wp-json\/wp\/v2\/media?parent=24"}],"curies":[{"name":"wp","href":"https:\/\/api.w.org\/{rel}","templated":true}]}}