{"id":3565,"date":"2019-03-12T11:38:49","date_gmt":"2019-03-12T09:38:49","guid":{"rendered":"https:\/\/www.borbolycsaba.ro\/ro\/?page_id=3565"},"modified":"2019-08-05T15:32:54","modified_gmt":"2019-08-05T12:32:54","slug":"consolidarea-educatiei-stiam-in-ue","status":"publish","type":"page","link":"https:\/\/www.borbolycsaba.ro\/ro\/consolidarea-educatiei-stiam-in-ue\/","title":{"rendered":"Consolidarea educa\u021biei STI(A)M \u00een UE"},"content":{"rendered":"<p style=\"font-weight: 400;\"><strong><a href=\"https:\/\/www.borbolycsaba.ro\/ro\/wp-content\/uploads\/2019\/03\/NavracsicsMegbesz.jpg\"><img loading=\"lazy\" decoding=\"async\" class=\"alignnone size-large wp-image-3566\" src=\"https:\/\/www.borbolycsaba.ro\/ro\/wp-content\/uploads\/2019\/03\/NavracsicsMegbesz-1024x576.jpg\" alt=\"NavracsicsMegbesz\" width=\"1024\" height=\"576\" srcset=\"https:\/\/www.borbolycsaba.ro\/ro\/wp-content\/uploads\/2019\/03\/NavracsicsMegbesz-1024x576.jpg 1024w, https:\/\/www.borbolycsaba.ro\/ro\/wp-content\/uploads\/2019\/03\/NavracsicsMegbesz-300x169.jpg 300w, https:\/\/www.borbolycsaba.ro\/ro\/wp-content\/uploads\/2019\/03\/NavracsicsMegbesz-768x432.jpg 768w, https:\/\/www.borbolycsaba.ro\/ro\/wp-content\/uploads\/2019\/03\/NavracsicsMegbesz.jpg 2000w\" sizes=\"(max-width: 1024px) 100vw, 1024px\" \/><\/a><\/strong><\/p>\n<p style=\"font-weight: 400;\">Borboly Csaba, pre\u0219edintele Consiliului Jude\u021bean Harghita va elabora \u00een calitate de membru al Comitetului Regiunilor de la Bruxelles \u2013 Comisia pentru Politic\u0103 Social\u0103 educa\u021bie \u0219i ocuparea for\u021bei de munc\u0103, cercetare \u0219i cultur\u0103 (SEDEC), un proiect de aviz pe tema modului de implementare a sistemul educa\u021bional STIAM (\u0218tiin\u021b\u0103, tehnologii, inginerie, arte \u0219i matematic\u0103). Acesta este un concept educa\u021bional care se bazeaz\u0103 pe creativitate, dezvoltarea competen\u021belor de gestionare a problemelor, solu\u021bii de inova\u021bie digital\u0103.<\/p>\n<h4 style=\"font-weight: 400;\"><strong><span lang=\"HU\">1.\u00a0<\/span><span lang=\"RO\">\u0218tiri despre draftul proiectului de aviz<\/span>:<\/strong><\/h4>\n<p style=\"font-weight: 400;\"><a href=\"https:\/\/www.borbolycsaba.ro\/ro\/sistemul-de-invatamant-nu-este-in-concordanta-cu-cererile-de-piata-fortei-de-munca\/\">Sistemul de \u00eenv\u0103\u021b\u0103m\u00e2nt nu este \u00een concordan\u021b\u0103 cu cererile de pia\u021ba for\u021bei de munc\u0103<\/a><\/p>\n<p style=\"font-weight: 400;\"><a href=\"https:\/\/www.borbolycsaba.ro\/ro\/borboly-csaba-trebuie-sa-existe-concordanta-intre-metodologia-si-continutul-educational-si-cerintele-economice-aflate-in-continua-schimbare\/\">Borboly Csaba: Trebuie S\u0103 Existe Concordan\u021b\u0103 \u00centre Metodologia \u0218i Con\u021binutul Educa\u021bional \u0218i Cerin\u021bele Economice, Aflate \u00cen Continu\u0103 Schimbare<\/a><\/p>\n<p style=\"font-weight: 400;\"><a href=\"https:\/\/www.borbolycsaba.ro\/ro\/navracsics-tibor-valorile-locale-si-regionale-intaresc-uniunea-europeana\/\">Navracsics Tibor: Valorile Locale \u0218i Regionale \u00cent\u0103resc Uniunea European\u0103<\/a><\/p>\n<p style=\"font-weight: 400;\"><a href=\"https:\/\/www.borbolycsaba.ro\/ro\/un-nou-raport-european-in-vederea-stoparii-fenomenului-de-exod-al-creierelor\/\">Un Nou Raport European \u00cen Vederea Stop\u0103rii Fenomenului De \u201eExod Al Creierelor\u201d<\/a><\/p>\n<p style=\"font-weight: 400;\"><a href=\"https:\/\/www.borbolycsaba.ro\/ro\/in-vizor-sistemul-educational-stem\/\">\u00cen Vizor Sistemul Educa\u021bional STEM<\/a><\/p>\n<h4 style=\"font-weight: 400;\"><\/h4>\n<h4 class=\"m_-1223650449874806623MsoListParagraph\"><b>2.\u00a0<\/b><b>Planul activit\u0103\u021bilor pentru raportor:<\/b><\/h4>\n<h4 style=\"font-weight: 400;\"><\/h4>\n<p style=\"font-weight: 400;\"><strong>Adoptarea proiectului de aviz:<\/strong><\/p>\n<p style=\"font-weight: 400;\">&#8211;\u00a0\u00a0\u00a0\u00a0\u00a0\u00a0\u00a0\u00a0<strong>Dezbaterea documentului de lucru<\/strong>\u00a0\u2012 sedin\u021b\u0103 de comisie SEDEC \u00een data de 18-19 februarie 2019<\/p>\n<p style=\"font-weight: 400;\"><a href=\"https:\/\/www.borbolycsaba.ro\/ro\/wp-content\/uploads\/2019\/03\/COR-2018-06435-00-01-DT-TRA-RO.docx\">Document de lucru:\u00a0 Consolidarea educa\u021biei STI(A)M \u00een UE\u00a0<\/a><\/p>\n<p style=\"font-weight: 400;\">&#8211;\u00a0\u00a0\u00a0\u00a0\u00a0\u00a0\u00a0\u00a0<strong>Dezbaterea draftul proiectului de aviz<\/strong>\u00a0\u2012 sedin\u021b\u0103 de comisie SEDEC \u00een data de 2 aprilie 2019<\/p>\n<p style=\"font-weight: 400;\"><a href=\"https:\/\/www.borbolycsaba.ro\/ro\/wp-content\/uploads\/2019\/03\/COR-2019-00968-00-02-CONVPOJ-TRA-RO-1.docx\">Ordinea de zi \u2013\u00a0<span lang=\"RO\">\u0218edin\u021ba SEDEC &#8211;\u00a0<\/span>Consolidarea educa\u021biei STI(A)M \u00een UE<\/a><\/p>\n<p style=\"font-weight: 400;\"><a href=\"https:\/\/www.borbolycsaba.ro\/ro\/wp-content\/uploads\/2019\/08\/COR-2018-06435-00-01-PA-TRA-RO.pdf\">Draftul proiectului de aviz: Consolidarea educa\u021biei STI(A)M \u00een UE<\/a><\/p>\n<p style=\"font-weight: 400;\">\n<p style=\"font-weight: 400;\">\n&#8211;\u00a0\u00a0\u00a0\u00a0\u00a0\u00a0\u00a0<strong>Dezbaterea proiectului de aviz<\/strong>\u00a0\u2012 135. \u0219edin\u021b\u0103 plenar\u0103 \u00een data de 26-27\u00a0iunie 2019<\/p>\n<p style=\"font-weight: 400;\"><a href=\"https:\/\/www.borbolycsaba.ro\/ro\/wp-content\/uploads\/2019\/08\/cor-2018-06435-00-00-ac-tra-ro.pdf\">Proiectului de aviz: Consolidarea educa\u021biei STI(A)M \u00een UE<\/a><\/p>\n<p style=\"font-weight: 400;\">\n<p style=\"font-weight: 400;\"><strong><br \/>\n\u00cent\u00e2lniri cu stakeholderi:<\/strong><\/p>\n<p style=\"font-weight: 400;\">&#8211;\u00a0\u00a0\u00a0\u00a0\u00a0\u00a0\u00a0\u00a0<em>23. ianuarie 2019<\/em>.\u00a0\u00cent\u00e2lnire cu Kozma Istvan, reprezentantul IT Plus Cluster<\/p>\n<p style=\"font-weight: 400;\">&#8211;\u00a0\u00a0\u00a0\u00a0\u00a0\u00a0\u00a0\u00a0<em>25. februarie 2019.\u00a0<\/em>\u00cent\u00e2lnire cu comisarul european Tibor Navracsics, responsabil pentru educa\u021bie, cultur\u0103, tineret \u0219i sport<\/p>\n<p style=\"font-weight: 400;\">&#8211;\u00a0\u00a0\u00a0\u00a0\u00a0\u00a0\u00a0\u00a0<em>2019. m<\/em><em>\u00e1rcius 18.<\/em><\/p>\n<p>&nbsp;<\/p>\n<h4 style=\"font-weight: 400;\"><strong><span lang=\"HU\">3.\u00a0<\/span><\/strong><span lang=\"RO\"><strong>Sugestii \u0219i amendamente referitor la draftul proiectului de aviz<\/strong><\/span><\/h4>\n<p>&nbsp;<\/p>\n<ul>\n<li class=\"m_8541242069917890837MsoListParagraph\"><a href=\"https:\/\/www.borbolycsaba.ro\/wp-content\/uploads\/2019\/03\/SuggestionsSMEUnited.docx\"><span lang=\"EN-US\">Amendamente referitoare la draftul de opinie &#8211;\u00a0<\/span>Business Development and Alliances at Texas Instruments Education Technology<\/a><u><\/u><u><\/u><\/li>\n<li class=\"m_8541242069917890837MsoListParagraph\"><a href=\"https:\/\/www.borbolycsaba.ro\/wp-content\/uploads\/2019\/03\/Comments-on-CoR-STEM-opinion-002.docx\"><span lang=\"EN-US\">Propuneri referitoare la STEAM \u2013 S<\/span>MEunited<\/a>\n<p style=\"font-weight: 400;\">\n<\/li>\n<li class=\"m_8541242069917890837MsoListParagraph\">\n<p style=\"font-weight: 400;\"><a href=\"https:\/\/www.borbolycsaba.ro\/wp-content\/uploads\/2019\/03\/Amendments-from-the-representatives-of-the-European-Trade-Union-Committee-for-Education.docx\">Amendamente ale reprezentan\u021bilor Comitetului sindical european pentru educa\u021bie<\/a><\/p>\n<\/li>\n<\/ul>\n<h4 style=\"font-weight: 400;\"><span lang=\"RO\"><br \/>\n<\/span><\/h4>\n<h4><strong>4. Studii, documente delucru<br \/>\n<\/strong><\/h4>\n<ol start=\"1\" type=\"1\">\n<li class=\"m_7794393629545702272MsoListParagraph\"><a href=\"https:\/\/www.borbolycsaba.ro\/wp-content\/uploads\/2019\/03\/Ministries_of_Education_STEM_reps_WorkingGroup-PU-2019-03-15.pdf\">The ministries of education STEM representatives working group<\/a><u><\/u><u><\/u><\/li>\n<li class=\"m_7794393629545702272MsoListParagraph\"><a href=\"https:\/\/www.borbolycsaba.ro\/wp-content\/uploads\/2019\/03\/Encouraging-STEM-Studies-EUropean-PArliament.pdf\">Encouraging STEM studies for the labour market \u2013 European Parliament<\/a><u><\/u><u><\/u><\/li>\n<li class=\"m_7794393629545702272MsoListParagraph\"><a href=\"https:\/\/www.borbolycsaba.ro\/wp-content\/uploads\/2019\/03\/Analysis-S-T-E-A-M-SEDEC-Commision.doc\">STEM Analysis \u2013 SEDEC Commission<\/a><u><\/u><u><\/u><\/li>\n<li class=\"m_7794393629545702272MsoListParagraph\"><a href=\"https:\/\/www.borbolycsaba.ro\/wp-content\/uploads\/2019\/03\/Encouraging-STEM-Studies-EUropean-PArliament.pdf\">Encouraging STEM Studies \u2013 European Parliament<\/a><u><\/u><u><\/u><\/li>\n<li class=\"m_7794393629545702272MsoListParagraph\"><a href=\"https:\/\/www.borbolycsaba.ro\/wp-content\/uploads\/2019\/03\/Main-report_-Study-on-the-movement-of-skilled-labour.pdf\">Study on the movement of skilled labour \u2013 European Commission<\/a><u><\/u><u><\/u><\/li>\n<li class=\"m_7794393629545702272MsoListParagraph\"><a href=\"https:\/\/read.oecd-ilibrary.org\/education\/art-for-art-s-sake_9789264180789-en#page1\"><span lang=\"EN-US\">OECD study concerning the Arts<\/span><\/a><\/li>\n<li class=\"m_7794393629545702272MsoListParagraph\"><a href=\"https:\/\/www.borbolycsaba.ro\/wp-content\/uploads\/2019\/03\/Opinion-of-the-COR-\u2013-A-European-strategy-for-industry.docx\">O strategie european\u0103 pentru industrie: rolul \u0219i perspectiva autorit\u0103\u021bilor regionale \u0219i locale \u2013 Aviz COR<\/a><\/li>\n<\/ol>\n<h4><strong>\u00a0<\/strong><\/h4>\n<h4><strong>4. Documente<br \/>\n<\/strong><\/h4>\n<p><a href=\"https:\/\/www.borbolycsaba.ro\/wp-content\/uploads\/2019\/04\/Analysis-S-T-E-A-M.doc\">ANALYTICAL NOTE for the CoR own-initiative opinion on\u00a0STRENGTHENING STE(A)M EDUCATION IN THE EU<strong>\u00a0<\/strong><\/a><\/p>\n<p><a href=\"https:\/\/www.borbolycsaba.ro\/wp-content\/uploads\/2019\/04\/BCS_own-iniatitive_Strengthening-STEAM-education-in-the-EU.docx\">Borboly Csaba\u00ad:\u00a0<em>Proposal for an own-initiative opinion on Strengthening STE(A)M education in the EU\u00a0<\/em><\/a><\/p>\n<p><a href=\"https:\/\/www.borbolycsaba.ro\/wp-content\/uploads\/2019\/04\/Cedefop-Shortages.pdf\">European Centre for the Development of Vocational Training (2018). \u00a0<em>Insights into skill shortages and skill mismatch,\u00a0<\/em>Publications Office of the European Union<\/a><\/p>\n<p><a href=\"https:\/\/www.borbolycsaba.ro\/wp-content\/uploads\/2019\/04\/Cedefop-Skillsandjobs.pdf\">European Centre for the Development of Vocational Training (2015).\u00a0<em>Skills, qualifications and jobs in the EU: the making of a perfect match? Evidence from Cedefop\u2019s European skills and jobs survey<\/em>, Luxembourg: Publications Office<\/a><\/p>\n<p><a href=\"https:\/\/www.borbolycsaba.ro\/wp-content\/uploads\/2019\/04\/Cedefop-STEM.pdf\">European Centre for the Development of Vocational Training (2016). Skill shortage and surplus occupations in Europe<\/a><\/p>\n<p><a href=\"https:\/\/www.borbolycsaba.ro\/wp-content\/uploads\/2019\/04\/COR-STUDY-ADDRESSING-BRAIN-DRAIN-THE-LOCAL-AND-REGIONAL-DIMENSION.docx\">Committee of the Regions (2018). CoR Study \u2013\u00a0<em>Adressing brain drain: the local and regional dimension<\/em>\u00a0(COR Study\u2026.)<\/a><\/p>\n<p><a href=\"https:\/\/www.borbolycsaba.ro\/wp-content\/uploads\/2019\/04\/Main-report_-Study-on-the-movement-of-skilled-labour.pdf\">European Innovation Partnership (2018).\u00a0<em>Study on the movement of skilled labour. Final report<\/em>, European Union<\/a><\/p>\n<p><a href=\"https:\/\/www.borbolycsaba.ro\/wp-content\/uploads\/2019\/04\/Ministries_of_Education_STEM_reps_WorkingGroup-PU-2019-03-15.pdf\">SCIENTIX (2019).\u00a0<em>The ministries of education STEM representatives working group<\/em><\/a><\/p>\n<p><a href=\"https:\/\/www.borbolycsaba.ro\/wp-content\/uploads\/2019\/05\/Encouraging-STEM-Studies.pdf\">European Parliament &#8211; Directorate-General for Internal Policies (2015). <em>Encouraging STEM Studies for the Labour Market, European Union<\/em><\/a><\/p>\n<p style=\"font-weight: 400;\"><a href=\"https:\/\/www.borbolycsaba.ro\/ro\/wp-content\/uploads\/2019\/06\/BCS_Eloadas_Peer-learning-event-on-brain-drain.docx\">Speech of Mr. Csaba Borboly at the European Commission Peer Learning Event on Brain Flow (4th of June 2019)<\/a><\/p>\n<p>&nbsp;<\/p>\n<h4 style=\"font-weight: 400;\"><strong>Recomand\u0103ri, propuneri cu privire la orice aspect legat de proiectul de aviz<\/strong><strong>:\u00a0<a href=\"mailto:info@borbolycsaba.ro\">info@borbolycsaba.ro<\/a><\/strong><\/h4>\n<p><iframe loading=\"lazy\" src=\"https:\/\/www.youtube.com\/embed\/f4TE4e9LkpM\" width=\"560\" height=\"315\" frameborder=\"0\" allowfullscreen=\"allowfullscreen\"><\/iframe><\/p>\n<div class=\"pvc_clear\"><\/div>\n<p id=\"pvc_stats_3565\" class=\"pvc_stats all  \" data-element-id=\"3565\" style=\"\"><i class=\"pvc-stats-icon medium\" aria-hidden=\"true\"><svg aria-hidden=\"true\" focusable=\"false\" data-prefix=\"far\" data-icon=\"chart-bar\" role=\"img\" xmlns=\"http:\/\/www.w3.org\/2000\/svg\" viewBox=\"0 0 512 512\" class=\"svg-inline--fa fa-chart-bar fa-w-16 fa-2x\"><path fill=\"currentColor\" d=\"M396.8 352h22.4c6.4 0 12.8-6.4 12.8-12.8V108.8c0-6.4-6.4-12.8-12.8-12.8h-22.4c-6.4 0-12.8 6.4-12.8 12.8v230.4c0 6.4 6.4 12.8 12.8 12.8zm-192 0h22.4c6.4 0 12.8-6.4 12.8-12.8V140.8c0-6.4-6.4-12.8-12.8-12.8h-22.4c-6.4 0-12.8 6.4-12.8 12.8v198.4c0 6.4 6.4 12.8 12.8 12.8zm96 0h22.4c6.4 0 12.8-6.4 12.8-12.8V204.8c0-6.4-6.4-12.8-12.8-12.8h-22.4c-6.4 0-12.8 6.4-12.8 12.8v134.4c0 6.4 6.4 12.8 12.8 12.8zM496 400H48V80c0-8.84-7.16-16-16-16H16C7.16 64 0 71.16 0 80v336c0 17.67 14.33 32 32 32h464c8.84 0 16-7.16 16-16v-16c0-8.84-7.16-16-16-16zm-387.2-48h22.4c6.4 0 12.8-6.4 12.8-12.8v-70.4c0-6.4-6.4-12.8-12.8-12.8h-22.4c-6.4 0-12.8 6.4-12.8 12.8v70.4c0 6.4 6.4 12.8 12.8 12.8z\" class=\"\"><\/path><\/svg><\/i> <img loading=\"lazy\" decoding=\"async\" width=\"16\" height=\"16\" alt=\"Loading\" src=\"https:\/\/www.borbolycsaba.ro\/ro\/wp-content\/plugins\/page-views-count\/ajax-loader-2x.gif\" border=0 \/><\/p>\n<div class=\"pvc_clear\"><\/div>\n<!-- AddThis Advanced Settings generic via filter on the_content -->","protected":false},"excerpt":{"rendered":"<p>Borboly Csaba, pre\u0219edintele Consiliului Jude\u021bean Harghita va elabora \u00een calitate de membru al Comitetului Regiunilor de la Bruxelles \u2013 Comisia pentru Politic\u0103 Social\u0103 educa\u021bie \u0219i ocuparea for\u021bei de munc\u0103, cercetare \u0219i cultur\u0103 (SEDEC), un proiect de aviz pe tema modului de implementare a sistemul educa\u021bional STIAM (\u0218tiin\u021b\u0103, tehnologii, inginerie, arte \u0219i matematic\u0103). Acesta este un [&hellip;]<!-- AddThis Advanced Settings generic via filter on wp_trim_excerpt --><\/p>\n<div class=\"pvc_clear\"><\/div>\n<p id=\"pvc_stats_3565\" class=\"pvc_stats all  \" data-element-id=\"3565\" style=\"\"><i class=\"pvc-stats-icon medium\" aria-hidden=\"true\"><svg aria-hidden=\"true\" focusable=\"false\" data-prefix=\"far\" data-icon=\"chart-bar\" role=\"img\" xmlns=\"http:\/\/www.w3.org\/2000\/svg\" viewBox=\"0 0 512 512\" class=\"svg-inline--fa fa-chart-bar fa-w-16 fa-2x\"><path fill=\"currentColor\" d=\"M396.8 352h22.4c6.4 0 12.8-6.4 12.8-12.8V108.8c0-6.4-6.4-12.8-12.8-12.8h-22.4c-6.4 0-12.8 6.4-12.8 12.8v230.4c0 6.4 6.4 12.8 12.8 12.8zm-192 0h22.4c6.4 0 12.8-6.4 12.8-12.8V140.8c0-6.4-6.4-12.8-12.8-12.8h-22.4c-6.4 0-12.8 6.4-12.8 12.8v198.4c0 6.4 6.4 12.8 12.8 12.8zm96 0h22.4c6.4 0 12.8-6.4 12.8-12.8V204.8c0-6.4-6.4-12.8-12.8-12.8h-22.4c-6.4 0-12.8 6.4-12.8 12.8v134.4c0 6.4 6.4 12.8 12.8 12.8zM496 400H48V80c0-8.84-7.16-16-16-16H16C7.16 64 0 71.16 0 80v336c0 17.67 14.33 32 32 32h464c8.84 0 16-7.16 16-16v-16c0-8.84-7.16-16-16-16zm-387.2-48h22.4c6.4 0 12.8-6.4 12.8-12.8v-70.4c0-6.4-6.4-12.8-12.8-12.8h-22.4c-6.4 0-12.8 6.4-12.8 12.8v70.4c0 6.4 6.4 12.8 12.8 12.8z\" class=\"\"><\/path><\/svg><\/i> <img loading=\"lazy\" decoding=\"async\" width=\"16\" height=\"16\" alt=\"Loading\" src=\"https:\/\/www.borbolycsaba.ro\/ro\/wp-content\/plugins\/page-views-count\/ajax-loader-2x.gif\" border=0 \/><\/p>\n<div class=\"pvc_clear\"><\/div>\n","protected":false},"author":2,"featured_media":0,"parent":0,"menu_order":0,"comment_status":"closed","ping_status":"closed","template":"","meta":{"footnotes":""},"a3_pvc":{"activated":true,"total_views":811,"today_views":0},"_links":{"self":[{"href":"https:\/\/www.borbolycsaba.ro\/ro\/wp-json\/wp\/v2\/pages\/3565"}],"collection":[{"href":"https:\/\/www.borbolycsaba.ro\/ro\/wp-json\/wp\/v2\/pages"}],"about":[{"href":"https:\/\/www.borbolycsaba.ro\/ro\/wp-json\/wp\/v2\/types\/page"}],"author":[{"embeddable":true,"href":"https:\/\/www.borbolycsaba.ro\/ro\/wp-json\/wp\/v2\/users\/2"}],"replies":[{"embeddable":true,"href":"https:\/\/www.borbolycsaba.ro\/ro\/wp-json\/wp\/v2\/comments?post=3565"}],"version-history":[{"count":21,"href":"https:\/\/www.borbolycsaba.ro\/ro\/wp-json\/wp\/v2\/pages\/3565\/revisions"}],"predecessor-version":[{"id":3954,"href":"https:\/\/www.borbolycsaba.ro\/ro\/wp-json\/wp\/v2\/pages\/3565\/revisions\/3954"}],"wp:attachment":[{"href":"https:\/\/www.borbolycsaba.ro\/ro\/wp-json\/wp\/v2\/media?parent=3565"}],"curies":[{"name":"wp","href":"https:\/\/api.w.org\/{rel}","templated":true}]}}