{"id":4276,"date":"2020-03-25T13:21:04","date_gmt":"2020-03-25T11:21:04","guid":{"rendered":"https:\/\/www.borbolycsaba.ro\/ro\/?page_id=4276"},"modified":"2020-03-27T11:29:43","modified_gmt":"2020-03-27T09:29:43","slug":"in-judetul-harghita-este-disponibil-serviciul-de-sprijin-spiritual","status":"publish","type":"page","link":"https:\/\/www.borbolycsaba.ro\/ro\/in-judetul-harghita-este-disponibil-serviciul-de-sprijin-spiritual\/","title":{"rendered":"\u00cen jude\u021bul Harghita este disponibil serviciul de sprijin spiritual"},"content":{"rendered":"<p>Consiliul Jude\u021bean Harghita, \u00eempreun\u0103 cu Asocia\u021bia KALOT, organizeaz\u0103 serviciul de sprijin spiritual dedicat persoanelor aflate \u00een autoizolare la domiciliu sau carantin\u0103. Sprijin spiritual ofer\u0103 de asemenea, Asocia\u021bia \u00c1radat \u0219i Biserica Unitarian\u0103.<\/p>\n<p>Travers\u0103m o perioad\u0103 aparte pentru \u00eent\u00e2mpinarea c\u0103reia nu a existat posibilitate de a ne preg\u0103ti \u0219i care aduce \u00een via\u021ba oamenilor impedimente fizice, dar mai ales spirituale. \u00cen aceast\u0103 perioad\u0103 activitatea institu\u021biei continu\u0103, nu se opre\u0219te, angaja\u021bii consiliului jude\u021bean \u00ee\u0219i desf\u0103\u0219oar\u0103 activitatea de acas\u0103. Depunem mari eforturi pentru a putea sprijini locuitorii \u00een aceste momente grele, aceasta este prioritatea noastr\u0103 \u00een jurul c\u0103reia ne desf\u0103\u0219ur\u0103m activitatea. Din acest motiv am \u00eenfiin\u021bat \u00een cadrul consiliului jude\u021bean serviciul de sprijin spiritual, acestui demers al\u0103tur\u00e2ndu-se \u0219i institu\u021biile subordonate ale consiliului jude\u021bean.<\/p>\n<p>Numere de telefon la care pute\u021bi solicita sprijin:<\/p>\n<ol>\n<li>Asocia\u021bia Kalot \u0219i Consiliul Jude\u021bean Harghita: 0758840279 (reprezentant al Asocia\u021biei Kalot) zilnic \u00eentre orele 9,00\u201313,00; 0747122946 (reprezentant al Consiliului Jude\u021bean Harghita), zilnic \u00eentre orele 8,00\u201316,00 \u2013 aici se pot primi informa\u021bii legate de numere de contact ale personalului specializat (17 persoane cu preg\u0103tire de specialitate a\u0219teapt\u0103 s\u0103 fie contactate telefonic \u0219i online, \u00een limba rom\u00e2n\u0103 \u0219i \u00een limba maghiar\u0103).<\/li>\n<li>Asocia\u021bia \u00c1radat: 0754800808, zilnic \u00eentre orele 8,00\u201324,00, trimi\u021b\u00e2nd un e-mail la adresa <a href=\"mailto:hallgatlak.lelkisegely@gmail.com\">hallgatlak.lelkisegely@gmail.com<\/a> ve\u021bi beneficia de sprijinul oferit de cele 30 de persoane specializate \u00een acest sens. Asocia\u021bia \u00c1radat ofer\u0103 sprijin spiritual prin intermediul serviciului telefonic \u0219i online Hallgatlak.ro.<\/li>\n<li>Biserica Unitarian\u0103 prin cele 13 persoane specializate \u00een consiliere spiritual\u0103 poate fi contactat\u0103 la num\u0103rul de telefon 0761610040.<\/li>\n<li>Direc\u0163ia General\u0103 de Asisten\u0163\u0103 Social\u0103 \u015fi Protec\u0163ia Copilului Harghita: 0799732870 \u2013 se poate suna \u00a0de mar\u021bi p\u00e2n\u0103 joi \u00eentre orele 9:00 \u0219i 14:00; e-mail: <a href=\"mailto:centrudeasistentasisprijin@gmail.com\">centrudeasistentasisprijin@gmail.com<\/a><\/li>\n<\/ol>\n<div class=\"pvc_clear\"><\/div>\n<p id=\"pvc_stats_4276\" class=\"pvc_stats all  \" data-element-id=\"4276\" style=\"\"><i class=\"pvc-stats-icon medium\" aria-hidden=\"true\"><svg aria-hidden=\"true\" focusable=\"false\" data-prefix=\"far\" data-icon=\"chart-bar\" role=\"img\" xmlns=\"http:\/\/www.w3.org\/2000\/svg\" viewBox=\"0 0 512 512\" class=\"svg-inline--fa fa-chart-bar fa-w-16 fa-2x\"><path fill=\"currentColor\" d=\"M396.8 352h22.4c6.4 0 12.8-6.4 12.8-12.8V108.8c0-6.4-6.4-12.8-12.8-12.8h-22.4c-6.4 0-12.8 6.4-12.8 12.8v230.4c0 6.4 6.4 12.8 12.8 12.8zm-192 0h22.4c6.4 0 12.8-6.4 12.8-12.8V140.8c0-6.4-6.4-12.8-12.8-12.8h-22.4c-6.4 0-12.8 6.4-12.8 12.8v198.4c0 6.4 6.4 12.8 12.8 12.8zm96 0h22.4c6.4 0 12.8-6.4 12.8-12.8V204.8c0-6.4-6.4-12.8-12.8-12.8h-22.4c-6.4 0-12.8 6.4-12.8 12.8v134.4c0 6.4 6.4 12.8 12.8 12.8zM496 400H48V80c0-8.84-7.16-16-16-16H16C7.16 64 0 71.16 0 80v336c0 17.67 14.33 32 32 32h464c8.84 0 16-7.16 16-16v-16c0-8.84-7.16-16-16-16zm-387.2-48h22.4c6.4 0 12.8-6.4 12.8-12.8v-70.4c0-6.4-6.4-12.8-12.8-12.8h-22.4c-6.4 0-12.8 6.4-12.8 12.8v70.4c0 6.4 6.4 12.8 12.8 12.8z\" class=\"\"><\/path><\/svg><\/i> <img loading=\"lazy\" decoding=\"async\" width=\"16\" height=\"16\" alt=\"Loading\" src=\"https:\/\/www.borbolycsaba.ro\/ro\/wp-content\/plugins\/page-views-count\/ajax-loader-2x.gif\" border=0 \/><\/p>\n<div class=\"pvc_clear\"><\/div>\n<!-- AddThis Advanced Settings generic via filter on the_content -->","protected":false},"excerpt":{"rendered":"<p>Consiliul Jude\u021bean Harghita, \u00eempreun\u0103 cu Asocia\u021bia KALOT, organizeaz\u0103 serviciul de sprijin spiritual dedicat persoanelor aflate \u00een autoizolare la domiciliu sau carantin\u0103. Sprijin spiritual ofer\u0103 de asemenea, Asocia\u021bia \u00c1radat \u0219i Biserica Unitarian\u0103. Travers\u0103m o perioad\u0103 aparte pentru \u00eent\u00e2mpinarea c\u0103reia nu a existat posibilitate de a ne preg\u0103ti \u0219i care aduce \u00een via\u021ba oamenilor impedimente fizice, dar [&hellip;]<!-- AddThis Advanced Settings generic via filter on wp_trim_excerpt --><\/p>\n<div class=\"pvc_clear\"><\/div>\n<p id=\"pvc_stats_4276\" class=\"pvc_stats all  \" data-element-id=\"4276\" style=\"\"><i class=\"pvc-stats-icon medium\" aria-hidden=\"true\"><svg aria-hidden=\"true\" focusable=\"false\" data-prefix=\"far\" data-icon=\"chart-bar\" role=\"img\" xmlns=\"http:\/\/www.w3.org\/2000\/svg\" viewBox=\"0 0 512 512\" class=\"svg-inline--fa fa-chart-bar fa-w-16 fa-2x\"><path fill=\"currentColor\" d=\"M396.8 352h22.4c6.4 0 12.8-6.4 12.8-12.8V108.8c0-6.4-6.4-12.8-12.8-12.8h-22.4c-6.4 0-12.8 6.4-12.8 12.8v230.4c0 6.4 6.4 12.8 12.8 12.8zm-192 0h22.4c6.4 0 12.8-6.4 12.8-12.8V140.8c0-6.4-6.4-12.8-12.8-12.8h-22.4c-6.4 0-12.8 6.4-12.8 12.8v198.4c0 6.4 6.4 12.8 12.8 12.8zm96 0h22.4c6.4 0 12.8-6.4 12.8-12.8V204.8c0-6.4-6.4-12.8-12.8-12.8h-22.4c-6.4 0-12.8 6.4-12.8 12.8v134.4c0 6.4 6.4 12.8 12.8 12.8zM496 400H48V80c0-8.84-7.16-16-16-16H16C7.16 64 0 71.16 0 80v336c0 17.67 14.33 32 32 32h464c8.84 0 16-7.16 16-16v-16c0-8.84-7.16-16-16-16zm-387.2-48h22.4c6.4 0 12.8-6.4 12.8-12.8v-70.4c0-6.4-6.4-12.8-12.8-12.8h-22.4c-6.4 0-12.8 6.4-12.8 12.8v70.4c0 6.4 6.4 12.8 12.8 12.8z\" class=\"\"><\/path><\/svg><\/i> <img loading=\"lazy\" decoding=\"async\" width=\"16\" height=\"16\" alt=\"Loading\" src=\"https:\/\/www.borbolycsaba.ro\/ro\/wp-content\/plugins\/page-views-count\/ajax-loader-2x.gif\" border=0 \/><\/p>\n<div class=\"pvc_clear\"><\/div>\n","protected":false},"author":7,"featured_media":0,"parent":0,"menu_order":0,"comment_status":"closed","ping_status":"closed","template":"","meta":{"footnotes":""},"a3_pvc":{"activated":true,"total_views":185,"today_views":0},"_links":{"self":[{"href":"https:\/\/www.borbolycsaba.ro\/ro\/wp-json\/wp\/v2\/pages\/4276"}],"collection":[{"href":"https:\/\/www.borbolycsaba.ro\/ro\/wp-json\/wp\/v2\/pages"}],"about":[{"href":"https:\/\/www.borbolycsaba.ro\/ro\/wp-json\/wp\/v2\/types\/page"}],"author":[{"embeddable":true,"href":"https:\/\/www.borbolycsaba.ro\/ro\/wp-json\/wp\/v2\/users\/7"}],"replies":[{"embeddable":true,"href":"https:\/\/www.borbolycsaba.ro\/ro\/wp-json\/wp\/v2\/comments?post=4276"}],"version-history":[{"count":2,"href":"https:\/\/www.borbolycsaba.ro\/ro\/wp-json\/wp\/v2\/pages\/4276\/revisions"}],"predecessor-version":[{"id":4352,"href":"https:\/\/www.borbolycsaba.ro\/ro\/wp-json\/wp\/v2\/pages\/4276\/revisions\/4352"}],"wp:attachment":[{"href":"https:\/\/www.borbolycsaba.ro\/ro\/wp-json\/wp\/v2\/media?parent=4276"}],"curies":[{"name":"wp","href":"https:\/\/api.w.org\/{rel}","templated":true}]}}