{"id":5217,"date":"2020-08-03T08:42:32","date_gmt":"2020-08-03T05:42:32","guid":{"rendered":"https:\/\/www.borbolycsaba.ro\/ro\/?page_id=5217"},"modified":"2020-10-01T14:40:56","modified_gmt":"2020-10-01T11:40:56","slug":"agenda-europeana-pentru-abilitati-privind-competitivitate-durabila-echitate-sociala-si-rezilienta","status":"publish","type":"page","link":"https:\/\/www.borbolycsaba.ro\/ro\/agenda-europeana-pentru-abilitati-privind-competitivitate-durabila-echitate-sociala-si-rezilienta\/","title":{"rendered":"Agend\u0103 european\u0103 pentru abilit\u0103\u021bi privind competitivitate durabil\u0103, echitate social\u0103 \u0219i rezilien\u021b\u0103"},"content":{"rendered":"<p><a href=\"https:\/\/www.borbolycsaba.ro\/ro\/wp-content\/uploads\/2020\/08\/107519518_2944473738940149_5045518595060354602_o.jpg\"><img loading=\"lazy\" decoding=\"async\" class=\"alignnone size-large wp-image-5218\" src=\"https:\/\/www.borbolycsaba.ro\/ro\/wp-content\/uploads\/2020\/08\/107519518_2944473738940149_5045518595060354602_o-1024x1024.jpg\" alt=\"\" width=\"1024\" height=\"1024\" srcset=\"https:\/\/www.borbolycsaba.ro\/ro\/wp-content\/uploads\/2020\/08\/107519518_2944473738940149_5045518595060354602_o-1024x1024.jpg 1024w, https:\/\/www.borbolycsaba.ro\/ro\/wp-content\/uploads\/2020\/08\/107519518_2944473738940149_5045518595060354602_o-300x300.jpg 300w, https:\/\/www.borbolycsaba.ro\/ro\/wp-content\/uploads\/2020\/08\/107519518_2944473738940149_5045518595060354602_o-150x150.jpg 150w, https:\/\/www.borbolycsaba.ro\/ro\/wp-content\/uploads\/2020\/08\/107519518_2944473738940149_5045518595060354602_o-768x768.jpg 768w, https:\/\/www.borbolycsaba.ro\/ro\/wp-content\/uploads\/2020\/08\/107519518_2944473738940149_5045518595060354602_o.jpg 1080w\" sizes=\"(max-width: 1024px) 100vw, 1024px\" \/><\/a>Borboly Csaba, pre\u0219edintele Consiliului Jude\u021bean Harghita va elabora \u00een calitate de membru al Comitetului Regiunilor de la Bruxelles \u2013 Comisia pentru Politic\u0103 Social\u0103 educa\u021bie \u0219i ocuparea for\u021bei de munc\u0103, cercetare \u0219i cultur\u0103 (SEDEC), un proiect de aviz pe tema Agend\u0103 european\u0103 pentru abilit\u0103\u021bi privind competitivitate durabil\u0103, echitate social\u0103 \u0219i rezilien\u021b\u0103. \u00cen urma pandemiei Covid-19, strategia de recuperare a Comisiei include, propunerea acestui program, care va asigura ca trecerea digital\u0103 a UE s\u0103 fie un element cheie pentru politicile de ocupare a tinerilor.<u><\/u><u><\/u><\/p>\n<p class=\"m_-6166388603808264592MsoListParagraph\">Agenda pentru competen\u0163e \u00een Europa stabile\u015fte obiective \u00een ceea ce prive\u015fte perfec\u0163ionarea competen\u0163elor \u015fi recalificarea, care trebuie realizate \u00een urm\u0103torii cinci ani \u015fi are 12 m\u0103suri, care se axeaz\u0103 pe competen\u0163e pentru locuri de munc\u0103 prin crearea de parteneriate cu statele membre, cu \u00eentreprinderile \u015fi cu partenerii sociali, oferind cet\u0103\u0163enilor posibilitatea de \u00eenv\u0103\u0163are pe tot parcursul vie\u0163ii \u015fi utiliz\u00e2nd bugetul UE ca un catalizator pentru a debloca investi\u0163iile publice \u015fi private \u00een competen\u0163ele persoanelor.<\/p>\n<ul style=\"font-weight: 400;\">\n<li><strong>1. \u0218tiri despre draftul proiectului de aviz:\n<p><\/strong><\/li>\n<\/ul>\n<p><a href=\"https:\/\/www.borbolycsaba.ro\/ro\/dezvoltarea-competentelor-formarea-profesionala-si-exodul-creierelor-subiecte-abordate-de-borboly-csaba-in-cadrul-seminarului-web-organizat-de-uniunea-europeana\/\">Dezvoltarea Competen\u021belor, Formarea Profesional\u0103 \u0218i Exodul Creierelor \u2013 Subiecte Abordate De Borboly Csaba \u00cen Cadrul Seminarului Web Organizat De Uniunea European\u0103<\/a><\/p>\n<p style=\"font-weight: 400;\"><a href=\"https:\/\/www.borbolycsaba.ro\/ro\/comisia-pentru-educatie-a-comitetului-regiunilor-sedec-l-a-ales-pe-borboly-csaba-raportor\/\"><em>Agend\u0103 european\u0103 pentru abilit\u0103\u021bi privind competitivitate durabil\u0103, echitate social\u0103 \u0219i rezilien\u021b\u0103\u00a0<\/em><\/a><\/p>\n<p style=\"font-weight: 400;\">\u00a0\u00a0\u00a0\u00a0\u00a0\u00a0\u00a0\u00a0\u00a0\u00a0\u00a0\u00a0\u00a0\u00a0<a href=\"https:\/\/www.facebook.com\/269909649719790\/posts\/3392498487460875\/?vh=e\"><em>Conferin\u021b\u0103 de pres\u0103\u2013<\/em>Csaba Borboly, pre\u0219edintele Consiliului Jude\u021bean Harghita, Ildik\u00f3 Gy\u00f6rfy, directorul Liceului Profesional K\u00e1roly Sz\u00e9kely, \u00c1rp\u00e1d Cilip, pre\u0219edintele Agen\u021biei de Dezvoltare Jude\u021bean Harghita, Istv\u00e1n G\u00f6rbe, reprezentant al Sistemului Electromatic \u0219i B\u00edr\u00f3 Zsombor reprezentantul companiei Engmatec<\/a><\/p>\n<p style=\"font-weight: 400;\"><a href=\"https:\/\/www.agerpres.ro\/administratie\/2020\/07\/16\/harghita-borboly-csaba-raportor-al-comitetului-regiunilor-a-lansat-consultarea-agendei-pentru-competente-in-europa--541387\" data-saferedirecturl=\"https:\/\/www.google.com\/url?q=https:\/\/www.agerpres.ro\/administratie\/2020\/07\/16\/harghita-borboly-csaba-raportor-al-comitetului-regiunilor-a-lansat-consultarea-agendei-pentru-competente-in-europa--541387&amp;source=gmail&amp;ust=1596518241189000&amp;usg=AFQjCNFgVlWhFUv5hbsaAxh9kCrN5tNUNw\">https:\/\/www.agerpres.ro\/administratie\/2020\/07\/16\/harghita-borboly-csaba-raportor-al-comitetului-regiunilor-a-lansat-consultarea-agendei-pentru-competente-in-europa&#8211;541387<\/a><\/p>\n<p>&nbsp;<\/p>\n<ul>\n<li><strong><strong>Reflec\u021bii interna\u021bionale<\/strong><\/strong><br \/>\n<a href=\"https:\/\/www.earlall.eu\/apprenticeships-in-pandemic-times-regional-covid-19-responses-showcased-at-eafa-cor-workshop\/\">Apprenticeships in pandemic times? Regional COVID-19 responses showcased at EAfA-CoR workshop<\/a><\/li>\n<li><strong>2. Planul activit\u0103\u021bilor pentru raportor:<\/strong><\/li>\n<\/ul>\n<p style=\"font-weight: 400;\">\u00cen faza de elaborare al avizului, raportorul \u0219i expertul vor fi invita\u021bi s\u0103 se \u00eent\u00e2lneasc\u0103 cu reprezentan\u021bii institu\u021biilor UE \u0219i cu alte grupuri de interes. \u00cen cadrul acestor \u0219edin\u021be raportorul prezint\u0103 planurile \u0219i obiectivele sale pentru aviz \u0219i poate primi feedbackuri utile.<\/p>\n<p style=\"font-weight: 400;\"><strong>Calendar pentru discu\u021bii \u0219i adoptarea proiectului de aviz<\/strong><\/p>\n<p style=\"font-weight: 400;\">\u00cent\u00e2lniri cu stakeholderi<\/p>\n<p style=\"font-weight: 400;\"><strong>\u00a0\u00a0\u00a0\u00a0\u00a0\u00a0\u00a0\u00a0\u00a0\u00a0\u00a0\u00a0\u00a0\u00a0\u00a0<\/strong>Dezbaterea documentului de lucru \u2012 sedin\u021b\u0103 de comisie SEDEC \u00een data de 1 octombrie 2020<\/p>\n<p style=\"font-weight: 400;\">\u00a0\u00a0\u00a0\u00a0\u00a0\u00a0\u00a0\u00a0\u00a0\u00a0\u00a0\u00a0\u00a0\u00a0 Dezbaterea draftul proiectului de aviz \u2012 sedin\u021b\u0103 de comisie SEDEC \u00een data de 25 noiembrie 2020<\/p>\n<p style=\"font-weight: 400;\">\u00a0\u00a0\u00a0\u00a0\u00a0\u00a0\u00a0\u00a0\u00a0\u00a0\u00a0\u00a0 \u00a0\u00a0Dezbaterea proiectului de aviz \u2012 \u0219edin\u021b\u0103 plenar\u0103 \u00een prim\u0103vara anului 2021<\/p>\n<ul style=\"font-weight: 400;\">\n<li><strong>3. Studii, documente delucru<\/strong><\/li>\n<\/ul>\n<p style=\"font-weight: 400;\"><a href=\"https:\/\/www.borbolycsaba.ro\/ro\/wp-content\/uploads\/2020\/08\/Comisia-prezint\u0103-Agenda-pentru-competen\u021be-\u00een-Europa-\u00een-vederea-ob\u021binerii-unei-compe.docx\">Comisia prezint\u0103 Agenda pentru competen\u021be \u00een Europa \u00een vederea ob\u021binerii unei competitivit\u0103\u021bi durabile\u00a0<\/a><\/p>\n<p style=\"font-weight: 400;\"><a href=\"https:\/\/www.borbolycsaba.ro\/ro\/wp-content\/uploads\/2020\/08\/Communication_30June_v2-1.pdf\">European skills agenda for sustainable competitiveness, social fairness and resilience\u00a0<\/a><\/p>\n<p style=\"font-weight: 400;\"><a href=\"https:\/\/www.borbolycsaba.ro\/ro\/wp-content\/uploads\/2020\/08\/PROP_VET_2_EN_ACT_part1_v7-1.pdf\">Council recommendation on vocational education and training (VET) for sustainable competitiveness, social fairness and resilience\u00a0<\/a><\/p>\n<p style=\"font-weight: 400;\"><a href=\"https:\/\/www.borbolycsaba.ro\/ro\/wp-content\/uploads\/2020\/08\/SkillsAgenda_2July_EN-1.pdf\">European Skills Agenda\u00a0<\/a><\/p>\n<p style=\"font-weight: 400;\"><a href=\"https:\/\/www.borbolycsaba.ro\/ro\/wp-content\/uploads\/2020\/08\/VET-factsheet-final-1.pdf\">Vocational education and training: a future-proof approach\u00a0<\/a><\/p>\n<ul style=\"font-weight: 400;\">\n<li><strong>4. Documente<\/strong><\/li>\n<\/ul>\n<p><a href=\"https:\/\/www.borbolycsaba.ro\/en\/wp-content\/uploads\/2020\/10\/dbce1da3b162741d55174d9ee2b3bde0.docx\">Agenda pentru competen\u021be \u00een Europa \u00een vederea ob\u021binerii unei competitivit\u0103\u021bi durabile<\/a><\/p>\n<p style=\"font-weight: 400;\"><a href=\"https:\/\/eur-lex.europa.eu\/legal-content\/EN\/TXT\/?uri=SWD:2020:121:FIN\" data-saferedirecturl=\"https:\/\/www.google.com\/url?q=https:\/\/eur-lex.europa.eu\/legal-content\/EN\/TXT\/?uri%3DSWD:2020:121:FIN&amp;source=gmail&amp;ust=1596518241190000&amp;usg=AFQjCNHufNgzjDwX4RbLv7qP31Kb-VTjJw\">EUR-Lex: SWD(2020)121: Staff Working Document accompanying the Communication &#8211; Evaluation of the Council Recommendation of 20 December 2012 on the validation of non-formal and informal learning<\/a><\/p>\n<p style=\"font-weight: 400;\"><a href=\"https:\/\/eur-lex.europa.eu\/legal-content\/EN\/TXT\/?uri=SWD:2020:122:FIN\" data-saferedirecturl=\"https:\/\/www.google.com\/url?q=https:\/\/eur-lex.europa.eu\/legal-content\/EN\/TXT\/?uri%3DSWD:2020:122:FIN&amp;source=gmail&amp;ust=1596518241190000&amp;usg=AFQjCNH9j-S0zD2S8EFLbh8FVW4E8RmgIA\">EUR-Lex: SWD(2020)122: Staff Working Document accompanying the Communication &#8211; Executive Summary of the Evaluation<\/a><\/p>\n<p style=\"font-weight: 400;\"><a href=\"https:\/\/ec.europa.eu\/commission\/presscorner\/detail\/en\/ip_20_1196\" data-saferedirecturl=\"https:\/\/www.google.com\/url?q=https:\/\/ec.europa.eu\/commission\/presscorner\/detail\/en\/ip_20_1196&amp;source=gmail&amp;ust=1596518241190000&amp;usg=AFQjCNGY4aVoSSGeGT0Lgwx1Oeph7vVf9Q\">European Commission: Press Release, 01\/07\/2020: Commission presents European Skills Agenda for sustainable competitiveness, social fairness and resilience<\/a><\/p>\n<p style=\"font-weight: 400;\"><a href=\"https:\/\/ec.europa.eu\/commission\/presscorner\/detail\/en\/qanda_20_1197\" data-saferedirecturl=\"https:\/\/www.google.com\/url?q=https:\/\/ec.europa.eu\/commission\/presscorner\/detail\/en\/qanda_20_1197&amp;source=gmail&amp;ust=1596518241190000&amp;usg=AFQjCNFVwJUVBVl4-Ux2eV2Nw9tZXarl4Q\">European Commission: Questions and answers: European Skills Agenda for sustainable competitiveness, social fairness and resilience (1 July 2020)<\/a><\/p>\n<p style=\"font-weight: 400;\"><a href=\"https:\/\/ec.europa.eu\/commission\/presscorner\/detail\/en\/speech_20_1252\" data-saferedirecturl=\"https:\/\/www.google.com\/url?q=https:\/\/ec.europa.eu\/commission\/presscorner\/detail\/en\/speech_20_1252&amp;source=gmail&amp;ust=1596518241190000&amp;usg=AFQjCNHcHmQaARWRZlcd5rC9wDD5nZV_iQ\">European Commission: Remarks by Executive Vice-President Dombrovskis at the press conference on the Youth Employment Support package and the European Skills Agenda (1 July 2020)<\/a><\/p>\n<div class=\"pvc_clear\"><\/div>\n<p id=\"pvc_stats_5217\" class=\"pvc_stats all  \" data-element-id=\"5217\" style=\"\"><i class=\"pvc-stats-icon medium\" aria-hidden=\"true\"><svg aria-hidden=\"true\" focusable=\"false\" data-prefix=\"far\" data-icon=\"chart-bar\" role=\"img\" xmlns=\"http:\/\/www.w3.org\/2000\/svg\" viewBox=\"0 0 512 512\" class=\"svg-inline--fa fa-chart-bar fa-w-16 fa-2x\"><path fill=\"currentColor\" d=\"M396.8 352h22.4c6.4 0 12.8-6.4 12.8-12.8V108.8c0-6.4-6.4-12.8-12.8-12.8h-22.4c-6.4 0-12.8 6.4-12.8 12.8v230.4c0 6.4 6.4 12.8 12.8 12.8zm-192 0h22.4c6.4 0 12.8-6.4 12.8-12.8V140.8c0-6.4-6.4-12.8-12.8-12.8h-22.4c-6.4 0-12.8 6.4-12.8 12.8v198.4c0 6.4 6.4 12.8 12.8 12.8zm96 0h22.4c6.4 0 12.8-6.4 12.8-12.8V204.8c0-6.4-6.4-12.8-12.8-12.8h-22.4c-6.4 0-12.8 6.4-12.8 12.8v134.4c0 6.4 6.4 12.8 12.8 12.8zM496 400H48V80c0-8.84-7.16-16-16-16H16C7.16 64 0 71.16 0 80v336c0 17.67 14.33 32 32 32h464c8.84 0 16-7.16 16-16v-16c0-8.84-7.16-16-16-16zm-387.2-48h22.4c6.4 0 12.8-6.4 12.8-12.8v-70.4c0-6.4-6.4-12.8-12.8-12.8h-22.4c-6.4 0-12.8 6.4-12.8 12.8v70.4c0 6.4 6.4 12.8 12.8 12.8z\" class=\"\"><\/path><\/svg><\/i> <img loading=\"lazy\" decoding=\"async\" width=\"16\" height=\"16\" alt=\"Loading\" src=\"https:\/\/www.borbolycsaba.ro\/ro\/wp-content\/plugins\/page-views-count\/ajax-loader-2x.gif\" border=0 \/><\/p>\n<div class=\"pvc_clear\"><\/div>\n<!-- AddThis Advanced Settings generic via filter on the_content -->","protected":false},"excerpt":{"rendered":"<p>Borboly Csaba, pre\u0219edintele Consiliului Jude\u021bean Harghita va elabora \u00een calitate de membru al Comitetului Regiunilor de la Bruxelles \u2013 Comisia pentru Politic\u0103 Social\u0103 educa\u021bie \u0219i ocuparea for\u021bei de munc\u0103, cercetare \u0219i cultur\u0103 (SEDEC), un proiect de aviz pe tema Agend\u0103 european\u0103 pentru abilit\u0103\u021bi privind competitivitate durabil\u0103, echitate social\u0103 \u0219i rezilien\u021b\u0103. \u00cen urma pandemiei Covid-19, strategia [&hellip;]<!-- AddThis Advanced Settings generic via filter on wp_trim_excerpt --><\/p>\n<div class=\"pvc_clear\"><\/div>\n<p id=\"pvc_stats_5217\" class=\"pvc_stats all  \" data-element-id=\"5217\" style=\"\"><i class=\"pvc-stats-icon medium\" aria-hidden=\"true\"><svg aria-hidden=\"true\" focusable=\"false\" data-prefix=\"far\" data-icon=\"chart-bar\" role=\"img\" xmlns=\"http:\/\/www.w3.org\/2000\/svg\" viewBox=\"0 0 512 512\" class=\"svg-inline--fa fa-chart-bar fa-w-16 fa-2x\"><path fill=\"currentColor\" d=\"M396.8 352h22.4c6.4 0 12.8-6.4 12.8-12.8V108.8c0-6.4-6.4-12.8-12.8-12.8h-22.4c-6.4 0-12.8 6.4-12.8 12.8v230.4c0 6.4 6.4 12.8 12.8 12.8zm-192 0h22.4c6.4 0 12.8-6.4 12.8-12.8V140.8c0-6.4-6.4-12.8-12.8-12.8h-22.4c-6.4 0-12.8 6.4-12.8 12.8v198.4c0 6.4 6.4 12.8 12.8 12.8zm96 0h22.4c6.4 0 12.8-6.4 12.8-12.8V204.8c0-6.4-6.4-12.8-12.8-12.8h-22.4c-6.4 0-12.8 6.4-12.8 12.8v134.4c0 6.4 6.4 12.8 12.8 12.8zM496 400H48V80c0-8.84-7.16-16-16-16H16C7.16 64 0 71.16 0 80v336c0 17.67 14.33 32 32 32h464c8.84 0 16-7.16 16-16v-16c0-8.84-7.16-16-16-16zm-387.2-48h22.4c6.4 0 12.8-6.4 12.8-12.8v-70.4c0-6.4-6.4-12.8-12.8-12.8h-22.4c-6.4 0-12.8 6.4-12.8 12.8v70.4c0 6.4 6.4 12.8 12.8 12.8z\" class=\"\"><\/path><\/svg><\/i> <img loading=\"lazy\" decoding=\"async\" width=\"16\" height=\"16\" alt=\"Loading\" src=\"https:\/\/www.borbolycsaba.ro\/ro\/wp-content\/plugins\/page-views-count\/ajax-loader-2x.gif\" border=0 \/><\/p>\n<div class=\"pvc_clear\"><\/div>\n","protected":false},"author":2,"featured_media":0,"parent":0,"menu_order":0,"comment_status":"closed","ping_status":"closed","template":"","meta":{"footnotes":""},"a3_pvc":{"activated":true,"total_views":269,"today_views":0},"_links":{"self":[{"href":"https:\/\/www.borbolycsaba.ro\/ro\/wp-json\/wp\/v2\/pages\/5217"}],"collection":[{"href":"https:\/\/www.borbolycsaba.ro\/ro\/wp-json\/wp\/v2\/pages"}],"about":[{"href":"https:\/\/www.borbolycsaba.ro\/ro\/wp-json\/wp\/v2\/types\/page"}],"author":[{"embeddable":true,"href":"https:\/\/www.borbolycsaba.ro\/ro\/wp-json\/wp\/v2\/users\/2"}],"replies":[{"embeddable":true,"href":"https:\/\/www.borbolycsaba.ro\/ro\/wp-json\/wp\/v2\/comments?post=5217"}],"version-history":[{"count":7,"href":"https:\/\/www.borbolycsaba.ro\/ro\/wp-json\/wp\/v2\/pages\/5217\/revisions"}],"predecessor-version":[{"id":5407,"href":"https:\/\/www.borbolycsaba.ro\/ro\/wp-json\/wp\/v2\/pages\/5217\/revisions\/5407"}],"wp:attachment":[{"href":"https:\/\/www.borbolycsaba.ro\/ro\/wp-json\/wp\/v2\/media?parent=5217"}],"curies":[{"name":"wp","href":"https:\/\/api.w.org\/{rel}","templated":true}]}}