{"id":7382,"date":"2025-11-06T12:18:24","date_gmt":"2025-11-06T10:18:24","guid":{"rendered":"https:\/\/www.borbolycsaba.ro\/ro\/?page_id=7382"},"modified":"2025-11-06T18:00:25","modified_gmt":"2025-11-06T16:00:25","slug":"agoraeu","status":"publish","type":"page","link":"https:\/\/www.borbolycsaba.ro\/ro\/agoraeu\/","title":{"rendered":"AgoraEU"},"content":{"rendered":"<p>[vc_row][vc_column][vc_single_image image=&#8221;7386&#8243; img_size=&#8221;full&#8221;][\/vc_column][\/vc_row][vc_row][vc_column width=&#8221;2\/3&#8243;]<div class=\"bscb-26421 bsb-have-heading-color bs-listing bs-listing-listing-grid-1 bs-listing-single-tab\">\t\t\t<h3 class=\"section-heading sh-t4 sh-s1 main-term-37\">\n\n\t\t\t\n\t\t\t\t\t\t\t\t\t<a href=\"https:\/\/www.borbolycsaba.ro\/ro\/category\/agoraeu\/\" class=\"main-link\">\n\t\t\t\t\t\t\t<span class=\"h-text main-term-37\">\n\t\t\t\t\t\t\t\tAgoraEu Comunicat de presa\t\t\t\t\t\t\t<\/span>\n\t\t\t\t\t<\/a>\n\t\t\t\t\n\t\t\t\n\t\t\t<\/h3>\n\t\t\t\t<div class=\"listing listing-grid listing-grid-1 clearfix columns-2\">\n\t\t<article class=\"post-7645 type-post format-standard has-post-thumbnail   listing-item listing-item-grid listing-item-grid-1 main-term-37\">\n\t<div class=\"item-inner\">\n\t\t\t\t\t<div class=\"featured clearfix\">\n\t\t\t\t<div class=\"term-badges floated\"><span class=\"term-badge term-37\"><a href=\"https:\/\/www.borbolycsaba.ro\/ro\/category\/agoraeu\/\">AgoraEU<\/a><\/span><\/div>\t\t\t\t<a  title=\"Cultura \u0219i identitatea nu pot fi subiect de negociere \u00een noul buget al Uniunii Europene\" data-src=\"https:\/\/www.borbolycsaba.ro\/ro\/wp-content\/uploads\/2026\/04\/WhatsApp-Image-2026-04-15-at-15.08.42-357x210.jpeg\" data-bs-srcset=\"{&quot;baseurl&quot;:&quot;https:\\\/\\\/www.borbolycsaba.ro\\\/ro\\\/wp-content\\\/uploads\\\/2026\\\/04\\\/&quot;,&quot;sizes&quot;:{&quot;210&quot;:&quot;WhatsApp-Image-2026-04-15-at-15.08.42-210x136.jpeg&quot;,&quot;279&quot;:&quot;WhatsApp-Image-2026-04-15-at-15.08.42-279x220.jpeg&quot;,&quot;357&quot;:&quot;WhatsApp-Image-2026-04-15-at-15.08.42-357x210.jpeg&quot;,&quot;750&quot;:&quot;WhatsApp-Image-2026-04-15-at-15.08.42-750x430.jpeg&quot;,&quot;1294&quot;:&quot;WhatsApp-Image-2026-04-15-at-15.08.42.jpeg&quot;}}\"\t\t\t\t\t\tclass=\"img-holder\" href=\"https:\/\/www.borbolycsaba.ro\/ro\/cultura-si-identitatea-nu-pot-fi-subiect-de-negociere-in-noul-buget-al-uniunii-europene\/\"><\/a>\n\n\t\t\t\t\t\t\t<\/div>\n\t\t<h2 class=\"title\">\t\t<a href=\"https:\/\/www.borbolycsaba.ro\/ro\/cultura-si-identitatea-nu-pot-fi-subiect-de-negociere-in-noul-buget-al-uniunii-europene\/\" class=\"post-title post-url\">\n\t\t\tCultura \u0219i identitatea nu pot fi subiect de negociere \u00een noul buget al Uniunii&hellip;\t\t<\/a>\n\t\t<\/h2>\t\t<div class=\"post-meta\">\n\n\t\t\t\t\t\t\t<span class=\"time\"><time class=\"post-published updated\"\n\t\t\t\t                         datetime=\"2026-04-15T15:10:18+03:00\">apr. 15, 2026<\/time><\/span>\n\t\t\t\t<a href=\"https:\/\/www.borbolycsaba.ro\/ro\/cultura-si-identitatea-nu-pot-fi-subiect-de-negociere-in-noul-buget-al-uniunii-europene\/#respond\" title=\"Leave a comment on: &ldquo;Cultura \u0219i identitatea nu pot fi subiect de negociere \u00een noul buget al Uniunii Europene&rdquo;\" class=\"comments\"><i class=\"fa fa-comments-o\"><\/i> 0<\/a>\t\t<\/div>\n\t\t\t\t\t<div class=\"post-summary\">\n\t\t\t\tBorboly Csaba a participat, \u00een calitate de raportor al programului AgoraEU, la cea de-a treia&hellip;\t\t\t<\/div>\n\t\t\t<\/div>\n\t<\/article >\n\t<article class=\"post-7582 type-post format-standard has-post-thumbnail   listing-item listing-item-grid listing-item-grid-1 main-term-37\">\n\t<div class=\"item-inner\">\n\t\t\t\t\t<div class=\"featured clearfix\">\n\t\t\t\t<div class=\"term-badges floated\"><span class=\"term-badge term-37\"><a href=\"https:\/\/www.borbolycsaba.ro\/ro\/category\/agoraeu\/\">AgoraEU<\/a><\/span><\/div>\t\t\t\t<a  title=\"Dou\u0103 zile la Bruxelles pentru interesele comunit\u0103\u021bilor locale \u2013 Csaba Borboly \u00een Parlamentul European \u0219i \u00een negocieri bilaterale pe programul AgoraEU\" data-src=\"https:\/\/www.borbolycsaba.ro\/ro\/wp-content\/uploads\/2026\/02\/foto-357x210.jpeg\" data-bs-srcset=\"{&quot;baseurl&quot;:&quot;https:\\\/\\\/www.borbolycsaba.ro\\\/ro\\\/wp-content\\\/uploads\\\/2026\\\/02\\\/&quot;,&quot;sizes&quot;:{&quot;210&quot;:&quot;foto-210x136.jpeg&quot;,&quot;279&quot;:&quot;foto-279x220.jpeg&quot;,&quot;357&quot;:&quot;foto-357x210.jpeg&quot;,&quot;750&quot;:&quot;foto-750x430.jpeg&quot;,&quot;1600&quot;:&quot;foto.jpeg&quot;}}\"\t\t\t\t\t\tclass=\"img-holder\" href=\"https:\/\/www.borbolycsaba.ro\/ro\/doua-zile-la-bruxelles-pentru-interesele-comunitatilor-locale-csaba-borboly-in-parlamentul-european-si-in-negocieri-bilaterale-pe-programul-agoraeu\/\"><\/a>\n\n\t\t\t\t\t\t\t<\/div>\n\t\t<h2 class=\"title\">\t\t<a href=\"https:\/\/www.borbolycsaba.ro\/ro\/doua-zile-la-bruxelles-pentru-interesele-comunitatilor-locale-csaba-borboly-in-parlamentul-european-si-in-negocieri-bilaterale-pe-programul-agoraeu\/\" class=\"post-title post-url\">\n\t\t\tDou\u0103 zile la Bruxelles pentru interesele comunit\u0103\u021bilor locale \u2013 Csaba Borboly \u00een&hellip;\t\t<\/a>\n\t\t<\/h2>\t\t<div class=\"post-meta\">\n\n\t\t\t\t\t\t\t<span class=\"time\"><time class=\"post-published updated\"\n\t\t\t\t                         datetime=\"2026-02-26T17:03:49+02:00\">feb. 26, 2026<\/time><\/span>\n\t\t\t\t<a href=\"https:\/\/www.borbolycsaba.ro\/ro\/doua-zile-la-bruxelles-pentru-interesele-comunitatilor-locale-csaba-borboly-in-parlamentul-european-si-in-negocieri-bilaterale-pe-programul-agoraeu\/#respond\" title=\"Leave a comment on: &ldquo;Dou\u0103 zile la Bruxelles pentru interesele comunit\u0103\u021bilor locale \u2013 Csaba Borboly \u00een Parlamentul European \u0219i \u00een negocieri bilaterale pe programul AgoraEU&rdquo;\" class=\"comments\"><i class=\"fa fa-comments-o\"><\/i> 0<\/a>\t\t<\/div>\n\t\t\t\t\t<div class=\"post-summary\">\n\t\t\t\tBorboly Csaba, vicepre\u0219edinte al Consiliului Jude\u021bean Harghita \u0219i raportor al Comitetului European al Regiunilor&hellip;\t\t\t<\/div>\n\t\t\t<\/div>\n\t<\/article >\n\t<article class=\"post-7578 type-post format-standard has-post-thumbnail   listing-item listing-item-grid listing-item-grid-1 main-term-37\">\n\t<div class=\"item-inner\">\n\t\t\t\t\t<div class=\"featured clearfix\">\n\t\t\t\t<div class=\"term-badges floated\"><span class=\"term-badge term-37\"><a href=\"https:\/\/www.borbolycsaba.ro\/ro\/category\/agoraeu\/\">AgoraEU<\/a><\/span><\/div>\t\t\t\t<a  title=\"Csaba Borboly \u00een Parlamentul European despre finan\u021barea media din AgoraEU: \u201eAcolo unde dispare presa local\u0103, democra\u021bia moare \u00een t\u0103cere&#8221;\" data-src=\"https:\/\/www.borbolycsaba.ro\/ro\/wp-content\/uploads\/2026\/02\/1-1-357x210.jpeg\" data-bs-srcset=\"{&quot;baseurl&quot;:&quot;https:\\\/\\\/www.borbolycsaba.ro\\\/ro\\\/wp-content\\\/uploads\\\/2026\\\/02\\\/&quot;,&quot;sizes&quot;:{&quot;210&quot;:&quot;1-1-210x136.jpeg&quot;,&quot;279&quot;:&quot;1-1-279x220.jpeg&quot;,&quot;357&quot;:&quot;1-1-357x210.jpeg&quot;,&quot;750&quot;:&quot;1-1-750x430.jpeg&quot;,&quot;1600&quot;:&quot;1-1.jpeg&quot;}}\"\t\t\t\t\t\tclass=\"img-holder\" href=\"https:\/\/www.borbolycsaba.ro\/ro\/csaba-borboly-in-parlamentul-european-despre-finantarea-media-din-agoraeu-acolo-unde-dispare-presa-locala-democratia-moare-in-tacere\/\"><\/a>\n\n\t\t\t\t\t\t\t<\/div>\n\t\t<h2 class=\"title\">\t\t<a href=\"https:\/\/www.borbolycsaba.ro\/ro\/csaba-borboly-in-parlamentul-european-despre-finantarea-media-din-agoraeu-acolo-unde-dispare-presa-locala-democratia-moare-in-tacere\/\" class=\"post-title post-url\">\n\t\t\tCsaba Borboly \u00een Parlamentul European despre finan\u021barea media din AgoraEU: \u201eAcolo&hellip;\t\t<\/a>\n\t\t<\/h2>\t\t<div class=\"post-meta\">\n\n\t\t\t\t\t\t\t<span class=\"time\"><time class=\"post-published updated\"\n\t\t\t\t                         datetime=\"2026-02-26T15:50:16+02:00\">feb. 26, 2026<\/time><\/span>\n\t\t\t\t<a href=\"https:\/\/www.borbolycsaba.ro\/ro\/csaba-borboly-in-parlamentul-european-despre-finantarea-media-din-agoraeu-acolo-unde-dispare-presa-locala-democratia-moare-in-tacere\/#respond\" title=\"Leave a comment on: &ldquo;Csaba Borboly \u00een Parlamentul European despre finan\u021barea media din AgoraEU: \u201eAcolo unde dispare presa local\u0103, democra\u021bia moare \u00een t\u0103cere&#8221;&rdquo;\" class=\"comments\"><i class=\"fa fa-comments-o\"><\/i> 0<\/a>\t\t<\/div>\n\t\t\t\t\t<div class=\"post-summary\">\n\t\t\t\tDe ce este important\u0103 aceast\u0103 reuniune?\r\nAgoraEU este noul program major al Uniunii Europene pentru perioada&hellip;\t\t\t<\/div>\n\t\t\t<\/div>\n\t<\/article >\n\t<article class=\"post-7575 type-post format-standard has-post-thumbnail   listing-item listing-item-grid listing-item-grid-1 main-term-37\">\n\t<div class=\"item-inner\">\n\t\t\t\t\t<div class=\"featured clearfix\">\n\t\t\t\t<div class=\"term-badges floated\"><span class=\"term-badge term-37\"><a href=\"https:\/\/www.borbolycsaba.ro\/ro\/category\/agoraeu\/\">AgoraEU<\/a><\/span><\/div>\t\t\t\t<a  title=\"Csaba Borboly a prezentat cinci propuneri \u00een Parlamentul European \u2013 raportoarele sprijin\u0103 cauza comunit\u0103\u021bilor rurale \u0219i minoritare\" data-src=\"https:\/\/www.borbolycsaba.ro\/ro\/wp-content\/uploads\/2026\/02\/WhatsApp-Image-2026-02-26-at-11.51.43-357x210.jpeg\" data-bs-srcset=\"{&quot;baseurl&quot;:&quot;https:\\\/\\\/www.borbolycsaba.ro\\\/ro\\\/wp-content\\\/uploads\\\/2026\\\/02\\\/&quot;,&quot;sizes&quot;:{&quot;210&quot;:&quot;WhatsApp-Image-2026-02-26-at-11.51.43-210x136.jpeg&quot;,&quot;279&quot;:&quot;WhatsApp-Image-2026-02-26-at-11.51.43-279x220.jpeg&quot;,&quot;357&quot;:&quot;WhatsApp-Image-2026-02-26-at-11.51.43-357x210.jpeg&quot;,&quot;750&quot;:&quot;WhatsApp-Image-2026-02-26-at-11.51.43-750x430.jpeg&quot;,&quot;1600&quot;:&quot;WhatsApp-Image-2026-02-26-at-11.51.43.jpeg&quot;}}\"\t\t\t\t\t\tclass=\"img-holder\" href=\"https:\/\/www.borbolycsaba.ro\/ro\/csaba-borboly-a-prezentat-cinci-propuneri-in-parlamentul-european-raportoarele-sprijina-cauza-comunitatilor-rurale-si-minoritare\/\"><\/a>\n\n\t\t\t\t\t\t\t<\/div>\n\t\t<h2 class=\"title\">\t\t<a href=\"https:\/\/www.borbolycsaba.ro\/ro\/csaba-borboly-a-prezentat-cinci-propuneri-in-parlamentul-european-raportoarele-sprijina-cauza-comunitatilor-rurale-si-minoritare\/\" class=\"post-title post-url\">\n\t\t\tCsaba Borboly a prezentat cinci propuneri \u00een Parlamentul European \u2013 raportoarele&hellip;\t\t<\/a>\n\t\t<\/h2>\t\t<div class=\"post-meta\">\n\n\t\t\t\t\t\t\t<span class=\"time\"><time class=\"post-published updated\"\n\t\t\t\t                         datetime=\"2026-02-26T11:56:47+02:00\">feb. 26, 2026<\/time><\/span>\n\t\t\t\t<a href=\"https:\/\/www.borbolycsaba.ro\/ro\/csaba-borboly-a-prezentat-cinci-propuneri-in-parlamentul-european-raportoarele-sprijina-cauza-comunitatilor-rurale-si-minoritare\/#respond\" title=\"Leave a comment on: &ldquo;Csaba Borboly a prezentat cinci propuneri \u00een Parlamentul European \u2013 raportoarele sprijin\u0103 cauza comunit\u0103\u021bilor rurale \u0219i minoritare&rdquo;\" class=\"comments\"><i class=\"fa fa-comments-o\"><\/i> 0<\/a>\t\t<\/div>\n\t\t\t\t\t<div class=\"post-summary\">\n\t\t\t\tCsaba Borboly, vicepre\u0219edinte al Consiliului Jude\u021bean Harghita, a avut ast\u0103zi diminea\u021b\u0103 o \u00eent\u00e2lnire bilateral\u0103 \u00een&hellip;\t\t\t<\/div>\n\t\t\t<\/div>\n\t<\/article >\n\t<article class=\"post-7562 type-post format-standard has-post-thumbnail   listing-item listing-item-grid listing-item-grid-1 main-term-37\">\n\t<div class=\"item-inner\">\n\t\t\t\t\t<div class=\"featured clearfix\">\n\t\t\t\t<div class=\"term-badges floated\"><span class=\"term-badge term-37\"><a href=\"https:\/\/www.borbolycsaba.ro\/ro\/category\/agoraeu\/\">AgoraEU<\/a><\/span><\/div>\t\t\t\t<a  title=\"Am prezentat programul AgoraEU \u00een calitate de vorbitor principal \u00een Parlamentul European Bruxelles\" data-src=\"https:\/\/www.borbolycsaba.ro\/ro\/wp-content\/uploads\/2026\/02\/WhatsApp-Image-2026-02-25-at-10.55.42-357x210.jpeg\" data-bs-srcset=\"{&quot;baseurl&quot;:&quot;https:\\\/\\\/www.borbolycsaba.ro\\\/ro\\\/wp-content\\\/uploads\\\/2026\\\/02\\\/&quot;,&quot;sizes&quot;:{&quot;210&quot;:&quot;WhatsApp-Image-2026-02-25-at-10.55.42-210x136.jpeg&quot;,&quot;279&quot;:&quot;WhatsApp-Image-2026-02-25-at-10.55.42-279x220.jpeg&quot;,&quot;357&quot;:&quot;WhatsApp-Image-2026-02-25-at-10.55.42-357x210.jpeg&quot;,&quot;750&quot;:&quot;WhatsApp-Image-2026-02-25-at-10.55.42-750x430.jpeg&quot;,&quot;1600&quot;:&quot;WhatsApp-Image-2026-02-25-at-10.55.42.jpeg&quot;}}\"\t\t\t\t\t\tclass=\"img-holder\" href=\"https:\/\/www.borbolycsaba.ro\/ro\/am-prezentat-programul-agoraeu-in-calitate-de-vorbitor-principal-in-parlamentul-european-bruxelles\/\"><\/a>\n\n\t\t\t\t\t\t\t<\/div>\n\t\t<h2 class=\"title\">\t\t<a href=\"https:\/\/www.borbolycsaba.ro\/ro\/am-prezentat-programul-agoraeu-in-calitate-de-vorbitor-principal-in-parlamentul-european-bruxelles\/\" class=\"post-title post-url\">\n\t\t\tAm prezentat programul AgoraEU \u00een calitate de vorbitor principal \u00een Parlamentul&hellip;\t\t<\/a>\n\t\t<\/h2>\t\t<div class=\"post-meta\">\n\n\t\t\t\t\t\t\t<span class=\"time\"><time class=\"post-published updated\"\n\t\t\t\t                         datetime=\"2026-02-25T14:04:40+02:00\">feb. 25, 2026<\/time><\/span>\n\t\t\t\t<a href=\"https:\/\/www.borbolycsaba.ro\/ro\/am-prezentat-programul-agoraeu-in-calitate-de-vorbitor-principal-in-parlamentul-european-bruxelles\/#respond\" title=\"Leave a comment on: &ldquo;Am prezentat programul AgoraEU \u00een calitate de vorbitor principal \u00een Parlamentul European Bruxelles&rdquo;\" class=\"comments\"><i class=\"fa fa-comments-o\"><\/i> 0<\/a>\t\t<\/div>\n\t\t\t\t\t<div class=\"post-summary\">\n\t\t\t\tAst\u0103zi am intervenit \u00een calitate de vorbitor principal la audierea comun\u0103 a comisiilor CULT\u2013LIBE din Parlamentul&hellip;\t\t\t<\/div>\n\t\t\t<\/div>\n\t<\/article >\n\t<\/div>\n\t<\/div>[\/vc_column][vc_column width=&#8221;1\/3&#8243;][vc_column_text]<a href=\"https:\/\/www.borbolycsaba.ro\/ro\/wp-content\/uploads\/2025\/11\/WD_Agora-v2.docx\"><strong>Work document<\/strong><\/a>[\/vc_column_text][\/vc_column][\/vc_row]<\/p>\n<div class=\"pvc_clear\"><\/div>\n<p id=\"pvc_stats_7382\" class=\"pvc_stats all  \" data-element-id=\"7382\" style=\"\"><i class=\"pvc-stats-icon medium\" aria-hidden=\"true\"><svg aria-hidden=\"true\" focusable=\"false\" data-prefix=\"far\" data-icon=\"chart-bar\" role=\"img\" xmlns=\"http:\/\/www.w3.org\/2000\/svg\" viewBox=\"0 0 512 512\" class=\"svg-inline--fa fa-chart-bar fa-w-16 fa-2x\"><path fill=\"currentColor\" d=\"M396.8 352h22.4c6.4 0 12.8-6.4 12.8-12.8V108.8c0-6.4-6.4-12.8-12.8-12.8h-22.4c-6.4 0-12.8 6.4-12.8 12.8v230.4c0 6.4 6.4 12.8 12.8 12.8zm-192 0h22.4c6.4 0 12.8-6.4 12.8-12.8V140.8c0-6.4-6.4-12.8-12.8-12.8h-22.4c-6.4 0-12.8 6.4-12.8 12.8v198.4c0 6.4 6.4 12.8 12.8 12.8zm96 0h22.4c6.4 0 12.8-6.4 12.8-12.8V204.8c0-6.4-6.4-12.8-12.8-12.8h-22.4c-6.4 0-12.8 6.4-12.8 12.8v134.4c0 6.4 6.4 12.8 12.8 12.8zM496 400H48V80c0-8.84-7.16-16-16-16H16C7.16 64 0 71.16 0 80v336c0 17.67 14.33 32 32 32h464c8.84 0 16-7.16 16-16v-16c0-8.84-7.16-16-16-16zm-387.2-48h22.4c6.4 0 12.8-6.4 12.8-12.8v-70.4c0-6.4-6.4-12.8-12.8-12.8h-22.4c-6.4 0-12.8 6.4-12.8 12.8v70.4c0 6.4 6.4 12.8 12.8 12.8z\" class=\"\"><\/path><\/svg><\/i> <img loading=\"lazy\" decoding=\"async\" width=\"16\" height=\"16\" alt=\"Loading\" src=\"https:\/\/www.borbolycsaba.ro\/ro\/wp-content\/plugins\/page-views-count\/ajax-loader-2x.gif\" border=0 \/><\/p>\n<div class=\"pvc_clear\"><\/div>\n<!-- AddThis Advanced Settings generic via filter on the_content -->","protected":false},"excerpt":{"rendered":"<p>[vc_row][vc_column][vc_single_image image=&#8221;7386&#8243; img_size=&#8221;full&#8221;][\/vc_column][\/vc_row][vc_row][vc_column width=&#8221;2\/3&#8243;][\/vc_column][vc_column width=&#8221;1\/3&#8243;][vc_column_text]Work document[\/vc_column_text][\/vc_column][\/vc_row]<!-- AddThis Advanced Settings generic via filter on wp_trim_excerpt --><\/p>\n<div class=\"pvc_clear\"><\/div>\n<p id=\"pvc_stats_7562\" class=\"pvc_stats all  \" data-element-id=\"7562\" style=\"\"><i class=\"pvc-stats-icon medium\" aria-hidden=\"true\"><svg aria-hidden=\"true\" focusable=\"false\" data-prefix=\"far\" data-icon=\"chart-bar\" role=\"img\" xmlns=\"http:\/\/www.w3.org\/2000\/svg\" viewBox=\"0 0 512 512\" class=\"svg-inline--fa fa-chart-bar fa-w-16 fa-2x\"><path fill=\"currentColor\" d=\"M396.8 352h22.4c6.4 0 12.8-6.4 12.8-12.8V108.8c0-6.4-6.4-12.8-12.8-12.8h-22.4c-6.4 0-12.8 6.4-12.8 12.8v230.4c0 6.4 6.4 12.8 12.8 12.8zm-192 0h22.4c6.4 0 12.8-6.4 12.8-12.8V140.8c0-6.4-6.4-12.8-12.8-12.8h-22.4c-6.4 0-12.8 6.4-12.8 12.8v198.4c0 6.4 6.4 12.8 12.8 12.8zm96 0h22.4c6.4 0 12.8-6.4 12.8-12.8V204.8c0-6.4-6.4-12.8-12.8-12.8h-22.4c-6.4 0-12.8 6.4-12.8 12.8v134.4c0 6.4 6.4 12.8 12.8 12.8zM496 400H48V80c0-8.84-7.16-16-16-16H16C7.16 64 0 71.16 0 80v336c0 17.67 14.33 32 32 32h464c8.84 0 16-7.16 16-16v-16c0-8.84-7.16-16-16-16zm-387.2-48h22.4c6.4 0 12.8-6.4 12.8-12.8v-70.4c0-6.4-6.4-12.8-12.8-12.8h-22.4c-6.4 0-12.8 6.4-12.8 12.8v70.4c0 6.4 6.4 12.8 12.8 12.8z\" class=\"\"><\/path><\/svg><\/i> <img loading=\"lazy\" decoding=\"async\" width=\"16\" height=\"16\" alt=\"Loading\" src=\"https:\/\/www.borbolycsaba.ro\/ro\/wp-content\/plugins\/page-views-count\/ajax-loader-2x.gif\" border=0 \/><\/p>\n<div class=\"pvc_clear\"><\/div>\n","protected":false},"author":2,"featured_media":0,"parent":0,"menu_order":0,"comment_status":"closed","ping_status":"closed","template":"","meta":{"footnotes":""},"a3_pvc":{"activated":true,"total_views":19,"today_views":0},"_links":{"self":[{"href":"https:\/\/www.borbolycsaba.ro\/ro\/wp-json\/wp\/v2\/pages\/7382"}],"collection":[{"href":"https:\/\/www.borbolycsaba.ro\/ro\/wp-json\/wp\/v2\/pages"}],"about":[{"href":"https:\/\/www.borbolycsaba.ro\/ro\/wp-json\/wp\/v2\/types\/page"}],"author":[{"embeddable":true,"href":"https:\/\/www.borbolycsaba.ro\/ro\/wp-json\/wp\/v2\/users\/2"}],"replies":[{"embeddable":true,"href":"https:\/\/www.borbolycsaba.ro\/ro\/wp-json\/wp\/v2\/comments?post=7382"}],"version-history":[{"count":6,"href":"https:\/\/www.borbolycsaba.ro\/ro\/wp-json\/wp\/v2\/pages\/7382\/revisions"}],"predecessor-version":[{"id":7398,"href":"https:\/\/www.borbolycsaba.ro\/ro\/wp-json\/wp\/v2\/pages\/7382\/revisions\/7398"}],"wp:attachment":[{"href":"https:\/\/www.borbolycsaba.ro\/ro\/wp-json\/wp\/v2\/media?parent=7382"}],"curies":[{"name":"wp","href":"https:\/\/api.w.org\/{rel}","templated":true}]}}