{"id":775,"date":"2013-12-10T09:03:45","date_gmt":"2013-12-10T07:03:45","guid":{"rendered":"http:\/\/www.borbolycsaba.ro\/ro\/?page_id=775"},"modified":"2013-12-10T09:03:45","modified_gmt":"2013-12-10T07:03:45","slug":"uniunea-nationala-a-consiliilor-judetean-din-romania","status":"publish","type":"page","link":"https:\/\/www.borbolycsaba.ro\/ro\/activitati\/uniunea-nationala-a-consiliilor-judetean-din-romania\/","title":{"rendered":"Uniunea Na\u021bional\u0103 a Consiliilor Jude\u021bean din Rom\u00e2nia"},"content":{"rendered":"<p style=\"text-align: justify;\"><i>Borboly Csaba ocup\u0103 func\u021bia de vicepre\u0219edinte al Uniunii Na\u021bionale a Consiliilor Jude\u021bene din Rom\u00e2nia din anul 2008. <\/i><\/p>\n<p style=\"text-align: justify;\"><b>Uniunea Na\u021bional\u0103 a Consiliilor Jude\u021bean din Rom\u00e2nia:<\/b> este o organiza\u021bie neguvernamental\u0103 care reune\u0219te Consiliile Jude\u021bene din Rom\u00e2nia, ca autorit\u0103\u021bi ale administra\u021biei publice locale. Scopul acestuia este cre\u0219terea autonomiei locale reale, accelerarea procesului de descentralizare, dezvoltarea dialogului social \u0219i a parteneriatului cu autorit\u0103\u0163ile administra\u0163iei publice centrale \u015fi cu celelalte structuri asociative ale organelor administra\u0163iei publice locale existente \u00een Rom\u00e2nia. De asemenea, scopul obiectivelor uniunii vizeaz\u0103 \u0219i cre\u0219terea gradului de implicare \u0219i participare a autorit\u0103\u021bilor administra\u021biei publice locale \u00een procesul decisional \u0219i reprezentarea acestora la nivel national; \u00eembun\u0103t\u0103\u0163irea calit\u0103\u0163ii serviciilor publice oferite cet\u0103\u0163enilor prin cre\u015fterea transparen\u0163ei \u015fi celerit\u0103\u0163ii \u00een prestarea acestora; respective dezvoltarea economico-social\u0103 armonioas\u0103, durabil\u0103 \u015fi sustenabil\u0103 a unit\u0103\u0163ilor administrativ teritoriale \u00een domeniile de competen\u0163\u0103.<\/p>\n<p style=\"text-align: justify;\"><b>Func\u021bionare:<\/b> Uniunea Na\u021bional\u0103 a Consiliilor Jude\u021bene din Rom\u00e2nia func\u021bioneaz\u0103 pe baza Statutului organiza\u021biei, respective \u00een conformitate cu Ordonan\u021ba nr. 26\/2000 cu privire la asocia\u021bii \u0219i funda\u021bii \u0219i a celorlalte acte normative din domeniu, \u00een vigoare.<\/p>\n<p style=\"text-align: justify;\"><b>Membrii: <\/b>Uniuniea Na\u021bional\u0103 a Consiliilor Jude\u021bene din Rom\u00e2nia este format din membrii fondatori \u0219i membrii aderen\u021bi. Calitatea de membru al UNCJR o pot avea numai Consiliile Jude\u021bene din Rom\u00e2nia, aderarea fiind posibil\u0103 pe baza unei solicit\u0103ri scrise a pre\u0219edintelui consiliului jude\u021bean interesat \u0219i calitatea de membru se dob\u00e2nde\u0219te de la data aprob\u0103rii hot\u0103r\u00e2rii Adun\u0103rii Generale al UNCJR.<\/p>\n<p style=\"text-align: justify;\"><b>Activitatea domnului Borboly Csaba: <\/b>Pre\u0219edintele Consiliului Jude\u021bean, domnul Borboly Csaba este unul dintre cei zece vicepre\u0219edin\u021bi al UNCJR, f\u0103c\u00e2nd astfel parte din Consiliul Director al organiza\u021biei. Acesta asigur\u0103 punerea \u00een executare a hot\u0103r\u00e2rilor Adun\u0103rii Generale. Activitatea domnul Borboly Csaba, prin participarea sa la activit\u0103\u021bile Uniunii Na\u021bionale a Consiliilor Jude\u021bene din Rom\u00e2nia, vizeaz\u0103 scopul bunei colabor\u0103ri \u0219i cooper\u0103ri eficiente cu consiliile jude\u021bene din Rom\u00e2nia, implicare activ\u0103 \u00een proiectele, temele \u0219i initiativele organiza\u021biei, respectiv asigurarea contribu\u021biei prin propuneri legislative \u0219i de amendamente initiate de UNCJR \u00een aten\u021bia autorit\u0103\u0163ilor administra\u0163iei publice central.<\/p>\n<p style=\"text-align: justify;\"><strong>Informa\u021bii utile:<\/strong><\/p>\n<p style=\"text-align: justify;\"><a href=\"http:\/\/uncjr.ro\/\">Uniunea Na\u021bional\u0103 a Consiliilor Jude\u021bene din Rom\u00e2nia<\/a><\/p>\n<div class=\"pvc_clear\"><\/div>\n<p id=\"pvc_stats_775\" class=\"pvc_stats all  \" data-element-id=\"775\" style=\"\"><i class=\"pvc-stats-icon medium\" aria-hidden=\"true\"><svg aria-hidden=\"true\" focusable=\"false\" data-prefix=\"far\" data-icon=\"chart-bar\" role=\"img\" xmlns=\"http:\/\/www.w3.org\/2000\/svg\" viewBox=\"0 0 512 512\" class=\"svg-inline--fa fa-chart-bar fa-w-16 fa-2x\"><path fill=\"currentColor\" d=\"M396.8 352h22.4c6.4 0 12.8-6.4 12.8-12.8V108.8c0-6.4-6.4-12.8-12.8-12.8h-22.4c-6.4 0-12.8 6.4-12.8 12.8v230.4c0 6.4 6.4 12.8 12.8 12.8zm-192 0h22.4c6.4 0 12.8-6.4 12.8-12.8V140.8c0-6.4-6.4-12.8-12.8-12.8h-22.4c-6.4 0-12.8 6.4-12.8 12.8v198.4c0 6.4 6.4 12.8 12.8 12.8zm96 0h22.4c6.4 0 12.8-6.4 12.8-12.8V204.8c0-6.4-6.4-12.8-12.8-12.8h-22.4c-6.4 0-12.8 6.4-12.8 12.8v134.4c0 6.4 6.4 12.8 12.8 12.8zM496 400H48V80c0-8.84-7.16-16-16-16H16C7.16 64 0 71.16 0 80v336c0 17.67 14.33 32 32 32h464c8.84 0 16-7.16 16-16v-16c0-8.84-7.16-16-16-16zm-387.2-48h22.4c6.4 0 12.8-6.4 12.8-12.8v-70.4c0-6.4-6.4-12.8-12.8-12.8h-22.4c-6.4 0-12.8 6.4-12.8 12.8v70.4c0 6.4 6.4 12.8 12.8 12.8z\" class=\"\"><\/path><\/svg><\/i> <img loading=\"lazy\" decoding=\"async\" width=\"16\" height=\"16\" alt=\"Loading\" src=\"https:\/\/www.borbolycsaba.ro\/ro\/wp-content\/plugins\/page-views-count\/ajax-loader-2x.gif\" border=0 \/><\/p>\n<div class=\"pvc_clear\"><\/div>\n<!-- AddThis Advanced Settings generic via filter on the_content -->","protected":false},"excerpt":{"rendered":"<p>Borboly Csaba ocup\u0103 func\u021bia de vicepre\u0219edinte al Uniunii Na\u021bionale a Consiliilor Jude\u021bene din Rom\u00e2nia din anul 2008. Uniunea Na\u021bional\u0103 a Consiliilor Jude\u021bean din Rom\u00e2nia: este o organiza\u021bie neguvernamental\u0103 care reune\u0219te Consiliile Jude\u021bene din Rom\u00e2nia, ca autorit\u0103\u021bi ale administra\u021biei publice locale. Scopul acestuia este cre\u0219terea autonomiei locale reale, accelerarea procesului de descentralizare, dezvoltarea dialogului social \u0219i [&hellip;]<!-- AddThis Advanced Settings generic via filter on wp_trim_excerpt --><\/p>\n<div class=\"pvc_clear\"><\/div>\n<p id=\"pvc_stats_775\" class=\"pvc_stats all  \" data-element-id=\"775\" style=\"\"><i class=\"pvc-stats-icon medium\" aria-hidden=\"true\"><svg aria-hidden=\"true\" focusable=\"false\" data-prefix=\"far\" data-icon=\"chart-bar\" role=\"img\" xmlns=\"http:\/\/www.w3.org\/2000\/svg\" viewBox=\"0 0 512 512\" class=\"svg-inline--fa fa-chart-bar fa-w-16 fa-2x\"><path fill=\"currentColor\" d=\"M396.8 352h22.4c6.4 0 12.8-6.4 12.8-12.8V108.8c0-6.4-6.4-12.8-12.8-12.8h-22.4c-6.4 0-12.8 6.4-12.8 12.8v230.4c0 6.4 6.4 12.8 12.8 12.8zm-192 0h22.4c6.4 0 12.8-6.4 12.8-12.8V140.8c0-6.4-6.4-12.8-12.8-12.8h-22.4c-6.4 0-12.8 6.4-12.8 12.8v198.4c0 6.4 6.4 12.8 12.8 12.8zm96 0h22.4c6.4 0 12.8-6.4 12.8-12.8V204.8c0-6.4-6.4-12.8-12.8-12.8h-22.4c-6.4 0-12.8 6.4-12.8 12.8v134.4c0 6.4 6.4 12.8 12.8 12.8zM496 400H48V80c0-8.84-7.16-16-16-16H16C7.16 64 0 71.16 0 80v336c0 17.67 14.33 32 32 32h464c8.84 0 16-7.16 16-16v-16c0-8.84-7.16-16-16-16zm-387.2-48h22.4c6.4 0 12.8-6.4 12.8-12.8v-70.4c0-6.4-6.4-12.8-12.8-12.8h-22.4c-6.4 0-12.8 6.4-12.8 12.8v70.4c0 6.4 6.4 12.8 12.8 12.8z\" class=\"\"><\/path><\/svg><\/i> <img loading=\"lazy\" decoding=\"async\" width=\"16\" height=\"16\" alt=\"Loading\" src=\"https:\/\/www.borbolycsaba.ro\/ro\/wp-content\/plugins\/page-views-count\/ajax-loader-2x.gif\" border=0 \/><\/p>\n<div class=\"pvc_clear\"><\/div>\n","protected":false},"author":5,"featured_media":0,"parent":21,"menu_order":0,"comment_status":"open","ping_status":"closed","template":"","meta":{"footnotes":""},"a3_pvc":{"activated":true,"total_views":4274,"today_views":0},"_links":{"self":[{"href":"https:\/\/www.borbolycsaba.ro\/ro\/wp-json\/wp\/v2\/pages\/775"}],"collection":[{"href":"https:\/\/www.borbolycsaba.ro\/ro\/wp-json\/wp\/v2\/pages"}],"about":[{"href":"https:\/\/www.borbolycsaba.ro\/ro\/wp-json\/wp\/v2\/types\/page"}],"author":[{"embeddable":true,"href":"https:\/\/www.borbolycsaba.ro\/ro\/wp-json\/wp\/v2\/users\/5"}],"replies":[{"embeddable":true,"href":"https:\/\/www.borbolycsaba.ro\/ro\/wp-json\/wp\/v2\/comments?post=775"}],"version-history":[{"count":1,"href":"https:\/\/www.borbolycsaba.ro\/ro\/wp-json\/wp\/v2\/pages\/775\/revisions"}],"predecessor-version":[{"id":776,"href":"https:\/\/www.borbolycsaba.ro\/ro\/wp-json\/wp\/v2\/pages\/775\/revisions\/776"}],"up":[{"embeddable":true,"href":"https:\/\/www.borbolycsaba.ro\/ro\/wp-json\/wp\/v2\/pages\/21"}],"wp:attachment":[{"href":"https:\/\/www.borbolycsaba.ro\/ro\/wp-json\/wp\/v2\/media?parent=775"}],"curies":[{"name":"wp","href":"https:\/\/api.w.org\/{rel}","templated":true}]}}